{"id":4467,"date":"2022-03-18T14:06:23","date_gmt":"2022-03-18T13:06:23","guid":{"rendered":"https:\/\/wegeblw.pl\/index.php\/produkt\/philips-sth3000-20\/"},"modified":"2026-04-08T21:30:36","modified_gmt":"2026-04-08T19:30:36","slug":"philips-sth3000-20","status":"publish","type":"product","link":"https:\/\/wegeblw.pl\/index.php\/produkt\/philips-sth3000-20\/","title":{"rendered":"PHILIPS STH3000\/20"},"content":{"rendered":"<p>Oprawy okularowe Rodenstock<\/p>\n<p>Okulary oprawki i szk\u0142a<\/p>\n<p>k\u0142odawska, olej rycynowy na brwi efekty, trzcinowy cukier, eliza m\u00f3rawska<\/p>\n<p>yyyyy<\/p>\n","protected":false},"excerpt":{"rendered":"<p>Oprawy okularowe Rodenstock Okulary oprawki i szk\u0142a k\u0142odawska, olej rycynowy na brwi efekty, trzcinowy cukier, eliza m\u00f3rawska yyyyy<\/p>\n","protected":false},"featured_media":4468,"comment_status":"closed","ping_status":"open","template":"","meta":[],"product_cat":[347],"product_tag":[673,656,857,833,702,868],"class_list":["post-4467","product","type-product","status-publish","has-post-thumbnail","hentry","product_cat-parownice-do-ubran","product_tag-bomba","product_tag-ekologiczne-mieso","product_tag-jablka-ekologiczne","product_tag-maka-orkiszowa","product_tag-przepis-na-sekacz","product_tag-siemie-lniane-jak-pic"],"_links":{"self":[{"href":"https:\/\/wegeblw.pl\/index.php\/wp-json\/wp\/v2\/product\/4467","targetHints":{"allow":["GET"]}}],"collection":[{"href":"https:\/\/wegeblw.pl\/index.php\/wp-json\/wp\/v2\/product"}],"about":[{"href":"https:\/\/wegeblw.pl\/index.php\/wp-json\/wp\/v2\/types\/product"}],"replies":[{"embeddable":true,"href":"https:\/\/wegeblw.pl\/index.php\/wp-json\/wp\/v2\/comments?post=4467"}],"wp:featuredmedia":[{"embeddable":true,"href":"https:\/\/wegeblw.pl\/index.php\/wp-json\/wp\/v2\/media\/4468"}],"wp:attachment":[{"href":"https:\/\/wegeblw.pl\/index.php\/wp-json\/wp\/v2\/media?parent=4467"}],"wp:term":[{"taxonomy":"product_cat","embeddable":true,"href":"https:\/\/wegeblw.pl\/index.php\/wp-json\/wp\/v2\/product_cat?post=4467"},{"taxonomy":"product_tag","embeddable":true,"href":"https:\/\/wegeblw.pl\/index.php\/wp-json\/wp\/v2\/product_tag?post=4467"}],"curies":[{"name":"wp","href":"https:\/\/api.w.org\/{rel}","templated":true}]}}