{"id":4489,"date":"2021-06-01T15:01:38","date_gmt":"2021-06-01T13:01:38","guid":{"rendered":"https:\/\/wegeblw.pl\/index.php\/produkt\/garden-of-life-minami-cardio-omega-3-fish-oil-serce-i-uklad-krwionosny-60-kapsulek-zelowych\/"},"modified":"2026-04-08T06:26:08","modified_gmt":"2026-04-08T04:26:08","slug":"garden-of-life-minami-cardio-omega-3-fish-oil-serce-i-uklad-krwionosny-60-kapsulek-zelowych","status":"publish","type":"product","link":"https:\/\/wegeblw.pl\/index.php\/produkt\/garden-of-life-minami-cardio-omega-3-fish-oil-serce-i-uklad-krwionosny-60-kapsulek-zelowych\/","title":{"rendered":"GARDEN OF LIFE Minami Cardio Omega-3 Fish Oil (Serce i uk\u0142ad krwiono\u015bny) 60 Kapsu\u0142ek \u017celowych"},"content":{"rendered":"<p>Lauren Ralph Lauren Okulary przeciws\u0142oneczne 0RL8201 602274 Br\u0105zowy<\/p>\n<p>Okulary przeciws\u0142oneczne damskie<\/p>\n<p>zbigniew nowak ksi\u0105\u017cki, bia\u0142y sezam, olej z czarnuszki t\u0142oczony na zimno, ocet z granatu, neura, chlorek magnezu zastosowanie<\/p>\n<p><a href=\"https:\/\/cudimiod.pl\/diety-cud-i-miod\/dieta-if\">https:\/\/cudimiod.pl\/diety-cud-i-miod\/dieta-if<\/a><\/p>\n","protected":false},"excerpt":{"rendered":"<p>Lauren Ralph Lauren Okulary przeciws\u0142oneczne 0RL8201 602274 Br\u0105zowy Okulary przeciws\u0142oneczne damskie zbigniew nowak ksi\u0105\u017cki, bia\u0142y sezam, olej z czarnuszki t\u0142oczony&hellip;<\/p>\n","protected":false},"featured_media":4490,"comment_status":"closed","ping_status":"open","template":"","meta":[],"product_cat":[81],"product_tag":[759,689,660],"class_list":["post-4489","product","type-product","status-publish","has-post-thumbnail","hentry","product_cat-uklad-krazenia-i-serce","product_tag-kurkuma","product_tag-maka-orkiszowa-wlasciwosci","product_tag-olej-ryzowy"],"_links":{"self":[{"href":"https:\/\/wegeblw.pl\/index.php\/wp-json\/wp\/v2\/product\/4489","targetHints":{"allow":["GET"]}}],"collection":[{"href":"https:\/\/wegeblw.pl\/index.php\/wp-json\/wp\/v2\/product"}],"about":[{"href":"https:\/\/wegeblw.pl\/index.php\/wp-json\/wp\/v2\/types\/product"}],"replies":[{"embeddable":true,"href":"https:\/\/wegeblw.pl\/index.php\/wp-json\/wp\/v2\/comments?post=4489"}],"wp:featuredmedia":[{"embeddable":true,"href":"https:\/\/wegeblw.pl\/index.php\/wp-json\/wp\/v2\/media\/4490"}],"wp:attachment":[{"href":"https:\/\/wegeblw.pl\/index.php\/wp-json\/wp\/v2\/media?parent=4489"}],"wp:term":[{"taxonomy":"product_cat","embeddable":true,"href":"https:\/\/wegeblw.pl\/index.php\/wp-json\/wp\/v2\/product_cat?post=4489"},{"taxonomy":"product_tag","embeddable":true,"href":"https:\/\/wegeblw.pl\/index.php\/wp-json\/wp\/v2\/product_tag?post=4489"}],"curies":[{"name":"wp","href":"https:\/\/api.w.org\/{rel}","templated":true}]}}