{"id":4575,"date":"2013-06-22T18:50:42","date_gmt":"2013-06-22T16:50:42","guid":{"rendered":"https:\/\/wegeblw.pl\/index.php\/produkt\/vigor-up-naturalna-energia-60-tabl\/"},"modified":"2026-04-09T03:50:11","modified_gmt":"2026-04-09T01:50:11","slug":"vigor-up-naturalna-energia-60-tabl","status":"publish","type":"product","link":"https:\/\/wegeblw.pl\/index.php\/produkt\/vigor-up-naturalna-energia-60-tabl\/","title":{"rendered":"Vigor UP! &#8211; naturalna energia, 60 tabl"},"content":{"rendered":"<p>Nazwa: BOIRON Cinnabaris 30 CHPosta\u0107: granulkiDawka: -Opakowanie: 4 gDzia\u0142anie: Homeopatyczny produkt leczniczy bez wskaza\u0144 leczniczych. Produkt leczniczy wydawany bez przepisu lekarza.Wskazania: Wskazania do stosowania lek\u00f3w homeopatycznych s\u0105 bardzo szerokie, udokumentowane na podstawie wieloletniego stosowania terapeutycznego w lecznictwie. Dlatego te\u017c do leku nie do\u0142\u0105cza si\u0119 ulotki informacyjnej i nie umieszcza si\u0119 na opakowaniu informacji dotycz\u0105cych sposobu dawkowania. W celu uzyskania informacji o wskazaniach i dawkowaniu nale\u017cy skonsultowa\u0107 si\u0119 z lekarzem lub farmaceut\u0105.Przeciwwskazania: Nadwra\u017cliwo\u015b\u0107 na kt\u00f3rykolwiek sk\u0142adnik leku.Dzia\u0142ania niepo\u017c\u0105dane: W przypadku wyst\u0105pienia objaw\u00f3w niepo\u017c\u0105danych w czasie stosowania produktu homeopatycznego nale\u017cy skonsultowa\u0107 si\u0119 z lekarzem.<\/p>\n<p>Homeopatia<\/p>\n<p>sklep ze zdrow\u0105 \u017cywno\u015bci\u0105 gda\u0144sk, pomidory potas, \u017celatyna w p\u0142atkach, erytrytol francuski, bia\u0142a morwa tabletki, suplement witaminowy, la selva, na co szkodzi olej kokosowy, curry kurczak, od\u017cywka do w\u0142os\u00f3w przet\u0142uszczaj\u0105cych si\u0119, pasta curry sk\u0142ad<\/p>\n<p><a href=\"https:\/\/holterdodomu.pl\/pl\/c\/Holter-Dla-Dzieci\/60\">holter dla dzieci<\/a><\/p>\n","protected":false},"excerpt":{"rendered":"<p>Nazwa: BOIRON Cinnabaris 30 CHPosta\u0107: granulkiDawka: -Opakowanie: 4 gDzia\u0142anie: Homeopatyczny produkt leczniczy bez wskaza\u0144 leczniczych. Produkt leczniczy wydawany bez przepisu&hellip;<\/p>\n","protected":false},"featured_media":4576,"comment_status":"closed","ping_status":"open","template":"","meta":[],"product_cat":[29],"product_tag":[751,730,775,691,702],"class_list":["post-4575","product","type-product","status-publish","has-post-thumbnail","hentry","product_cat-pozostale-suplementy","product_tag-24-organic","product_tag-jogody","product_tag-kwasna-smietana","product_tag-olej-ryzowy-wlasciwosci","product_tag-przepis-na-sekacz"],"_links":{"self":[{"href":"https:\/\/wegeblw.pl\/index.php\/wp-json\/wp\/v2\/product\/4575","targetHints":{"allow":["GET"]}}],"collection":[{"href":"https:\/\/wegeblw.pl\/index.php\/wp-json\/wp\/v2\/product"}],"about":[{"href":"https:\/\/wegeblw.pl\/index.php\/wp-json\/wp\/v2\/types\/product"}],"replies":[{"embeddable":true,"href":"https:\/\/wegeblw.pl\/index.php\/wp-json\/wp\/v2\/comments?post=4575"}],"wp:featuredmedia":[{"embeddable":true,"href":"https:\/\/wegeblw.pl\/index.php\/wp-json\/wp\/v2\/media\/4576"}],"wp:attachment":[{"href":"https:\/\/wegeblw.pl\/index.php\/wp-json\/wp\/v2\/media?parent=4575"}],"wp:term":[{"taxonomy":"product_cat","embeddable":true,"href":"https:\/\/wegeblw.pl\/index.php\/wp-json\/wp\/v2\/product_cat?post=4575"},{"taxonomy":"product_tag","embeddable":true,"href":"https:\/\/wegeblw.pl\/index.php\/wp-json\/wp\/v2\/product_tag?post=4575"}],"curies":[{"name":"wp","href":"https:\/\/api.w.org\/{rel}","templated":true}]}}