{"id":4589,"date":"2013-11-02T23:41:04","date_gmt":"2013-11-02T22:41:04","guid":{"rendered":"https:\/\/wegeblw.pl\/index.php\/produkt\/bioderma-atoderm-sos-spray-eliminujacy-swedzenie-skory-50ml\/"},"modified":"2026-04-09T04:10:48","modified_gmt":"2026-04-09T02:10:48","slug":"bioderma-atoderm-sos-spray-eliminujacy-swedzenie-skory-50ml","status":"publish","type":"product","link":"https:\/\/wegeblw.pl\/index.php\/produkt\/bioderma-atoderm-sos-spray-eliminujacy-swedzenie-skory-50ml\/","title":{"rendered":"BIODERMA Atoderm SOS spray eliminuj\u0105cy sw\u0119dzenie sk\u00f3ry 50ml"},"content":{"rendered":"<p>Mleka nast\u0119pne<\/p>\n<p>herbatniki z czekolad\u0105, sos jagodowy do klusek na parze, 6 miesi\u0119cy niemowl\u0119, olek kokosowy, olej arganowy nacomi, \u0107wik\u0142a z chrzanem, konfitura truskawkowa, glistnik ziele, olej kokosowy czy rzepakowy, witamina d3 w proszku, cynamon w kosmetyce, olej mct, nasiona chia z wod\u0105, swieze, polecanie produkt\u00f3w online, awokado jak jesc, skrzyp zio\u0142a, czy mozna jesc owoce na noc, zdrowe chleby, tarassaco, cukier erytrytol<\/p>\n<p><a href=\"https:\/\/www.pol-vending.pl\/automaty-samosprzedajace-do-zimnych-napojow.html?top=2\">maszyna do napoj\u00f3w pol-vending.pl\/automaty-samosprzedajace-do-zimnych-napojow.html?top=2<\/a><\/p>\n","protected":false},"excerpt":{"rendered":"<p>Mleka nast\u0119pne herbatniki z czekolad\u0105, sos jagodowy do klusek na parze, 6 miesi\u0119cy niemowl\u0119, olek kokosowy, olej arganowy nacomi, \u0107wik\u0142a&hellip;<\/p>\n","protected":false},"featured_media":4590,"comment_status":"closed","ping_status":"open","template":"","meta":[],"product_cat":[36],"product_tag":[635,632,783,755,804],"class_list":["post-4589","product","type-product","status-publish","has-post-thumbnail","hentry","product_cat-dermokosmetyki","product_tag-4-her","product_tag-komosa-ryzowa-jak-gotowac","product_tag-majonez-vita-pol","product_tag-olej-ryzowy-do-smazenia","product_tag-quinoa-jak-gotowac"],"_links":{"self":[{"href":"https:\/\/wegeblw.pl\/index.php\/wp-json\/wp\/v2\/product\/4589","targetHints":{"allow":["GET"]}}],"collection":[{"href":"https:\/\/wegeblw.pl\/index.php\/wp-json\/wp\/v2\/product"}],"about":[{"href":"https:\/\/wegeblw.pl\/index.php\/wp-json\/wp\/v2\/types\/product"}],"replies":[{"embeddable":true,"href":"https:\/\/wegeblw.pl\/index.php\/wp-json\/wp\/v2\/comments?post=4589"}],"wp:featuredmedia":[{"embeddable":true,"href":"https:\/\/wegeblw.pl\/index.php\/wp-json\/wp\/v2\/media\/4590"}],"wp:attachment":[{"href":"https:\/\/wegeblw.pl\/index.php\/wp-json\/wp\/v2\/media?parent=4589"}],"wp:term":[{"taxonomy":"product_cat","embeddable":true,"href":"https:\/\/wegeblw.pl\/index.php\/wp-json\/wp\/v2\/product_cat?post=4589"},{"taxonomy":"product_tag","embeddable":true,"href":"https:\/\/wegeblw.pl\/index.php\/wp-json\/wp\/v2\/product_tag?post=4589"}],"curies":[{"name":"wp","href":"https:\/\/api.w.org\/{rel}","templated":true}]}}