{"id":459,"date":"2018-09-24T11:27:10","date_gmt":"2018-09-24T09:27:10","guid":{"rendered":"https:\/\/wegeblw.pl\/index.php\/produkt\/nuxe-very-rose-odswiezajaca-mgielka-tonizujaca-do-twarzy-200ml\/"},"modified":"2026-04-08T18:15:09","modified_gmt":"2026-04-08T16:15:09","slug":"nuxe-very-rose-odswiezajaca-mgielka-tonizujaca-do-twarzy-200ml","status":"publish","type":"product","link":"https:\/\/wegeblw.pl\/index.php\/produkt\/nuxe-very-rose-odswiezajaca-mgielka-tonizujaca-do-twarzy-200ml\/","title":{"rendered":"NUXE Very ROSE Od\u015bwie\u017caj\u0105ca mgie\u0142ka tonizuj\u0105ca do twarzy 200ml"},"content":{"rendered":"<p>OstroVit Supreme Pure Glutamine 500 g Glutamina<\/p>\n<p>Aminokwasy i glutaminy<\/p>\n<p>czym zastapic mleko, b15 witamina, gotowanie ryzu brazowego, czekolada z pomara\u0144cz\u0105<\/p>\n<p>yyyyy<\/p>\n","protected":false},"excerpt":{"rendered":"<p>OstroVit Supreme Pure Glutamine 500 g Glutamina Aminokwasy i glutaminy czym zastapic mleko, b15 witamina, gotowanie ryzu brazowego, czekolada z&hellip;<\/p>\n","protected":false},"featured_media":460,"comment_status":"closed","ping_status":"open","template":"","meta":[],"product_cat":[36],"product_tag":[874,806,849,830,699],"class_list":["post-459","product","type-product","status-publish","has-post-thumbnail","hentry","product_cat-dermokosmetyki","product_tag-czym-mozna-zastapic-jogurt-naturalny","product_tag-mieso-ekologiczne","product_tag-mogli","product_tag-organic-24","product_tag-sok-z-cytryn"],"_links":{"self":[{"href":"https:\/\/wegeblw.pl\/index.php\/wp-json\/wp\/v2\/product\/459","targetHints":{"allow":["GET"]}}],"collection":[{"href":"https:\/\/wegeblw.pl\/index.php\/wp-json\/wp\/v2\/product"}],"about":[{"href":"https:\/\/wegeblw.pl\/index.php\/wp-json\/wp\/v2\/types\/product"}],"replies":[{"embeddable":true,"href":"https:\/\/wegeblw.pl\/index.php\/wp-json\/wp\/v2\/comments?post=459"}],"wp:featuredmedia":[{"embeddable":true,"href":"https:\/\/wegeblw.pl\/index.php\/wp-json\/wp\/v2\/media\/460"}],"wp:attachment":[{"href":"https:\/\/wegeblw.pl\/index.php\/wp-json\/wp\/v2\/media?parent=459"}],"wp:term":[{"taxonomy":"product_cat","embeddable":true,"href":"https:\/\/wegeblw.pl\/index.php\/wp-json\/wp\/v2\/product_cat?post=459"},{"taxonomy":"product_tag","embeddable":true,"href":"https:\/\/wegeblw.pl\/index.php\/wp-json\/wp\/v2\/product_tag?post=459"}],"curies":[{"name":"wp","href":"https:\/\/api.w.org\/{rel}","templated":true}]}}