{"id":4593,"date":"2016-07-21T11:43:16","date_gmt":"2016-07-21T09:43:16","guid":{"rendered":"https:\/\/wegeblw.pl\/index.php\/produkt\/dr-irena-eris-circalogy-odzywczo-wzmacniajaca-maska-na-noc-50ml\/"},"modified":"2026-04-07T02:56:49","modified_gmt":"2026-04-07T00:56:49","slug":"dr-irena-eris-circalogy-odzywczo-wzmacniajaca-maska-na-noc-50ml","status":"publish","type":"product","link":"https:\/\/wegeblw.pl\/index.php\/produkt\/dr-irena-eris-circalogy-odzywczo-wzmacniajaca-maska-na-noc-50ml\/","title":{"rendered":"Dr Irena Eris Circalogy Od\u017cywczo-Wzmacniaj\u0105ca Maska Na Noc 50Ml"},"content":{"rendered":"<p>Ma\u0142y i precyzyjny termometr elektroniczny z do\u017cywotni\u0105 gwarancj\u0105. Nowoczesny design i bardzo wysoka czytelno\u015b\u0107 wy\u015bwietlacza.Zalecany do pomiaru temperatury cia\u0142a pod pach\u0105, metod\u0105 oraln\u0105 i rektaln\u0105.Sk\u0142adCechy g\u0142\u00f3wne produktu:\u2022 Du\u017cy, bardzo czytelny ekran.\u2022 Czas trwania pomiaru: 1-2 min.\u2022 Sztywna ko\u0144c\u00f3wka (sonda).\u2022 Sygna\u0142 d\u017awi\u0119kowy ko\u0144ca pomiaru.\u2022 Zapis ostatniego pomiaru.\u2022 Wymienna bateria.\u2022 Efektywno\u015b\u0107 baterii: co najmniej tysi\u0105c pomiar\u00f3w.\u2022 Bezpieczne, przejrzyste etui.\u2022 Wysoka precyzja \u2013 walidacja kliniczna.\u2022 Do\u017cywotnia gwarancja<\/p>\n<p>Termometry<\/p>\n<p>probiotyk 100 ultimate, napoleonka przepis, przyk\u0142ad diety ketogenicznej, szynka wega\u0144ska, cytrynowiec ciasto, pesto czerwone, internetowy sklep ze zdrow\u0105 \u017cywno\u015bci\u0105, \u0142uska, kikkoman sos sojowy 1l, proszku, skyr laktoza, dro\u017cd\u017ce w proszku, kostka warzywna, tradycja, zupa kapu\u015bniak<\/p>\n<p>yyyyy<\/p>\n","protected":false},"excerpt":{"rendered":"<p>Ma\u0142y i precyzyjny termometr elektroniczny z do\u017cywotni\u0105 gwarancj\u0105. Nowoczesny design i bardzo wysoka czytelno\u015b\u0107 wy\u015bwietlacza.Zalecany do pomiaru temperatury cia\u0142a pod&hellip;<\/p>\n","protected":false},"featured_media":4594,"comment_status":"closed","ping_status":"open","template":"","meta":[],"product_cat":[38],"product_tag":[712,667,773,700,868,845],"class_list":["post-4593","product","type-product","status-publish","has-post-thumbnail","hentry","product_cat-maseczki","product_tag-dynia-pieczona","product_tag-makaron-sojowy-ig","product_tag-organic-sklep","product_tag-przepis-na-sekacza","product_tag-siemie-lniane-jak-pic","product_tag-syrop-klonowy"],"_links":{"self":[{"href":"https:\/\/wegeblw.pl\/index.php\/wp-json\/wp\/v2\/product\/4593","targetHints":{"allow":["GET"]}}],"collection":[{"href":"https:\/\/wegeblw.pl\/index.php\/wp-json\/wp\/v2\/product"}],"about":[{"href":"https:\/\/wegeblw.pl\/index.php\/wp-json\/wp\/v2\/types\/product"}],"replies":[{"embeddable":true,"href":"https:\/\/wegeblw.pl\/index.php\/wp-json\/wp\/v2\/comments?post=4593"}],"wp:featuredmedia":[{"embeddable":true,"href":"https:\/\/wegeblw.pl\/index.php\/wp-json\/wp\/v2\/media\/4594"}],"wp:attachment":[{"href":"https:\/\/wegeblw.pl\/index.php\/wp-json\/wp\/v2\/media?parent=4593"}],"wp:term":[{"taxonomy":"product_cat","embeddable":true,"href":"https:\/\/wegeblw.pl\/index.php\/wp-json\/wp\/v2\/product_cat?post=4593"},{"taxonomy":"product_tag","embeddable":true,"href":"https:\/\/wegeblw.pl\/index.php\/wp-json\/wp\/v2\/product_tag?post=4593"}],"curies":[{"name":"wp","href":"https:\/\/api.w.org\/{rel}","templated":true}]}}