{"id":4597,"date":"2012-10-15T10:57:05","date_gmt":"2012-10-15T08:57:05","guid":{"rendered":"https:\/\/wegeblw.pl\/index.php\/produkt\/dr-irena-eris-zestaw-platinum-men-balsam-po-goleniu-50ml-krem-do-twarzy-50ml-szampon-zageszczajacy-wlosy-125-ml\/"},"modified":"2026-04-07T01:20:38","modified_gmt":"2026-04-06T23:20:38","slug":"dr-irena-eris-zestaw-platinum-men-balsam-po-goleniu-50ml-krem-do-twarzy-50ml-szampon-zageszczajacy-wlosy-125-ml","status":"publish","type":"product","link":"https:\/\/wegeblw.pl\/index.php\/produkt\/dr-irena-eris-zestaw-platinum-men-balsam-po-goleniu-50ml-krem-do-twarzy-50ml-szampon-zageszczajacy-wlosy-125-ml\/","title":{"rendered":"Dr Irena Eris Zestaw Platinum Men Balsam po goleniu 50ml + Krem do twarzy 50ml + Szampon zag\u0119szczaj\u0105cy w\u0142osy 125 ml"},"content":{"rendered":"<p>Zestaw suplement\u00f3w dietyNewMe -60 kapsu\u0142ek, dzie\u0144 i noc, 30 dni stosowaniaSmartMe-250 ml, 50 dni stosowaniaBeautyMe- 120g, 30 dni stosowaniaCo wyr\u00f3\u017cnia zestaw My Perfect Hair?Zestaw suplement\u00f3w diety My Perfect Hair to kompozycja sk\u0142adnik\u00f3w mineralnych i witamin oraz ekstrakt\u00f3w ro\u015blinnych,Zestaw suplement\u00f3w diety My Perfect Hair zosta\u0142 stworzony z my\u015bl\u0105 o osobach pragn\u0105cych zadba\u0107 o w\u0142osy, sk\u00f3r\u0119 i paznokcie,Dostarcza kolagen rybi NatiCol\u00ae 4000, czyli kolagen typu I. Kolagen typu I jest r\u00f3wnie\u017c dominuj\u0105cym typem kolagenu w naszej sk\u00f3rze.Zawiera kwasy t\u0142uszczowe Omega 3-6-9 z oleju lnianego, wiesio\u0142ka, oleju konopnego i dzikiej r\u00f3\u017cy, kt\u00f3re s\u0105 niezwykle wa\u017cne w codziennej diecie.Sk\u0142adniki zestawu pomagaj\u0105 m.in.:w poprawie stanu sk\u00f3ry, w\u0142os\u00f3w i paznokci, wspomaga wzrost i wzmocnienie w\u0142os\u00f3w (skrzyp polny)w utrzymaniu prawid\u0142owej pigmentacji w\u0142os\u00f3w i sk\u00f3ry (mied\u017a)zachowa\u0107 zdrowe w\u0142osy (biotyna i cynk)w utrzymaniu prawid\u0142owego stanu b\u0142on \u015bluzowych, co pozytywnie wp\u0142ywa na sk\u00f3r\u0119 (witamina A, biotyna)w prawid\u0142owym funkcjonowaniu uk\u0142adu odporno\u015bciowego (biotyna, \u017celazo, witamina B6, witamina B12, witamina D)we wsparciu organizmu przed stresem oksydacyjnym (witamina E, cynk, mied\u017a, witamina C)Sk\u0142adniki:NewMe:Day: Kolagen rybi NatiCol\u00ae 4000, skrobia ry\u017cowa, substancja glazuruj\u0105ca: hydroksypropylometyloceluloza, witamina E (EVNol Max\u2122 \u2013 mieszanina tokotrienoli i tokoferoli), ekstrakt z owoc\u00f3w dzikiej r\u00f3\u017cy (Rosa canina L.) standaryzowany na 75% witaminy C DER 10:1, diglicynian cynku (cynk), fumaran \u017celaza (II) (\u017celazo), metylokobalamina (witamina B12), cholekalcyferol (witamina D), substancja przeciwzbrylaj\u0105ca: dwutlenek krzemu, octan retinylu (witamina A), pirydoksalo-5-fosforan (witamina B6).Night: Chlorowodorek L-cysteiny, L-metionina, D-pantotenian wapnia (kwas pantotenowy), substancja glazuruj\u0105ca: hydroksypropylometyloceluloza, ekstrakt z ziela skrzypu polnego (Equisetum arvense L.) standaryzowany na 32% krzemian\u00f3w DER 20:1, skrobia ry\u017cowa, substancja przeciwzbrylaj\u0105ca: dwutlenek krzemu, diglicynian miedzi (mied\u017a), L-metylofolian wapnia (kwas foliowy), D-biotyna (biotyna).SmartMe: Estry etylowe wy\u017cszych kwas\u00f3w t\u0142uszczowych o wysokiej zawarto\u015bci niezb\u0119dnych nienasyconych kwas\u00f3w t\u0142uszczowych omega-3, -6, -9, aromaty (pomara\u0144czowy, bananowy), witamina E (EVNol SupraBio\u2122 \u2013 mieszanina tokotrienoli i tokoferoli), palmitynian retinylu (witamina A), cholekalcyferol (witamina D).BeautyMe: Kolagen rybi NatiCol\u00ae 4000, aromat naturalny cytrynowy, ekstrakt z owoc\u00f3w dzikiej r\u00f3\u017cy (Rosa canina L.) standaryzowany na 75% witaminy C DER 10:1, substancja przeciwzbrylaj\u0105ca: dwutlenek krzemu.<\/p>\n<p>Nutrikosmetyki<\/p>\n<p>p\u0142atki kukurydziane bez glutenu, sk\u0105d pochodzi dynia, og\u00f3rki kimchi, ile kosztuje olej z czarnuszki, witamina ew kapsu\u0142kach cena, prazynki na oleju, olejek z awokado, quinoa kcal, wloskie, enzymy przewodu pokarmowego, ile kalorii maja migdaly, ekologiczny sklep internetowy, greckie maski, sposoby na wyciszenie, maseczka z miodu i m\u0105ki na paso\u017cyty<\/p>\n<p><a href=\"https:\/\/www.polroll.pl\/rolety\">rolety pozna\u0144<\/a><\/p>\n","protected":false},"excerpt":{"rendered":"<p>Zestaw suplement\u00f3w dietyNewMe -60 kapsu\u0142ek, dzie\u0144 i noc, 30 dni stosowaniaSmartMe-250 ml, 50 dni stosowaniaBeautyMe- 120g, 30 dni stosowaniaCo wyr\u00f3\u017cnia&hellip;<\/p>\n","protected":false},"featured_media":4598,"comment_status":"closed","ping_status":"open","template":"","meta":[],"product_cat":[357],"product_tag":[778,667,640,706],"class_list":["post-4597","product","type-product","status-publish","has-post-thumbnail","hentry","product_cat-zestawy-dla-mezczyzn","product_tag-burak","product_tag-makaron-sojowy-ig","product_tag-siemie-lniane-na-surowo","product_tag-soki-wielowarzywne"],"_links":{"self":[{"href":"https:\/\/wegeblw.pl\/index.php\/wp-json\/wp\/v2\/product\/4597","targetHints":{"allow":["GET"]}}],"collection":[{"href":"https:\/\/wegeblw.pl\/index.php\/wp-json\/wp\/v2\/product"}],"about":[{"href":"https:\/\/wegeblw.pl\/index.php\/wp-json\/wp\/v2\/types\/product"}],"replies":[{"embeddable":true,"href":"https:\/\/wegeblw.pl\/index.php\/wp-json\/wp\/v2\/comments?post=4597"}],"wp:featuredmedia":[{"embeddable":true,"href":"https:\/\/wegeblw.pl\/index.php\/wp-json\/wp\/v2\/media\/4598"}],"wp:attachment":[{"href":"https:\/\/wegeblw.pl\/index.php\/wp-json\/wp\/v2\/media?parent=4597"}],"wp:term":[{"taxonomy":"product_cat","embeddable":true,"href":"https:\/\/wegeblw.pl\/index.php\/wp-json\/wp\/v2\/product_cat?post=4597"},{"taxonomy":"product_tag","embeddable":true,"href":"https:\/\/wegeblw.pl\/index.php\/wp-json\/wp\/v2\/product_tag?post=4597"}],"curies":[{"name":"wp","href":"https:\/\/api.w.org\/{rel}","templated":true}]}}