{"id":4603,"date":"2018-08-07T07:35:08","date_gmt":"2018-08-07T05:35:08","guid":{"rendered":"https:\/\/wegeblw.pl\/index.php\/produkt\/alphanova-kids-biomydlo-do-rak-w-plynie-dla-dzieci-strawberry-250ml\/"},"modified":"2026-04-09T01:08:55","modified_gmt":"2026-04-08T23:08:55","slug":"alphanova-kids-biomydlo-do-rak-w-plynie-dla-dzieci-strawberry-250ml","status":"publish","type":"product","link":"https:\/\/wegeblw.pl\/index.php\/produkt\/alphanova-kids-biomydlo-do-rak-w-plynie-dla-dzieci-strawberry-250ml\/","title":{"rendered":"Alphanova Kids Biomyd\u0142o Do R\u0105k W P\u0142ynie Dla Dzieci Strawberry 250Ml"},"content":{"rendered":"<p>&#8211; Prosty fason.- Zapi\u0119cie na suwak.- Mi\u0119kko wy\u015bcie\u0142any model.- R\u0119kawy wyko\u0144czone \u015bci\u0105gaczem.- Dolna kraw\u0119d\u017a wyko\u0144czona \u015bci\u0105gaczem.- Model z kapturem.- G\u0142adka dzianina.- Szeroko\u015b\u0107 pod pachami: 36 cm.- D\u0142ugo\u015b\u0107 r\u0119kawa: 40 cm.- D\u0142ugo\u015b\u0107: 41 cm.- Wymiary podane dla wzrostu: 110 cm.<\/p>\n<p>Bluzy i swetry dzieci\u0119ce<\/p>\n<p>migda\u0142y ca\u0142e, b\u0142onnik jak stosowa\u0107, matuli, \u015bliwki suszone cena, zielone szparagi czy obiera\u0107, \u0142uski babki p\u0142esznik, rodzaje skrobi, najlepszy energetyk, mus kokosowy do czego, ostrza\u0142ka do no\u017cy any sharp, syrop z imbiru pasteryzowany, vermis junior, ashwaghanda, only eco p\u0142yn do prania, ile kalorii maj\u0105 wi\u015bnie, daktyle 1 kg, rokitnika, mus wisniowy, dro\u017cd\u017ce w tabletkach skutki uboczne<\/p>\n<p>yyyyy<\/p>\n","protected":false},"excerpt":{"rendered":"<p>&#8211; Prosty fason.- Zapi\u0119cie na suwak.- Mi\u0119kko wy\u015bcie\u0142any model.- R\u0119kawy wyko\u0144czone \u015bci\u0105gaczem.- Dolna kraw\u0119d\u017a wyko\u0144czona \u015bci\u0105gaczem.- Model z kapturem.- G\u0142adka&hellip;<\/p>\n","protected":false},"featured_media":4604,"comment_status":"closed","ping_status":"open","template":"","meta":[],"product_cat":[123],"product_tag":[688,632,829,701],"class_list":["post-4603","product","type-product","status-publish","has-post-thumbnail","hentry","product_cat-kosmetyki-dla-dzieci-i-niemowlat","product_tag-farma-roztocza","product_tag-komosa-ryzowa-jak-gotowac","product_tag-marchew-ekologiczna","product_tag-produkty-klasztorne"],"_links":{"self":[{"href":"https:\/\/wegeblw.pl\/index.php\/wp-json\/wp\/v2\/product\/4603","targetHints":{"allow":["GET"]}}],"collection":[{"href":"https:\/\/wegeblw.pl\/index.php\/wp-json\/wp\/v2\/product"}],"about":[{"href":"https:\/\/wegeblw.pl\/index.php\/wp-json\/wp\/v2\/types\/product"}],"replies":[{"embeddable":true,"href":"https:\/\/wegeblw.pl\/index.php\/wp-json\/wp\/v2\/comments?post=4603"}],"wp:featuredmedia":[{"embeddable":true,"href":"https:\/\/wegeblw.pl\/index.php\/wp-json\/wp\/v2\/media\/4604"}],"wp:attachment":[{"href":"https:\/\/wegeblw.pl\/index.php\/wp-json\/wp\/v2\/media?parent=4603"}],"wp:term":[{"taxonomy":"product_cat","embeddable":true,"href":"https:\/\/wegeblw.pl\/index.php\/wp-json\/wp\/v2\/product_cat?post=4603"},{"taxonomy":"product_tag","embeddable":true,"href":"https:\/\/wegeblw.pl\/index.php\/wp-json\/wp\/v2\/product_tag?post=4603"}],"curies":[{"name":"wp","href":"https:\/\/api.w.org\/{rel}","templated":true}]}}