{"id":4605,"date":"2023-09-01T22:20:27","date_gmt":"2023-09-01T20:20:27","guid":{"rendered":"https:\/\/wegeblw.pl\/?post_type=product&#038;p=4605"},"modified":"2026-04-08T02:54:56","modified_gmt":"2026-04-08T00:54:56","slug":"nobilis-tilia-kids-care-vilik-olej-ochronny-dla-dzieci-w-okresie-przeziebienia-20ml","status":"publish","type":"product","link":"https:\/\/wegeblw.pl\/index.php\/produkt\/nobilis-tilia-kids-care-vilik-olej-ochronny-dla-dzieci-w-okresie-przeziebienia-20ml\/","title":{"rendered":"Nobilis Tilia Kids&#8217; Care Vil\u00edk Olej Ochronny Dla Dzieci W Okresie Przezi\u0119bienia 20Ml"},"content":{"rendered":"<p>Okulary S\u0142oneczne Burberry<\/p>\n<p>Okulary przeciws\u0142oneczne damskie<\/p>\n<p>tapoka, czosnek nied\u017awiedzi kiedy ro\u015bnie, placki dla cukrzyk\u00f3w, fasola mung cena, platki musli, kaczka polska, hunan, imbir na kaszel<\/p>\n<p>yyyyy<\/p>\n","protected":false},"excerpt":{"rendered":"<p>Okulary S\u0142oneczne Burberry Okulary przeciws\u0142oneczne damskie tapoka, czosnek nied\u017awiedzi kiedy ro\u015bnie, placki dla cukrzyk\u00f3w, fasola mung cena, platki musli, kaczka&hellip;<\/p>\n","protected":false},"featured_media":4606,"comment_status":"closed","ping_status":"open","template":"","meta":[],"product_cat":[123],"product_tag":[751,655,747,833,776],"class_list":["post-4605","product","type-product","status-publish","has-post-thumbnail","hentry","product_cat-kosmetyki-dla-dzieci-i-niemowlat","product_tag-24-organic","product_tag-eko-warzywa","product_tag-guma-guar-co-to","product_tag-maka-orkiszowa","product_tag-zamiennik-miesa"],"_links":{"self":[{"href":"https:\/\/wegeblw.pl\/index.php\/wp-json\/wp\/v2\/product\/4605","targetHints":{"allow":["GET"]}}],"collection":[{"href":"https:\/\/wegeblw.pl\/index.php\/wp-json\/wp\/v2\/product"}],"about":[{"href":"https:\/\/wegeblw.pl\/index.php\/wp-json\/wp\/v2\/types\/product"}],"replies":[{"embeddable":true,"href":"https:\/\/wegeblw.pl\/index.php\/wp-json\/wp\/v2\/comments?post=4605"}],"wp:featuredmedia":[{"embeddable":true,"href":"https:\/\/wegeblw.pl\/index.php\/wp-json\/wp\/v2\/media\/4606"}],"wp:attachment":[{"href":"https:\/\/wegeblw.pl\/index.php\/wp-json\/wp\/v2\/media?parent=4605"}],"wp:term":[{"taxonomy":"product_cat","embeddable":true,"href":"https:\/\/wegeblw.pl\/index.php\/wp-json\/wp\/v2\/product_cat?post=4605"},{"taxonomy":"product_tag","embeddable":true,"href":"https:\/\/wegeblw.pl\/index.php\/wp-json\/wp\/v2\/product_tag?post=4605"}],"curies":[{"name":"wp","href":"https:\/\/api.w.org\/{rel}","templated":true}]}}