{"id":4613,"date":"2019-03-02T02:00:29","date_gmt":"2019-03-02T01:00:29","guid":{"rendered":"https:\/\/wegeblw.pl\/index.php\/produkt\/alphanova-bebe-zestaw-organicznemleczko-z-oliwka-do-mycia-dla-niemowlat-500ml-nawilzajacy-krem-na-bazie-oliwy-twarzy-i-ciala-dzieci-75-m\/"},"modified":"2026-04-07T11:38:02","modified_gmt":"2026-04-07T09:38:02","slug":"alphanova-bebe-zestaw-organicznemleczko-z-oliwka-do-mycia-dla-niemowlat-500ml-nawilzajacy-krem-na-bazie-oliwy-twarzy-i-ciala-dzieci-75-m","status":"publish","type":"product","link":"https:\/\/wegeblw.pl\/index.php\/produkt\/alphanova-bebe-zestaw-organicznemleczko-z-oliwka-do-mycia-dla-niemowlat-500ml-nawilzajacy-krem-na-bazie-oliwy-twarzy-i-ciala-dzieci-75-m\/","title":{"rendered":"Alphanova Bebe Zestaw Organicznemleczko Z Oliwk\u0105 Do Mycia Dla Niemowl\u0105t 500Ml + Nawil\u017caj\u0105cy Krem Na Bazie Oliwy Twarzy I Cia\u0142a Dzieci 75 M"},"content":{"rendered":"<p>Emolium A-topic Tr\u00f3jaktywna Emulsja do cia\u0142a 200ml<\/p>\n<p>Pozosta\u0142e kosmetyki do piel\u0119gnacji cia\u0142a<\/p>\n<p>ma\u0142y makaron, rzodkiew japonska, suplement maca, zdrowe cukierki, witamina cw proszku do twarzy, dynia olbrzymia nasiona, cukier waniliowy, wisiolek, yope p\u0142yn do \u0142azienki<\/p>\n<p>yyyyy<\/p>\n","protected":false},"excerpt":{"rendered":"<p>Emolium A-topic Tr\u00f3jaktywna Emulsja do cia\u0142a 200ml Pozosta\u0142e kosmetyki do piel\u0119gnacji cia\u0142a ma\u0142y makaron, rzodkiew japonska, suplement maca, zdrowe cukierki,&hellip;<\/p>\n","protected":false},"featured_media":4614,"comment_status":"closed","ping_status":"open","template":"","meta":[],"product_cat":[123],"product_tag":[778,624,628,870],"class_list":["post-4613","product","type-product","status-publish","has-post-thumbnail","hentry","product_cat-kosmetyki-dla-dzieci-i-niemowlat","product_tag-burak","product_tag-kombucha-sklep","product_tag-mieso-roslinne","product_tag-oliwa-z-oliwek"],"_links":{"self":[{"href":"https:\/\/wegeblw.pl\/index.php\/wp-json\/wp\/v2\/product\/4613","targetHints":{"allow":["GET"]}}],"collection":[{"href":"https:\/\/wegeblw.pl\/index.php\/wp-json\/wp\/v2\/product"}],"about":[{"href":"https:\/\/wegeblw.pl\/index.php\/wp-json\/wp\/v2\/types\/product"}],"replies":[{"embeddable":true,"href":"https:\/\/wegeblw.pl\/index.php\/wp-json\/wp\/v2\/comments?post=4613"}],"wp:featuredmedia":[{"embeddable":true,"href":"https:\/\/wegeblw.pl\/index.php\/wp-json\/wp\/v2\/media\/4614"}],"wp:attachment":[{"href":"https:\/\/wegeblw.pl\/index.php\/wp-json\/wp\/v2\/media?parent=4613"}],"wp:term":[{"taxonomy":"product_cat","embeddable":true,"href":"https:\/\/wegeblw.pl\/index.php\/wp-json\/wp\/v2\/product_cat?post=4613"},{"taxonomy":"product_tag","embeddable":true,"href":"https:\/\/wegeblw.pl\/index.php\/wp-json\/wp\/v2\/product_tag?post=4613"}],"curies":[{"name":"wp","href":"https:\/\/api.w.org\/{rel}","templated":true}]}}