{"id":4629,"date":"2020-11-20T23:11:26","date_gmt":"2020-11-20T22:11:26","guid":{"rendered":"https:\/\/wegeblw.pl\/index.php\/produkt\/bioderma-photoderm-m-spf-50-jasny-40ml\/"},"modified":"2026-04-10T05:04:12","modified_gmt":"2026-04-10T03:04:12","slug":"bioderma-photoderm-m-spf-50-jasny-40ml","status":"publish","type":"product","link":"https:\/\/wegeblw.pl\/index.php\/produkt\/bioderma-photoderm-m-spf-50-jasny-40ml\/","title":{"rendered":"BIODERMA Photoderm M SPF 50+ jasny, 40ml"},"content":{"rendered":"<p>Wymienny ustnik do pikflometru PF 100.Producent: Microlife<\/p>\n<p>Inhalatory i akcesoria<\/p>\n<p>m\u0105ka pszenna typ 750, mi\u0119\u015bnie mi\u0119dzy\u017cebrowe wewn\u0119trzne, dom pod brzoz\u0105 blog, magnezu siarczan<\/p>\n<p>yyyyy<\/p>\n","protected":false},"excerpt":{"rendered":"<p>Wymienny ustnik do pikflometru PF 100.Producent: Microlife Inhalatory i akcesoria m\u0105ka pszenna typ 750, mi\u0119\u015bnie mi\u0119dzy\u017cebrowe wewn\u0119trzne, dom pod brzoz\u0105&hellip;<\/p>\n","protected":false},"featured_media":4630,"comment_status":"closed","ping_status":"open","template":"","meta":[],"product_cat":[122],"product_tag":[658,852,629,628,743],"class_list":["post-4629","product","type-product","status-publish","has-post-thumbnail","hentry","product_cat-pozostale-kosmetyki-i-akcesoria-pielegnacyjne","product_tag-beyond-meat-polska","product_tag-fenkul","product_tag-maka-z-ciecierzycy","product_tag-mieso-roslinne","product_tag-siemie-lniane"],"_links":{"self":[{"href":"https:\/\/wegeblw.pl\/index.php\/wp-json\/wp\/v2\/product\/4629","targetHints":{"allow":["GET"]}}],"collection":[{"href":"https:\/\/wegeblw.pl\/index.php\/wp-json\/wp\/v2\/product"}],"about":[{"href":"https:\/\/wegeblw.pl\/index.php\/wp-json\/wp\/v2\/types\/product"}],"replies":[{"embeddable":true,"href":"https:\/\/wegeblw.pl\/index.php\/wp-json\/wp\/v2\/comments?post=4629"}],"wp:featuredmedia":[{"embeddable":true,"href":"https:\/\/wegeblw.pl\/index.php\/wp-json\/wp\/v2\/media\/4630"}],"wp:attachment":[{"href":"https:\/\/wegeblw.pl\/index.php\/wp-json\/wp\/v2\/media?parent=4629"}],"wp:term":[{"taxonomy":"product_cat","embeddable":true,"href":"https:\/\/wegeblw.pl\/index.php\/wp-json\/wp\/v2\/product_cat?post=4629"},{"taxonomy":"product_tag","embeddable":true,"href":"https:\/\/wegeblw.pl\/index.php\/wp-json\/wp\/v2\/product_tag?post=4629"}],"curies":[{"name":"wp","href":"https:\/\/api.w.org\/{rel}","templated":true}]}}