{"id":4645,"date":"2019-02-05T08:55:24","date_gmt":"2019-02-05T07:55:24","guid":{"rendered":"https:\/\/wegeblw.pl\/index.php\/produkt\/lirene-mydlo-antybakteryjne-slodka-malinaaloes-250ml\/"},"modified":"2026-04-08T19:32:51","modified_gmt":"2026-04-08T17:32:51","slug":"lirene-mydlo-antybakteryjne-slodka-malinaaloes-250ml","status":"publish","type":"product","link":"https:\/\/wegeblw.pl\/index.php\/produkt\/lirene-mydlo-antybakteryjne-slodka-malinaaloes-250ml\/","title":{"rendered":"Lirene Myd\u0142o Antybakteryjne S\u0142odka Malina&amp;Aloes 250Ml"},"content":{"rendered":"<p>Emolium A-topic Tr\u00f3jaktywna Emulsja do cia\u0142a 200ml<\/p>\n<p>Pozosta\u0142e kosmetyki do piel\u0119gnacji cia\u0142a<\/p>\n<p>ma\u0142y makaron, rzodkiew japonska, suplement maca, zdrowe cukierki, witamina cw proszku do twarzy, dynia olbrzymia nasiona, cukier waniliowy, wisiolek, yope p\u0142yn do \u0142azienki<\/p>\n<p>yyyyy<\/p>\n","protected":false},"excerpt":{"rendered":"<p>Emolium A-topic Tr\u00f3jaktywna Emulsja do cia\u0142a 200ml Pozosta\u0142e kosmetyki do piel\u0119gnacji cia\u0142a ma\u0142y makaron, rzodkiew japonska, suplement maca, zdrowe cukierki,&hellip;<\/p>\n","protected":false},"featured_media":4646,"comment_status":"closed","ping_status":"open","template":"","meta":[],"product_cat":[330],"product_tag":[788,670,783,777,665],"class_list":["post-4645","product","type-product","status-publish","has-post-thumbnail","hentry","product_cat-mydla","product_tag-beyond-meat-burger","product_tag-czeslaw-lang-choroba","product_tag-majonez-vita-pol","product_tag-mieso-wege","product_tag-weganskie-mieso"],"_links":{"self":[{"href":"https:\/\/wegeblw.pl\/index.php\/wp-json\/wp\/v2\/product\/4645","targetHints":{"allow":["GET"]}}],"collection":[{"href":"https:\/\/wegeblw.pl\/index.php\/wp-json\/wp\/v2\/product"}],"about":[{"href":"https:\/\/wegeblw.pl\/index.php\/wp-json\/wp\/v2\/types\/product"}],"replies":[{"embeddable":true,"href":"https:\/\/wegeblw.pl\/index.php\/wp-json\/wp\/v2\/comments?post=4645"}],"wp:featuredmedia":[{"embeddable":true,"href":"https:\/\/wegeblw.pl\/index.php\/wp-json\/wp\/v2\/media\/4646"}],"wp:attachment":[{"href":"https:\/\/wegeblw.pl\/index.php\/wp-json\/wp\/v2\/media?parent=4645"}],"wp:term":[{"taxonomy":"product_cat","embeddable":true,"href":"https:\/\/wegeblw.pl\/index.php\/wp-json\/wp\/v2\/product_cat?post=4645"},{"taxonomy":"product_tag","embeddable":true,"href":"https:\/\/wegeblw.pl\/index.php\/wp-json\/wp\/v2\/product_tag?post=4645"}],"curies":[{"name":"wp","href":"https:\/\/api.w.org\/{rel}","templated":true}]}}