{"id":4689,"date":"2014-02-09T12:47:36","date_gmt":"2014-02-09T11:47:36","guid":{"rendered":"https:\/\/wegeblw.pl\/index.php\/produkt\/progressive-earl-grey-cejlonska-malinka-pakowanie-ozdobne-zlota-torebka-40g\/"},"modified":"2026-04-07T08:16:40","modified_gmt":"2026-04-07T06:16:40","slug":"progressive-earl-grey-cejlonska-malinka-pakowanie-ozdobne-zlota-torebka-40g","status":"publish","type":"product","link":"https:\/\/wegeblw.pl\/index.php\/produkt\/progressive-earl-grey-cejlonska-malinka-pakowanie-ozdobne-zlota-torebka-40g\/","title":{"rendered":"Progressive Earl Grey &#8222;Cejlo\u0144ska malinka&#8221; (Pakowanie ozdobne, Z\u0142ota torebka 40g)"},"content":{"rendered":"<p>Susz konopny CBD pochodzi ze szwajcarskich upraw outdoor Cannabis Sativa L. Jest to konopia w\u0142\u00f3knista, kt\u00f3ra posiada poni\u017cej 0.2% THC, co sprawia, \u017ce produkt jest legalny na terenie Unii Europejskiej. Uprawiana by\u0142a organicznymi metodami. Wszystkie nasze szwajcarskie odmiany posiadaj\u0105 oko\u0142o 4-6% st\u0119\u017cenia fitokanabinoid\u00f3w. S\u0105 to naturalne st\u0119\u017cenia CBD bez sztucznego zawy\u017cania izolatami.Ta odmiana konopi po zbiorach zosta\u0142a precyzyjnie wytrymowana i wysuszona, co sprawia, \u017ce w opakowaniu znajduj\u0105 si\u0119 tylko szczyty kwiatowe bez li\u015bci i nasion. Dzi\u0119ki temu susz \u015bwietnie sprawdza si\u0119 do waporyzacji.Susz zosta\u0142 przebadany zar\u00f3wno przez laboratorium w Polsce jak i w Szwajcarii. Na ka\u017cdym opakowaniu znajduje si\u0119 kod QR, kt\u00f3ry po zeskanowaniu pokazuje aktualne analizy chemiczne do konkretnej partii. Pozwala to spokojnie podr\u00f3\u017cowa\u0107 z suszem bez wydrukowanych bada\u0144. Szklane s\u0142oiczki s\u0105 zaplombowane i sprawdzane przed wysy\u0142k\u0105. Warto r\u00f3wnie\u017c doda\u0107, \u017ce nasze odmiany przesz\u0142y pozytywnie weryfikacj\u0119 przez warszawsk\u0105 policj\u0119. Priorytetem dla nas jest wysoka jako\u015b\u0107 oraz legalno\u015b\u0107 produkt\u00f3w.CBD jest jednym z ponad 100 kanabinoid\u00f3w, czyli naturalnych zwi\u0105zk\u00f3w wyst\u0119puj\u0105cych w konopiach \u2013 ro\u015blinie marihuany. Obok THC, jest to g\u0142\u00f3wny czynny zwi\u0105zek wyst\u0119puj\u0105cy w konopiach indyjskich, poniewa\u017c wyst\u0119puj\u0105 w najwy\u017cszych st\u0119\u017ceniach \u2013 w\u0142a\u015bnie dlatego s\u0105 najbardziej rozpoznawalne i najlepiej zbadane. CBD to legalna i najwa\u017cniejsza substancja aktywna medycznej marihuany oraz konopi, o bardzo szerokim spektrum dzia\u0142ania. Spo\u015br\u00f3d kilkuset substancji wykrytych w konopiach, CBD posiada najsilniejsze w\u0142a\u015bciwo\u015bci zdrowotne oraz nie ma w\u0142a\u015bciwo\u015bci psychoaktywnych, zatem mo\u017ce by\u0107 stosowane jako wszechstronny \u015brodek terapeutyczny bez obaw o zmiany \u015bwiadomo\u015bci.Kannabidiol (CBD) w przeciwie\u0144stwie do THC nie powoduje skutk\u00f3w ubocznych, nie odurza i nie uzale\u017cnia. CBD to ca\u0142kowicie bezpieczny sk\u0142adnik konopi, kt\u00f3ry na\u015bladuje dzia\u0142anie substancji naturalnie wyst\u0119puj\u0105cych w ludzkim organizmie. Substancje o podobnym dzia\u0142aniu i strukturze chemicznej mo\u017cna znale\u017a\u0107 w organizmie ka\u017cdego cz\u0142owieka, a nawet w mleku matki. Kannabidiol jest doskonale tolerowany przez ludzki organizm, a jego przedawkowanie jest niemo\u017cliwe.W\u0142a\u015bciwo\u015bci terapeutyczne CBDNeuroaktywne i neuroprotekcyjne \u2013 zwalcza zaburzenia psychiczne, w tym depresj\u0119 i stany l\u0119kowe, regeneruje kom\u00f3rki nerwowe w organizmie, stymuluje uk\u0142ad nerwowy, zmniejsza napady epilepsji, dzia\u0142a rozlu\u017aniaj\u0105co i przeciwspastycznie, redukuje napady i skurcze, \u0142agodzi objawy stwardnienia rozsianego.Przeciwnowotworowe \u2013 atakuje i niszczy kom\u00f3rki nowotworowe, hamuje namna\u017canie si\u0119 kom\u00f3rek raka, prowadzi do apoptozy, czyli samob\u00f3jstwa kom\u00f3rek nowotworowych.Przeciwutleniaj\u0105ce \u2013 redukuje stres oksydacyjny, spowalnia i zapobiega starzeniu si\u0119 kom\u00f3rek i tkanek, wspiera naturalne mechanizmy obronne organizmu, chroni przed wolnymi rodnikami.Przeciwzapalne \u2013 hamuje proces zapalny, zwalcza stany zapalne, zapobiega powstawaniu zapalenia, dzia\u0142a ochronnie na w\u0105trob\u0119.Przeciwb\u00f3lowe \u2013 u\u015bmierza b\u00f3l, \u0142agodzi i likwiduje b\u00f3le w ca\u0142ym organizmie stosowany zar\u00f3wno wewn\u0119trznie jak i zewn\u0119trznie.Przeciwpsychotyczne \u2013 otrze\u017awia i oczyszcza umys\u0142, zwalcza psychoz\u0119 oraz l\u0119ki, wycisza i uspokaja, dzia\u0142a odpr\u0119\u017caj\u0105co i relaksuj\u0105co, u\u0142atwia zasypianie i zapewnia dobry sen, wspiera , pomaga przy schizofrenii.Przeciwwymiotne \u2013 redukuje nudno\u015bci i wymioty, pobudza pragnienie oraz apetyt, wp\u0142ywa na prawid\u0142owy metabolizm organizmu.Przeciwbakteryjne \u2013 posiada silne w\u0142a\u015bciwo\u015bci bakteriob\u00f3jcze, unicestwia bakterie i zapobiega ich rozmna\u017caniu, spowalnia ich wzrost, dzia\u0142aj\u0105c podobnie do antybiotyk\u00f3w.Przeciwgrzybiczne \u2013 zapobiega rozwojowi chor\u00f3b grzybicznych, zabija ple\u015b\u0144 i grzyby.Przeciwalergiczne \u2013 \u0142agodzi i likwiduje objawy alergii.Immunologiczne \u2013 pobudza naturaln\u0105 odporno\u015b\u0107 organizmu, stymuluje stan homeostazy.Dermatologiczne \u2013 przyspiesza gojenie ran, zwalcza choroby sk\u00f3ry, odm\u0142adza nask\u00f3rek, redukuje efekty chor\u00f3b sk\u00f3ry takich jak tr\u0105dzik oraz poprawia og\u00f3lny stan cery.Odwykowe \u2013 mo\u017ce pomaga\u0107 w rzuceniu palenia papieros\u00f3w oraz by\u0107 stosowane jako terapia zast\u0119pcza w uzale\u017cnieniach od narkotyk\u00f3w, jak r\u00f3wnie\u017c wspomaga\u0107 walk\u0119 z innymi na\u0142ogami.Poprawia koncentracj\u0119 i zwi\u0119ksza mo\u017cliwo\u015bci poznawcze poprzez regulacj\u0119 dopaminy.<\/p>\n<p>Preparaty medycyny naturalnej<\/p>\n<p>siemi\u0119 lniane jak pi\u0107 na zaparcia, korze\u0144 maca przeciwskazania, sanprobi barrier, kaszka orkiszowa, sklep ekologiczny katowice, py\u0142ek pszczeli jak je\u015b\u0107, gotowanie kukurydzy w kolbach, gliceryna otrzymywanie, figa jak to jesc, szampon banfi, chleb \u015bwi\u0119toja\u0144ski gdzie kupi\u0107, look up tabletki opinie, krem do twarzy hipoalergiczny, ro\u015blinny nabia\u0142, pesto z oliwek, ser owczy sklep, b12 aliness, woda redox<\/p>\n<p><a href=\"https:\/\/www.pracowniakreska.com\/terapeuci\/\" rel=\"nofollow\">terapia ptsd pozna\u0144<\/a><\/p>\n","protected":false},"excerpt":{"rendered":"<p>Susz konopny CBD pochodzi ze szwajcarskich upraw outdoor Cannabis Sativa L. Jest to konopia w\u0142\u00f3knista, kt\u00f3ra posiada poni\u017cej 0.2% THC,&hellip;<\/p>\n","protected":false},"featured_media":4690,"comment_status":"closed","ping_status":"open","template":"","meta":[],"product_cat":[87],"product_tag":[800,771,880,724],"class_list":["post-4689","product","type-product","status-publish","has-post-thumbnail","hentry","product_cat-herbata","product_tag-isolabio","product_tag-jak-jesc-granat","product_tag-kotlet-weganski-linda-mccartney","product_tag-siarczyny-w-winie"],"_links":{"self":[{"href":"https:\/\/wegeblw.pl\/index.php\/wp-json\/wp\/v2\/product\/4689","targetHints":{"allow":["GET"]}}],"collection":[{"href":"https:\/\/wegeblw.pl\/index.php\/wp-json\/wp\/v2\/product"}],"about":[{"href":"https:\/\/wegeblw.pl\/index.php\/wp-json\/wp\/v2\/types\/product"}],"replies":[{"embeddable":true,"href":"https:\/\/wegeblw.pl\/index.php\/wp-json\/wp\/v2\/comments?post=4689"}],"wp:featuredmedia":[{"embeddable":true,"href":"https:\/\/wegeblw.pl\/index.php\/wp-json\/wp\/v2\/media\/4690"}],"wp:attachment":[{"href":"https:\/\/wegeblw.pl\/index.php\/wp-json\/wp\/v2\/media?parent=4689"}],"wp:term":[{"taxonomy":"product_cat","embeddable":true,"href":"https:\/\/wegeblw.pl\/index.php\/wp-json\/wp\/v2\/product_cat?post=4689"},{"taxonomy":"product_tag","embeddable":true,"href":"https:\/\/wegeblw.pl\/index.php\/wp-json\/wp\/v2\/product_tag?post=4689"}],"curies":[{"name":"wp","href":"https:\/\/api.w.org\/{rel}","templated":true}]}}