{"id":4713,"date":"2014-12-06T21:45:48","date_gmt":"2014-12-06T20:45:48","guid":{"rendered":"https:\/\/wegeblw.pl\/index.php\/produkt\/herbapol-lipoterm-syrop-z-witamina-c-100-ml\/"},"modified":"2026-04-07T07:57:58","modified_gmt":"2026-04-07T05:57:58","slug":"herbapol-lipoterm-syrop-z-witamina-c-100-ml","status":"publish","type":"product","link":"https:\/\/wegeblw.pl\/index.php\/produkt\/herbapol-lipoterm-syrop-z-witamina-c-100-ml\/","title":{"rendered":"Herbapol Lipoterm syrop z witamin\u0105 C 100 ml"},"content":{"rendered":"<p>Air Optix + Hg for Astigmatism 3 -10,00; -2,25 140<\/p>\n<p>Soczewki kontaktowe<\/p>\n<p>gold vit d3 k2 4000, cukier a cukier puder, melasa z trzciny cukrowej w\u0142a\u015bciwo\u015bci, \u017celazo kwas foliowy, ile gotuje si\u0119 kasza j\u0119czmienna, yerba mate palo santo, korze\u0144 traganka b\u0142oniastego, wyst\u0119powanie witaminy d<\/p>\n<p>yyyyy<\/p>\n","protected":false},"excerpt":{"rendered":"<p>Air Optix + Hg for Astigmatism 3 -10,00; -2,25 140 Soczewki kontaktowe gold vit d3 k2 4000, cukier a cukier&hellip;<\/p>\n","protected":false},"featured_media":4714,"comment_status":"closed","ping_status":"open","template":"","meta":[],"product_cat":[28],"product_tag":[852,705,643,667,868],"class_list":["post-4713","product","type-product","status-publish","has-post-thumbnail","hentry","product_cat-srodki-na-przeziebienie","product_tag-fenkul","product_tag-guma-guar-szkodliwosc","product_tag-jak-ugotowac-komose","product_tag-makaron-sojowy-ig","product_tag-siemie-lniane-jak-pic"],"_links":{"self":[{"href":"https:\/\/wegeblw.pl\/index.php\/wp-json\/wp\/v2\/product\/4713","targetHints":{"allow":["GET"]}}],"collection":[{"href":"https:\/\/wegeblw.pl\/index.php\/wp-json\/wp\/v2\/product"}],"about":[{"href":"https:\/\/wegeblw.pl\/index.php\/wp-json\/wp\/v2\/types\/product"}],"replies":[{"embeddable":true,"href":"https:\/\/wegeblw.pl\/index.php\/wp-json\/wp\/v2\/comments?post=4713"}],"wp:featuredmedia":[{"embeddable":true,"href":"https:\/\/wegeblw.pl\/index.php\/wp-json\/wp\/v2\/media\/4714"}],"wp:attachment":[{"href":"https:\/\/wegeblw.pl\/index.php\/wp-json\/wp\/v2\/media?parent=4713"}],"wp:term":[{"taxonomy":"product_cat","embeddable":true,"href":"https:\/\/wegeblw.pl\/index.php\/wp-json\/wp\/v2\/product_cat?post=4713"},{"taxonomy":"product_tag","embeddable":true,"href":"https:\/\/wegeblw.pl\/index.php\/wp-json\/wp\/v2\/product_tag?post=4713"}],"curies":[{"name":"wp","href":"https:\/\/api.w.org\/{rel}","templated":true}]}}