{"id":4741,"date":"2022-11-26T01:12:21","date_gmt":"2022-11-26T00:12:21","guid":{"rendered":"https:\/\/wegeblw.pl\/?post_type=product&#038;p=4741"},"modified":"2026-04-07T03:08:15","modified_gmt":"2026-04-07T01:08:15","slug":"antar-balkonik-rehabilitacyjny-kroczacy-z-kulka-4-kola-2-obrotowe-at02006","status":"publish","type":"product","link":"https:\/\/wegeblw.pl\/index.php\/produkt\/antar-balkonik-rehabilitacyjny-kroczacy-z-kulka-4-kola-2-obrotowe-at02006\/","title":{"rendered":"Antar Balkonik Rehabilitacyjny Krocz\u0105cy Z Kulk\u0105 4 Ko\u0142a &#8211; 2 Obrotowe At02006"},"content":{"rendered":"<p>Suplementy na odchudzanie<\/p>\n<p>mleka ro\u015blinne, tortilla pszenna, babalski sklep, zepsuty ocet jab\u0142kowy, chrupki pizza, kostki roso\u0142owe bio<\/p>\n<p>yyyyy<\/p>\n","protected":false},"excerpt":{"rendered":"<p>Suplementy na odchudzanie mleka ro\u015blinne, tortilla pszenna, babalski sklep, zepsuty ocet jab\u0142kowy, chrupki pizza, kostki roso\u0142owe bio yyyyy<\/p>\n","protected":false},"featured_media":4742,"comment_status":"closed","ping_status":"open","template":"","meta":[],"product_cat":[291],"product_tag":[657,857,654,741],"class_list":["post-4741","product","type-product","status-publish","has-post-thumbnail","hentry","product_cat-wozki-inwalidzkie-balkoniki-i-laski","product_tag-filet-z-indyka","product_tag-jablka-ekologiczne","product_tag-plastik-w-oceanach","product_tag-rafinowany-olej-kokosowy"],"_links":{"self":[{"href":"https:\/\/wegeblw.pl\/index.php\/wp-json\/wp\/v2\/product\/4741","targetHints":{"allow":["GET"]}}],"collection":[{"href":"https:\/\/wegeblw.pl\/index.php\/wp-json\/wp\/v2\/product"}],"about":[{"href":"https:\/\/wegeblw.pl\/index.php\/wp-json\/wp\/v2\/types\/product"}],"replies":[{"embeddable":true,"href":"https:\/\/wegeblw.pl\/index.php\/wp-json\/wp\/v2\/comments?post=4741"}],"wp:featuredmedia":[{"embeddable":true,"href":"https:\/\/wegeblw.pl\/index.php\/wp-json\/wp\/v2\/media\/4742"}],"wp:attachment":[{"href":"https:\/\/wegeblw.pl\/index.php\/wp-json\/wp\/v2\/media?parent=4741"}],"wp:term":[{"taxonomy":"product_cat","embeddable":true,"href":"https:\/\/wegeblw.pl\/index.php\/wp-json\/wp\/v2\/product_cat?post=4741"},{"taxonomy":"product_tag","embeddable":true,"href":"https:\/\/wegeblw.pl\/index.php\/wp-json\/wp\/v2\/product_tag?post=4741"}],"curies":[{"name":"wp","href":"https:\/\/api.w.org\/{rel}","templated":true}]}}