{"id":4747,"date":"2014-07-26T11:24:57","date_gmt":"2014-07-26T09:24:57","guid":{"rendered":"https:\/\/wegeblw.pl\/index.php\/produkt\/vermeiren-podporka-kroczaca-lyna\/"},"modified":"2026-04-07T04:33:00","modified_gmt":"2026-04-07T02:33:00","slug":"vermeiren-podporka-kroczaca-lyna","status":"publish","type":"product","link":"https:\/\/wegeblw.pl\/index.php\/produkt\/vermeiren-podporka-kroczaca-lyna\/","title":{"rendered":"Vermeiren Podp\u00f3rka krocz\u0105ca LYNA"},"content":{"rendered":"<p>&#8222;Rummikub&#8221; to doskona\u0142a gra dla ca\u0142ej rodziny!<br \/>\n&#8222;Rummikub&#8221; to fantastyczna i wci\u0105gaj\u0105ca gra towarzyskaGra ta wyst\u0119puje pod r\u00f3\u017cnymi nazwami, takimi jak: Rummikub, Rummy, Rack-Rummy itp.<\/p>\n<p>&#8222;Rummikub&#8221; jest gr\u0105 bardzo interesuj\u0105c\u0105, atrakcyjn\u0105 i wci\u0105gaj\u0105c\u0105. Cenn\u0105 cech\u0105 &#8222;Rummikuba&#8221; jest to, \u017ce przyjemno\u015b\u0107 i satysfakcj\u0119 ma si\u0119 z samego uczestnictwa w tej grze, a nie tylko z pokonania przeciwnika.                            <\/p>\n<p>Zasady gry &#8222;Rummikub&#8221;:Gra polega na pozbyciu si\u0119 wszystkich kostek z liczbami, wyk\u0142adaj\u0105c na st\u00f3\u0142 sekwencje lub ci\u0105gi minimum 3-liczbowe.<br \/>\nNa pocz\u0105tku rundy ka\u017cdy z graczy losuje 14 kostek z wsp\u00f3lnej puli i ustawia je na specjalnych stojakach.<br \/>\nWylosowane kostki maj\u0105 r\u00f3\u017cne nomina\u0142y oraz kolory.<br \/>\nZadaniem ka\u017cdego uczestnika jest u\u0142o\u017cenie ich w okre\u015blony spos\u00f3b: sekwencje lub ci\u0105gi.<br \/>\nNajciekawsz\u0105 mo\u017cliwo\u015bci\u0105 jest ingerencja w ju\u017c wy\u0142o\u017cone kostki &#8211; w swojej kolejce mo\u017cesz je dowolnie przesuwa\u0107 i modyfikowa\u0107, byle tylko na koniec nie naruszy\u0107 podstawowej zasady (minimum 3 kostki w sekwencji lub ci\u0105gu).<br \/>\nGrupy &#8211; u\u0142o\u017cenie minimum 3 kostek o takim samym numerze, ale w innych kolorach.<br \/>\nSerie &#8211; u\u0142o\u017cenie minimum 3 kostek o tym samym kolorze, ale o numerach nast\u0119puj\u0105cych po sobie w kolejno\u015bci, np. 5, 6, 7.<br \/>\nWygrywa gracz, kt\u00f3ry po zako\u0144czeniu gry (wszystkich rund) zdob\u0119dzie najwi\u0119cej punkt\u00f3w.                            <\/p>\n<p>Informacje szczeg\u00f3\u0142owe:Ilo\u015b\u0107 graczy: 2-4 osoby<br \/>\nWiek graczy: od 7 lat<br \/>\nZawarto\u015b\u0107 pude\u0142ka:<\/p>\n<p>106 kostek<br \/>\n4 podstawki<br \/>\ninstrukcja<\/p>\n<p>Gry dzieci\u0119ce<\/p>\n<p>chipsy serowo cebulowe, kminek przyprawa, butterfly, ma\u015b\u0107 cynkowa, p\u0142atki gryczane b\u0142yskawiczne, seler naciowy mro\u017cenie, skrzyp pokrzywa<\/p>\n<p>yyyyy<\/p>\n","protected":false},"excerpt":{"rendered":"<p>&#8222;Rummikub&#8221; to doskona\u0142a gra dla ca\u0142ej rodziny! &#8222;Rummikub&#8221; to fantastyczna i wci\u0105gaj\u0105ca gra towarzyskaGra ta wyst\u0119puje pod r\u00f3\u017cnymi nazwami, takimi&hellip;<\/p>\n","protected":false},"featured_media":4748,"comment_status":"closed","ping_status":"open","template":"","meta":[],"product_cat":[291],"product_tag":[808,670,768],"class_list":["post-4747","product","type-product","status-publish","has-post-thumbnail","hentry","product_cat-wozki-inwalidzkie-balkoniki-i-laski","product_tag-ciasto-sekacz","product_tag-czeslaw-lang-choroba","product_tag-pasztet-z-soczewicy-z-suszonymi-pomidorami"],"_links":{"self":[{"href":"https:\/\/wegeblw.pl\/index.php\/wp-json\/wp\/v2\/product\/4747","targetHints":{"allow":["GET"]}}],"collection":[{"href":"https:\/\/wegeblw.pl\/index.php\/wp-json\/wp\/v2\/product"}],"about":[{"href":"https:\/\/wegeblw.pl\/index.php\/wp-json\/wp\/v2\/types\/product"}],"replies":[{"embeddable":true,"href":"https:\/\/wegeblw.pl\/index.php\/wp-json\/wp\/v2\/comments?post=4747"}],"wp:featuredmedia":[{"embeddable":true,"href":"https:\/\/wegeblw.pl\/index.php\/wp-json\/wp\/v2\/media\/4748"}],"wp:attachment":[{"href":"https:\/\/wegeblw.pl\/index.php\/wp-json\/wp\/v2\/media?parent=4747"}],"wp:term":[{"taxonomy":"product_cat","embeddable":true,"href":"https:\/\/wegeblw.pl\/index.php\/wp-json\/wp\/v2\/product_cat?post=4747"},{"taxonomy":"product_tag","embeddable":true,"href":"https:\/\/wegeblw.pl\/index.php\/wp-json\/wp\/v2\/product_tag?post=4747"}],"curies":[{"name":"wp","href":"https:\/\/api.w.org\/{rel}","templated":true}]}}