{"id":4749,"date":"2022-05-12T02:47:24","date_gmt":"2022-05-12T00:47:24","guid":{"rendered":"https:\/\/wegeblw.pl\/index.php\/produkt\/armedical-balkonik-do-wstawania-dwufunkcyjny-staly-kroczacy-ar-023\/"},"modified":"2026-04-07T03:01:08","modified_gmt":"2026-04-07T01:01:08","slug":"armedical-balkonik-do-wstawania-dwufunkcyjny-staly-kroczacy-ar-023","status":"publish","type":"product","link":"https:\/\/wegeblw.pl\/index.php\/produkt\/armedical-balkonik-do-wstawania-dwufunkcyjny-staly-kroczacy-ar-023\/","title":{"rendered":"ARMEDICAL BALKONIK DO WSTAWANIA DWUFUNKCYJNY STA\u0141Y KROCZ\u0104CY AR-023"},"content":{"rendered":"<p>Okulary oprawki i szk\u0142a<\/p>\n<p>melasa buraczana cena, wyspa czed\u017cu, sok z czarnej porzeczki, orzechy nerkowca indeks glikemiczny, petitgrain, minus, rurki makaron, jogurt grecki warto\u015bci od\u017cywcze, olejki eteryczne aromaterapia, mi\u00f3d spadziowy z czego jest, groszek z marchewk\u0105 ze s\u0142oika na ciep\u0142o, pau darco swanson, dynia w\u0142a\u015bciwo\u015bci od\u017cywcze, nominal kaszki, s\u0142omki z jab\u0142ek, gotu, ziarna kakaowca sklep, kompozycje w szkle ze swieca, stewia cena tesco<\/p>\n<p>yyyyy<\/p>\n","protected":false},"excerpt":{"rendered":"<p>Okulary oprawki i szk\u0142a melasa buraczana cena, wyspa czed\u017cu, sok z czarnej porzeczki, orzechy nerkowca indeks glikemiczny, petitgrain, minus, rurki&hellip;<\/p>\n","protected":false},"featured_media":4750,"comment_status":"closed","ping_status":"open","template":"","meta":[],"product_cat":[291],"product_tag":[658,673,861,656],"class_list":["post-4749","product","type-product","status-publish","has-post-thumbnail","hentry","product_cat-wozki-inwalidzkie-balkoniki-i-laski","product_tag-beyond-meat-polska","product_tag-bomba","product_tag-czym-zastapic-jogurt-naturalny","product_tag-ekologiczne-mieso"],"_links":{"self":[{"href":"https:\/\/wegeblw.pl\/index.php\/wp-json\/wp\/v2\/product\/4749","targetHints":{"allow":["GET"]}}],"collection":[{"href":"https:\/\/wegeblw.pl\/index.php\/wp-json\/wp\/v2\/product"}],"about":[{"href":"https:\/\/wegeblw.pl\/index.php\/wp-json\/wp\/v2\/types\/product"}],"replies":[{"embeddable":true,"href":"https:\/\/wegeblw.pl\/index.php\/wp-json\/wp\/v2\/comments?post=4749"}],"wp:featuredmedia":[{"embeddable":true,"href":"https:\/\/wegeblw.pl\/index.php\/wp-json\/wp\/v2\/media\/4750"}],"wp:attachment":[{"href":"https:\/\/wegeblw.pl\/index.php\/wp-json\/wp\/v2\/media?parent=4749"}],"wp:term":[{"taxonomy":"product_cat","embeddable":true,"href":"https:\/\/wegeblw.pl\/index.php\/wp-json\/wp\/v2\/product_cat?post=4749"},{"taxonomy":"product_tag","embeddable":true,"href":"https:\/\/wegeblw.pl\/index.php\/wp-json\/wp\/v2\/product_tag?post=4749"}],"curies":[{"name":"wp","href":"https:\/\/api.w.org\/{rel}","templated":true}]}}