{"id":4767,"date":"2019-07-08T21:39:22","date_gmt":"2019-07-08T19:39:22","guid":{"rendered":"https:\/\/wegeblw.pl\/index.php\/produkt\/demmers-teehaus-rooibos-african-chai-100-g\/"},"modified":"2026-04-07T02:50:06","modified_gmt":"2026-04-07T00:50:06","slug":"demmers-teehaus-rooibos-african-chai-100-g","status":"publish","type":"product","link":"https:\/\/wegeblw.pl\/index.php\/produkt\/demmers-teehaus-rooibos-african-chai-100-g\/","title":{"rendered":"Demmers Teehaus Rooibos African Chai 100 g"},"content":{"rendered":"<p>Okulary S\u0142oneczne Versace<\/p>\n<p>Okulary przeciws\u0142oneczne damskie<\/p>\n<p>pokrzywa fioletowa, voucher na prezent, ostrza\u0142ka do no\u017cy any sharp, dobre piwo bezalkoholowe, mleko.kokosowe, \u017cywokostowy z gojnikiem, pasty do z\u0119b\u00f3w bez fluoru, wino z owoc\u00f3w dzikiej r\u00f3\u017cy, produkty z kr\u00f3tk\u0105 dat\u0105 wa\u017cno\u015bci, por w\u0142a\u015bciwo\u015bci zdrowotne, kakao slodkie, daryna<\/p>\n<p>yyyyy<\/p>\n","protected":false},"excerpt":{"rendered":"<p>Okulary S\u0142oneczne Versace Okulary przeciws\u0142oneczne damskie pokrzywa fioletowa, voucher na prezent, ostrza\u0142ka do no\u017cy any sharp, dobre piwo bezalkoholowe, mleko.kokosowe,&hellip;<\/p>\n","protected":false},"featured_media":4768,"comment_status":"closed","ping_status":"open","template":"","meta":[],"product_cat":[41],"product_tag":[682,838,809,807],"class_list":["post-4767","product","type-product","status-publish","has-post-thumbnail","hentry","product_cat-ziola-i-herbaty-lecznicze","product_tag-food-organic-store","product_tag-olej-kokosowy-rafinowany-czy-nierafinowany","product_tag-produkty-bez-cukru","product_tag-siemie-lniane-na-co-pomaga"],"_links":{"self":[{"href":"https:\/\/wegeblw.pl\/index.php\/wp-json\/wp\/v2\/product\/4767","targetHints":{"allow":["GET"]}}],"collection":[{"href":"https:\/\/wegeblw.pl\/index.php\/wp-json\/wp\/v2\/product"}],"about":[{"href":"https:\/\/wegeblw.pl\/index.php\/wp-json\/wp\/v2\/types\/product"}],"replies":[{"embeddable":true,"href":"https:\/\/wegeblw.pl\/index.php\/wp-json\/wp\/v2\/comments?post=4767"}],"wp:featuredmedia":[{"embeddable":true,"href":"https:\/\/wegeblw.pl\/index.php\/wp-json\/wp\/v2\/media\/4768"}],"wp:attachment":[{"href":"https:\/\/wegeblw.pl\/index.php\/wp-json\/wp\/v2\/media?parent=4767"}],"wp:term":[{"taxonomy":"product_cat","embeddable":true,"href":"https:\/\/wegeblw.pl\/index.php\/wp-json\/wp\/v2\/product_cat?post=4767"},{"taxonomy":"product_tag","embeddable":true,"href":"https:\/\/wegeblw.pl\/index.php\/wp-json\/wp\/v2\/product_tag?post=4767"}],"curies":[{"name":"wp","href":"https:\/\/api.w.org\/{rel}","templated":true}]}}