{"id":4779,"date":"2020-01-26T09:12:27","date_gmt":"2020-01-26T08:12:27","guid":{"rendered":"https:\/\/wegeblw.pl\/index.php\/produkt\/cybex-balios-s-lux-deep-black-spacerowy\/"},"modified":"2026-04-10T06:22:46","modified_gmt":"2026-04-10T04:22:46","slug":"cybex-balios-s-lux-deep-black-spacerowy","status":"publish","type":"product","link":"https:\/\/wegeblw.pl\/index.php\/produkt\/cybex-balios-s-lux-deep-black-spacerowy\/","title":{"rendered":"Cybex Balios S Lux Deep Black Spacerowy"},"content":{"rendered":"<p>KO01 HMS &#8211; to obrotowy twister magnetyczny. Produkt doskonale sprawdzi si\u0119 jako przyrz\u0105d do \u0107wicze\u0144 fitness w warunkach domowych.<\/p>\n<p>Twistery<\/p>\n<p>pierogi bezglutenowe z m\u0105ki sch\u00e4r, \u015bmietanka krem\u00f3wka, extra virgin, jogurt cena, siarka do k\u0105pieli w domu gdzie kupi\u0107<\/p>\n<p>yyyyy<\/p>\n","protected":false},"excerpt":{"rendered":"<p>KO01 HMS &#8211; to obrotowy twister magnetyczny. Produkt doskonale sprawdzi si\u0119 jako przyrz\u0105d do \u0107wicze\u0144 fitness w warunkach domowych. Twistery&hellip;<\/p>\n","protected":false},"featured_media":4780,"comment_status":"closed","ping_status":"open","template":"","meta":[],"product_cat":[371],"product_tag":[790,824,701,678],"class_list":["post-4779","product","type-product","status-publish","has-post-thumbnail","hentry","product_cat-wozki-spacerowe","product_tag-majonez-vitapol-domowy","product_tag-miso-pasta","product_tag-produkty-klasztorne","product_tag-springrolls"],"_links":{"self":[{"href":"https:\/\/wegeblw.pl\/index.php\/wp-json\/wp\/v2\/product\/4779","targetHints":{"allow":["GET"]}}],"collection":[{"href":"https:\/\/wegeblw.pl\/index.php\/wp-json\/wp\/v2\/product"}],"about":[{"href":"https:\/\/wegeblw.pl\/index.php\/wp-json\/wp\/v2\/types\/product"}],"replies":[{"embeddable":true,"href":"https:\/\/wegeblw.pl\/index.php\/wp-json\/wp\/v2\/comments?post=4779"}],"wp:featuredmedia":[{"embeddable":true,"href":"https:\/\/wegeblw.pl\/index.php\/wp-json\/wp\/v2\/media\/4780"}],"wp:attachment":[{"href":"https:\/\/wegeblw.pl\/index.php\/wp-json\/wp\/v2\/media?parent=4779"}],"wp:term":[{"taxonomy":"product_cat","embeddable":true,"href":"https:\/\/wegeblw.pl\/index.php\/wp-json\/wp\/v2\/product_cat?post=4779"},{"taxonomy":"product_tag","embeddable":true,"href":"https:\/\/wegeblw.pl\/index.php\/wp-json\/wp\/v2\/product_tag?post=4779"}],"curies":[{"name":"wp","href":"https:\/\/api.w.org\/{rel}","templated":true}]}}