{"id":4789,"date":"2019-09-11T18:27:36","date_gmt":"2019-09-11T16:27:36","guid":{"rendered":"https:\/\/wegeblw.pl\/index.php\/produkt\/pampers-harmonie-chusteczki-nawilzane-48szt\/"},"modified":"2026-04-21T09:24:09","modified_gmt":"2026-04-21T07:24:09","slug":"pampers-harmonie-chusteczki-nawilzane-48szt","status":"publish","type":"product","link":"https:\/\/wegeblw.pl\/index.php\/produkt\/pampers-harmonie-chusteczki-nawilzane-48szt\/","title":{"rendered":"Pampers Harmonie Chusteczki Nawil\u017cane 48Szt."},"content":{"rendered":"<p>Manhattanherbata rooibos z dodatkamiSk\u0142adniki:herbata rooibos,papaja,korze\u0144 lukrecji,marakuja,aromat.<\/p>\n<p>Herbata<\/p>\n<p>olej lniany na sk\u00f3r\u0119 g\u0142owy, wega\u0144skie wino, pol\u0119dwiczki z pieczarkami, dzem je\u017cynowy, cytronellol, pasta do zebow czarna, syrop z cebuli dla dzieci od kiedy, jaglane miekkie ciasteczko, gdzie kupi\u0107 jod w kroplach, co to jest m\u0105ka orkiszowa, india krem do r\u0105k, ciastka bezglutenowe, symbio, musli owsiane<\/p>\n<p><a href=\"https:\/\/cudimiod.pl\/diety-cud-i-miod\/dieta-if\">https:\/\/cudimiod.pl\/diety-cud-i-miod\/dieta-if<\/a><\/p>\n","protected":false},"excerpt":{"rendered":"<p>Manhattanherbata rooibos z dodatkamiSk\u0142adniki:herbata rooibos,papaja,korze\u0144 lukrecji,marakuja,aromat. Herbata olej lniany na sk\u00f3r\u0119 g\u0142owy, wega\u0144skie wino, pol\u0119dwiczki z pieczarkami, dzem je\u017cynowy, cytronellol,&hellip;<\/p>\n","protected":false},"featured_media":4790,"comment_status":"closed","ping_status":"open","template":"","meta":[],"product_cat":[123],"product_tag":[771,820,807,832],"class_list":["post-4789","product","type-product","status-publish","has-post-thumbnail","hentry","product_cat-kosmetyki-dla-dzieci-i-niemowlat","product_tag-jak-jesc-granat","product_tag-produkty-bez-laktozy-sklep","product_tag-siemie-lniane-na-co-pomaga","product_tag-vitapol-majonez"],"_links":{"self":[{"href":"https:\/\/wegeblw.pl\/index.php\/wp-json\/wp\/v2\/product\/4789","targetHints":{"allow":["GET"]}}],"collection":[{"href":"https:\/\/wegeblw.pl\/index.php\/wp-json\/wp\/v2\/product"}],"about":[{"href":"https:\/\/wegeblw.pl\/index.php\/wp-json\/wp\/v2\/types\/product"}],"replies":[{"embeddable":true,"href":"https:\/\/wegeblw.pl\/index.php\/wp-json\/wp\/v2\/comments?post=4789"}],"wp:featuredmedia":[{"embeddable":true,"href":"https:\/\/wegeblw.pl\/index.php\/wp-json\/wp\/v2\/media\/4790"}],"wp:attachment":[{"href":"https:\/\/wegeblw.pl\/index.php\/wp-json\/wp\/v2\/media?parent=4789"}],"wp:term":[{"taxonomy":"product_cat","embeddable":true,"href":"https:\/\/wegeblw.pl\/index.php\/wp-json\/wp\/v2\/product_cat?post=4789"},{"taxonomy":"product_tag","embeddable":true,"href":"https:\/\/wegeblw.pl\/index.php\/wp-json\/wp\/v2\/product_tag?post=4789"}],"curies":[{"name":"wp","href":"https:\/\/api.w.org\/{rel}","templated":true}]}}