{"id":4809,"date":"2017-03-05T06:35:00","date_gmt":"2017-03-05T05:35:00","guid":{"rendered":"https:\/\/wegeblw.pl\/index.php\/produkt\/jardin-cosmetics-biszofit-poltawski-zel-mineralny-spinesil-75ml\/"},"modified":"2026-04-08T07:32:10","modified_gmt":"2026-04-08T05:32:10","slug":"jardin-cosmetics-biszofit-poltawski-zel-mineralny-spinesil-75ml","status":"publish","type":"product","link":"https:\/\/wegeblw.pl\/index.php\/produkt\/jardin-cosmetics-biszofit-poltawski-zel-mineralny-spinesil-75ml\/","title":{"rendered":"Jardin Cosmetics Biszofit Po\u0142tawski \u017bel Mineralny Spinesi\u0142 75ml"},"content":{"rendered":"<p>TurboDrain smak brzoskwiniowy 500 ml<\/p>\n<p>Suplementy na odchudzanie<\/p>\n<p>nadmiar wit b, jak si\u0119 dobrze wyspa\u0107, doeta cukrzycowa, guarana proszek, gojnik, malitol, babany, quinoa czerwona, sos balsamico, czy soja jest szkodliwa<\/p>\n<p>yyyyy<\/p>\n","protected":false},"excerpt":{"rendered":"<p>TurboDrain smak brzoskwiniowy 500 ml Suplementy na odchudzanie nadmiar wit b, jak si\u0119 dobrze wyspa\u0107, doeta cukrzycowa, guarana proszek, gojnik,&hellip;<\/p>\n","protected":false},"featured_media":4810,"comment_status":"closed","ping_status":"open","template":"","meta":[],"product_cat":[20],"product_tag":[774,750,646],"class_list":["post-4809","product","type-product","status-publish","has-post-thumbnail","hentry","product_cat-preparaty-medycyny-naturalnej","product_tag-cytryny-ekologiczne","product_tag-pasta-tahini-do-czego","product_tag-slodycze-weganskie"],"_links":{"self":[{"href":"https:\/\/wegeblw.pl\/index.php\/wp-json\/wp\/v2\/product\/4809","targetHints":{"allow":["GET"]}}],"collection":[{"href":"https:\/\/wegeblw.pl\/index.php\/wp-json\/wp\/v2\/product"}],"about":[{"href":"https:\/\/wegeblw.pl\/index.php\/wp-json\/wp\/v2\/types\/product"}],"replies":[{"embeddable":true,"href":"https:\/\/wegeblw.pl\/index.php\/wp-json\/wp\/v2\/comments?post=4809"}],"wp:featuredmedia":[{"embeddable":true,"href":"https:\/\/wegeblw.pl\/index.php\/wp-json\/wp\/v2\/media\/4810"}],"wp:attachment":[{"href":"https:\/\/wegeblw.pl\/index.php\/wp-json\/wp\/v2\/media?parent=4809"}],"wp:term":[{"taxonomy":"product_cat","embeddable":true,"href":"https:\/\/wegeblw.pl\/index.php\/wp-json\/wp\/v2\/product_cat?post=4809"},{"taxonomy":"product_tag","embeddable":true,"href":"https:\/\/wegeblw.pl\/index.php\/wp-json\/wp\/v2\/product_tag?post=4809"}],"curies":[{"name":"wp","href":"https:\/\/api.w.org\/{rel}","templated":true}]}}