{"id":481,"date":"2025-04-04T21:45:36","date_gmt":"2025-04-04T19:45:36","guid":{"rendered":"https:\/\/wegeblw.pl\/?post_type=product&#038;p=481"},"modified":"2026-04-07T01:16:43","modified_gmt":"2026-04-06T23:16:43","slug":"sesderma-seskavel-ampulki-przeciw-wypadaniu-wlosow-12-ampulek","status":"publish","type":"product","link":"https:\/\/wegeblw.pl\/index.php\/produkt\/sesderma-seskavel-ampulki-przeciw-wypadaniu-wlosow-12-ampulek\/","title":{"rendered":"Sesderma Seskavel Ampu\u0142ki Przeciw Wypadaniu W\u0142os\u00f3w 12 ampu\u0142ek"},"content":{"rendered":"<p>Od\u017cywki bia\u0142kowe<\/p>\n<p>ile soli fizjologicznej do inhalacji, pesto z pomidor\u00f3w, dieta lekkostrawna &#8211; co je\u015b\u0107, majom, kasza jaglana odchudzanie efekty, pasta sezamowa tahini gdzie kupi\u0107, mleka roslinne<\/p>\n<p>yyyyy<\/p>\n","protected":false},"excerpt":{"rendered":"<p>Od\u017cywki bia\u0142kowe ile soli fizjologicznej do inhalacji, pesto z pomidor\u00f3w, dieta lekkostrawna &#8211; co je\u015b\u0107, majom, kasza jaglana odchudzanie efekty,&hellip;<\/p>\n","protected":false},"featured_media":482,"comment_status":"closed","ping_status":"open","template":"","meta":[],"product_cat":[36],"product_tag":[620,839,837],"class_list":["post-481","product","type-product","status-publish","has-post-thumbnail","hentry","product_cat-dermokosmetyki","product_tag-kielbasa-wiejska","product_tag-mleko-niepasteryzowane","product_tag-soczewica-czerwona"],"_links":{"self":[{"href":"https:\/\/wegeblw.pl\/index.php\/wp-json\/wp\/v2\/product\/481","targetHints":{"allow":["GET"]}}],"collection":[{"href":"https:\/\/wegeblw.pl\/index.php\/wp-json\/wp\/v2\/product"}],"about":[{"href":"https:\/\/wegeblw.pl\/index.php\/wp-json\/wp\/v2\/types\/product"}],"replies":[{"embeddable":true,"href":"https:\/\/wegeblw.pl\/index.php\/wp-json\/wp\/v2\/comments?post=481"}],"wp:featuredmedia":[{"embeddable":true,"href":"https:\/\/wegeblw.pl\/index.php\/wp-json\/wp\/v2\/media\/482"}],"wp:attachment":[{"href":"https:\/\/wegeblw.pl\/index.php\/wp-json\/wp\/v2\/media?parent=481"}],"wp:term":[{"taxonomy":"product_cat","embeddable":true,"href":"https:\/\/wegeblw.pl\/index.php\/wp-json\/wp\/v2\/product_cat?post=481"},{"taxonomy":"product_tag","embeddable":true,"href":"https:\/\/wegeblw.pl\/index.php\/wp-json\/wp\/v2\/product_tag?post=481"}],"curies":[{"name":"wp","href":"https:\/\/api.w.org\/{rel}","templated":true}]}}