{"id":4839,"date":"2021-09-19T04:04:28","date_gmt":"2021-09-19T02:04:28","guid":{"rendered":"https:\/\/wegeblw.pl\/index.php\/produkt\/loreal-age-perfect-60-zloty-wiek-krem-wzmacniajacy-rozany-na-dzien-50ml\/"},"modified":"2026-04-08T01:08:54","modified_gmt":"2026-04-07T23:08:54","slug":"loreal-age-perfect-60-zloty-wiek-krem-wzmacniajacy-rozany-na-dzien-50ml","status":"publish","type":"product","link":"https:\/\/wegeblw.pl\/index.php\/produkt\/loreal-age-perfect-60-zloty-wiek-krem-wzmacniajacy-rozany-na-dzien-50ml\/","title":{"rendered":"Loreal Age Perfect 60+ Z\u0142oty Wiek Krem Wzmacniaj\u0105cy R\u00f3\u017cany Na Dzie\u0144 50Ml"},"content":{"rendered":"<p>Sk\u0142adniki suplementu diety: witamina C (kwas L-askorbinowy), substancje pomocnicze: lecytyna s\u0142onecznikowa, otoczka kapsu\u0142ki: hydroksypropylometyloceluloza, tr\u00f3jglicerydy o \u015bredniej d\u0142ugo\u015bci \u0142a\u0144cucha, no\u015bnik &#8211; wosk pszczeli, barwnik &#8211; ekstrakt z paprykiPorcja dzienna: 1 kapsu\u0142kaOpakowanie zawiera: 30 kapsu\u0142ek (Licaps\u00ae)Sk\u0142ad w porcji dziennej (1 kapsu\u0142ka) RWS*Witamina C (kwas L-askorbinowy) 125 mg 156%* referencyjne warto\u015bci spo\u017cyciaDzia\u0142anie witaminy C:pomaga w utrzymaniu prawid\u0142owego funkcjonowania uk\u0142adu odporno\u015bciowego w trakcie intensywnych \u0107wicze\u0144 fizycznych i po nichpomaga w prawid\u0142owej produkcji kolagenu w celu zapewnienia prawid\u0142owego funkcjonowania naczy\u0144 krwiono\u015bnychpomaga w prawid\u0142owej produkcji kolagenu w celu zapewnienia prawid\u0142owego funkcjonowania ko\u015bcipomaga w prawid\u0142owej produkcji kolagenu w celu zapewnienia prawid\u0142owego funkcjonowania chrz\u0105stki, dzi\u0105se\u0142, sk\u00f3ry i z\u0119b\u00f3wprzyczynia si\u0119 do utrzymania prawid\u0142owego metabolizmu energetycznegopomaga w prawid\u0142owym funkcjonowaniu uk\u0142adu nerwowego pomaga w utrzymaniu prawid\u0142owych funkcji psychologicznychpomaga w prawid\u0142owym funkcjonowaniu uk\u0142adu odporno\u015bciowegopomaga w ochronie kom\u00f3rek przed stresem oksydacyjnymprzyczynia si\u0119 do zmniejszenia uczucia zm\u0119czenia i znu\u017ceniapomaga w regeneracji zredukowanej formy witaminy Ezwi\u0119ksza przyswajanie \u017celazaSpos\u00f3b u\u017cycia: 1 kapsu\u0142ka dziennie podczas posi\u0142ku.Spos\u00f3b przechowywania: przechowywa\u0107 w zamkni\u0119tym opakowaniu w ch\u0142odnym, suchym miejscu, niedost\u0119pnym dla ma\u0142ych dzieci.Uwagi: nie nale\u017cy przekracza\u0107 zalecanej porcji dziennej. Suplement diety, nie mo\u017ce by\u0107 stosowany jako substytut zr\u00f3\u017cnicowanej diety i zdrowego trybu \u017cycia. Utrzymanie prawid\u0142owego stanu zdrowia wymaga zr\u00f3wnowa\u017conego od\u017cywiania i prowadzenia zdrowego trybu \u017cycia.Stosowa\u0107 ostro\u017cnie u os\u00f3b, kt\u00f3re maj\u0105 sk\u0142onno\u015b\u0107 do tworzenia si\u0119 kamieni nerkowych lub borykaj\u0105cych si\u0119 z kamic\u0105 nerkow\u0105.Nale\u017cy prowadzi\u0107 zdrowy tryb \u017cycia i prawid\u0142owo si\u0119 od\u017cywia\u0107.<\/p>\n<p>Minera\u0142y i witaminy<\/p>\n<p>olej do sma\u017cenia w sprayu, wit. b complex, czystek a cukrzyca, ocet 7 zi\u00f3\u0142 gdzie kupi\u0107, warzywa duszone, kaszka po 6 miesi\u0105cu<\/p>\n<p>yyyyy<\/p>\n","protected":false},"excerpt":{"rendered":"<p>Sk\u0142adniki suplementu diety: witamina C (kwas L-askorbinowy), substancje pomocnicze: lecytyna s\u0142onecznikowa, otoczka kapsu\u0142ki: hydroksypropylometyloceluloza, tr\u00f3jglicerydy o \u015bredniej d\u0142ugo\u015bci \u0142a\u0144cucha, no\u015bnik&hellip;<\/p>\n","protected":false},"featured_media":4840,"comment_status":"closed","ping_status":"open","template":"","meta":[],"product_cat":[39],"product_tag":[744,659,643,759,711],"class_list":["post-4839","product","type-product","status-publish","has-post-thumbnail","hentry","product_cat-kremy-do-twarzy","product_tag-haagen-dazs","product_tag-jajka-marynowane-po-koreansku","product_tag-jak-ugotowac-komose","product_tag-kurkuma","product_tag-pestki-granatu-wlasciwosci"],"_links":{"self":[{"href":"https:\/\/wegeblw.pl\/index.php\/wp-json\/wp\/v2\/product\/4839","targetHints":{"allow":["GET"]}}],"collection":[{"href":"https:\/\/wegeblw.pl\/index.php\/wp-json\/wp\/v2\/product"}],"about":[{"href":"https:\/\/wegeblw.pl\/index.php\/wp-json\/wp\/v2\/types\/product"}],"replies":[{"embeddable":true,"href":"https:\/\/wegeblw.pl\/index.php\/wp-json\/wp\/v2\/comments?post=4839"}],"wp:featuredmedia":[{"embeddable":true,"href":"https:\/\/wegeblw.pl\/index.php\/wp-json\/wp\/v2\/media\/4840"}],"wp:attachment":[{"href":"https:\/\/wegeblw.pl\/index.php\/wp-json\/wp\/v2\/media?parent=4839"}],"wp:term":[{"taxonomy":"product_cat","embeddable":true,"href":"https:\/\/wegeblw.pl\/index.php\/wp-json\/wp\/v2\/product_cat?post=4839"},{"taxonomy":"product_tag","embeddable":true,"href":"https:\/\/wegeblw.pl\/index.php\/wp-json\/wp\/v2\/product_tag?post=4839"}],"curies":[{"name":"wp","href":"https:\/\/api.w.org\/{rel}","templated":true}]}}