{"id":4841,"date":"2025-06-29T05:29:09","date_gmt":"2025-06-29T03:29:09","guid":{"rendered":"https:\/\/wegeblw.pl\/?post_type=product&#038;p=4841"},"modified":"2026-04-09T00:49:59","modified_gmt":"2026-04-08T22:49:59","slug":"ella-bache-antyoksydacyjny-krem-do-twarzy-perfect-antioxidant-radiance-tomato-krem-3ml","status":"publish","type":"product","link":"https:\/\/wegeblw.pl\/index.php\/produkt\/ella-bache-antyoksydacyjny-krem-do-twarzy-perfect-antioxidant-radiance-tomato-krem-3ml\/","title":{"rendered":"Ella Bache Antyoksydacyjny Krem Do Twarzy &#8211; Perfect Antioxidant Radiance Tomato Krem 3ml"},"content":{"rendered":"<p>Air Optix + Hg for Astigmatism 3 -10,00; -2,25 140<\/p>\n<p>Soczewki kontaktowe<\/p>\n<p>gold vit d3 k2 4000, cukier a cukier puder, melasa z trzciny cukrowej w\u0142a\u015bciwo\u015bci, \u017celazo kwas foliowy, ile gotuje si\u0119 kasza j\u0119czmienna, yerba mate palo santo, korze\u0144 traganka b\u0142oniastego, wyst\u0119powanie witaminy d<\/p>\n<p>yyyyy<\/p>\n","protected":false},"excerpt":{"rendered":"<p>Air Optix + Hg for Astigmatism 3 -10,00; -2,25 140 Soczewki kontaktowe gold vit d3 k2 4000, cukier a cukier&hellip;<\/p>\n","protected":false},"featured_media":4842,"comment_status":"closed","ping_status":"open","template":"","meta":[],"product_cat":[39],"product_tag":[788,658,620,784,867,706],"class_list":["post-4841","product","type-product","status-publish","has-post-thumbnail","hentry","product_cat-kremy-do-twarzy","product_tag-beyond-meat-burger","product_tag-beyond-meat-polska","product_tag-kielbasa-wiejska","product_tag-mieso-weganskie","product_tag-siemie-lniane-blonnik","product_tag-soki-wielowarzywne"],"_links":{"self":[{"href":"https:\/\/wegeblw.pl\/index.php\/wp-json\/wp\/v2\/product\/4841","targetHints":{"allow":["GET"]}}],"collection":[{"href":"https:\/\/wegeblw.pl\/index.php\/wp-json\/wp\/v2\/product"}],"about":[{"href":"https:\/\/wegeblw.pl\/index.php\/wp-json\/wp\/v2\/types\/product"}],"replies":[{"embeddable":true,"href":"https:\/\/wegeblw.pl\/index.php\/wp-json\/wp\/v2\/comments?post=4841"}],"wp:featuredmedia":[{"embeddable":true,"href":"https:\/\/wegeblw.pl\/index.php\/wp-json\/wp\/v2\/media\/4842"}],"wp:attachment":[{"href":"https:\/\/wegeblw.pl\/index.php\/wp-json\/wp\/v2\/media?parent=4841"}],"wp:term":[{"taxonomy":"product_cat","embeddable":true,"href":"https:\/\/wegeblw.pl\/index.php\/wp-json\/wp\/v2\/product_cat?post=4841"},{"taxonomy":"product_tag","embeddable":true,"href":"https:\/\/wegeblw.pl\/index.php\/wp-json\/wp\/v2\/product_tag?post=4841"}],"curies":[{"name":"wp","href":"https:\/\/api.w.org\/{rel}","templated":true}]}}