{"id":487,"date":"2022-01-13T10:11:12","date_gmt":"2022-01-13T09:11:12","guid":{"rendered":"https:\/\/wegeblw.pl\/index.php\/produkt\/la-roche-posay-toleriane-teint-podklad-korygujacy-10-ivory-30ml\/"},"modified":"2026-04-09T00:17:03","modified_gmt":"2026-04-08T22:17:03","slug":"la-roche-posay-toleriane-teint-podklad-korygujacy-10-ivory-30ml","status":"publish","type":"product","link":"https:\/\/wegeblw.pl\/index.php\/produkt\/la-roche-posay-toleriane-teint-podklad-korygujacy-10-ivory-30ml\/","title":{"rendered":"La Roche Posay Toleriane Teint Podk\u0142ad koryguj\u0105cy 10 ivory 30ml"},"content":{"rendered":"<p>Literatura sensacyjna i grozy<\/p>\n<p>chlebowy do picia, barszcz z butelki, sza\u0142wia na b\u00f3l brzucha, mucha w uchu, herbata zielona z mi\u0119t\u0105, przyprawa do ryb, dieta przyk\u0142adowa, makaron duze muszle, pomys\u0142 na makaron ry\u017cowy, czym zast\u0105pi\u0107 skrobi\u0119 ziemniaczan\u0105<\/p>\n<p>yyyyy<\/p>\n","protected":false},"excerpt":{"rendered":"<p>Literatura sensacyjna i grozy chlebowy do picia, barszcz z butelki, sza\u0142wia na b\u00f3l brzucha, mucha w uchu, herbata zielona z&hellip;<\/p>\n","protected":false},"featured_media":488,"comment_status":"closed","ping_status":"open","template":"","meta":[],"product_cat":[36],"product_tag":[829,804,757,706],"class_list":["post-487","product","type-product","status-publish","has-post-thumbnail","hentry","product_cat-dermokosmetyki","product_tag-marchew-ekologiczna","product_tag-quinoa-jak-gotowac","product_tag-roslinny-qurczak","product_tag-soki-wielowarzywne"],"_links":{"self":[{"href":"https:\/\/wegeblw.pl\/index.php\/wp-json\/wp\/v2\/product\/487","targetHints":{"allow":["GET"]}}],"collection":[{"href":"https:\/\/wegeblw.pl\/index.php\/wp-json\/wp\/v2\/product"}],"about":[{"href":"https:\/\/wegeblw.pl\/index.php\/wp-json\/wp\/v2\/types\/product"}],"replies":[{"embeddable":true,"href":"https:\/\/wegeblw.pl\/index.php\/wp-json\/wp\/v2\/comments?post=487"}],"wp:featuredmedia":[{"embeddable":true,"href":"https:\/\/wegeblw.pl\/index.php\/wp-json\/wp\/v2\/media\/488"}],"wp:attachment":[{"href":"https:\/\/wegeblw.pl\/index.php\/wp-json\/wp\/v2\/media?parent=487"}],"wp:term":[{"taxonomy":"product_cat","embeddable":true,"href":"https:\/\/wegeblw.pl\/index.php\/wp-json\/wp\/v2\/product_cat?post=487"},{"taxonomy":"product_tag","embeddable":true,"href":"https:\/\/wegeblw.pl\/index.php\/wp-json\/wp\/v2\/product_tag?post=487"}],"curies":[{"name":"wp","href":"https:\/\/api.w.org\/{rel}","templated":true}]}}