{"id":4891,"date":"2015-04-18T01:18:46","date_gmt":"2015-04-17T23:18:46","guid":{"rendered":"https:\/\/wegeblw.pl\/index.php\/produkt\/moje-dziecko-doprowadza-mnie-do-szalu-jak-zrozumiec-to-co-dzieje-sie-w-glowie-twojego-dziecka\/"},"modified":"2026-04-08T06:13:46","modified_gmt":"2026-04-08T04:13:46","slug":"moje-dziecko-doprowadza-mnie-do-szalu-jak-zrozumiec-to-co-dzieje-sie-w-glowie-twojego-dziecka","status":"publish","type":"product","link":"https:\/\/wegeblw.pl\/index.php\/produkt\/moje-dziecko-doprowadza-mnie-do-szalu-jak-zrozumiec-to-co-dzieje-sie-w-glowie-twojego-dziecka\/","title":{"rendered":"Moje dziecko doprowadza mnie do sza\u0142u. Jak zrozumie\u0107 to co dzieje si\u0119 w g\u0142owie twojego dziecka"},"content":{"rendered":"<p>Swanson Koenzym Q10 100 Mg 100 softgel CoQ10 100mg<\/p>\n<p>Preparaty medycyny naturalnej<\/p>\n<p>pesto czerwone z pomidor\u00f3w, smalec wieprzowy w kosmetyce, proszek do pieczenia bio, mleko ryzowe, nieaktywne, wiesiolek, jezu ty si\u0119 tym zajmij, maka z cieciorki, keto vege, musztarda kozaka, chlorek magnezu doustnie, olejki eteryczne w\u0142a\u015bciwo\u015bci<\/p>\n<p>yyyyy<\/p>\n","protected":false},"excerpt":{"rendered":"<p>Swanson Koenzym Q10 100 Mg 100 softgel CoQ10 100mg Preparaty medycyny naturalnej pesto czerwone z pomidor\u00f3w, smalec wieprzowy w kosmetyce,&hellip;<\/p>\n","protected":false},"featured_media":4892,"comment_status":"closed","ping_status":"open","template":"","meta":[],"product_cat":[376],"product_tag":[742,679,723,873,647,761],"class_list":["post-4891","product","type-product","status-publish","has-post-thumbnail","hentry","product_cat-poradniki-psychologiczne","product_tag-beyond-meat-warszawa","product_tag-dynia-hokkaido","product_tag-guar","product_tag-jak-przygotowac-komose-ryzowa","product_tag-kurczak-bio","product_tag-sklep-ze-zdrowa-zywnoscia-warszawa"],"_links":{"self":[{"href":"https:\/\/wegeblw.pl\/index.php\/wp-json\/wp\/v2\/product\/4891","targetHints":{"allow":["GET"]}}],"collection":[{"href":"https:\/\/wegeblw.pl\/index.php\/wp-json\/wp\/v2\/product"}],"about":[{"href":"https:\/\/wegeblw.pl\/index.php\/wp-json\/wp\/v2\/types\/product"}],"replies":[{"embeddable":true,"href":"https:\/\/wegeblw.pl\/index.php\/wp-json\/wp\/v2\/comments?post=4891"}],"wp:featuredmedia":[{"embeddable":true,"href":"https:\/\/wegeblw.pl\/index.php\/wp-json\/wp\/v2\/media\/4892"}],"wp:attachment":[{"href":"https:\/\/wegeblw.pl\/index.php\/wp-json\/wp\/v2\/media?parent=4891"}],"wp:term":[{"taxonomy":"product_cat","embeddable":true,"href":"https:\/\/wegeblw.pl\/index.php\/wp-json\/wp\/v2\/product_cat?post=4891"},{"taxonomy":"product_tag","embeddable":true,"href":"https:\/\/wegeblw.pl\/index.php\/wp-json\/wp\/v2\/product_tag?post=4891"}],"curies":[{"name":"wp","href":"https:\/\/api.w.org\/{rel}","templated":true}]}}