{"id":4893,"date":"2022-07-09T09:34:43","date_gmt":"2022-07-09T07:34:43","guid":{"rendered":"https:\/\/wegeblw.pl\/index.php\/produkt\/beksinski-obrazy-zdzislaw-beksinski-ksiazka\/"},"modified":"2026-04-09T09:02:28","modified_gmt":"2026-04-09T07:02:28","slug":"beksinski-obrazy-zdzislaw-beksinski-ksiazka","status":"publish","type":"product","link":"https:\/\/wegeblw.pl\/index.php\/produkt\/beksinski-obrazy-zdzislaw-beksinski-ksiazka\/","title":{"rendered":"Beksi\u0144ski. Obrazy &#8211; Zdzis\u0142aw Beksi\u0144ski [ksi\u0105\u017cka]"},"content":{"rendered":"<p>SVR Topialyse Baume Protect +  regeneruj\u0105cy balsam do sk\u00f3ry suchej i atopowej<\/p>\n<p>Kosmetyki dla dzieci i niemowl\u0105t<\/p>\n<p>ciasteczka kokosowe, kulki miodowe, zapalenie pecherza leczenie, jogurt sojowy, bu\u0142ki bezglutenowe<\/p>\n<p>yyyyy<\/p>\n","protected":false},"excerpt":{"rendered":"<p>SVR Topialyse Baume Protect + regeneruj\u0105cy balsam do sk\u00f3ry suchej i atopowej Kosmetyki dla dzieci i niemowl\u0105t ciasteczka kokosowe, kulki&hellip;<\/p>\n","protected":false},"featured_media":4894,"comment_status":"closed","ping_status":"open","template":"","meta":[],"product_cat":[379],"product_tag":[656,843,880,773],"class_list":["post-4893","product","type-product","status-publish","has-post-thumbnail","hentry","product_cat-albumy","product_tag-ekologiczne-mieso","product_tag-jak-gotowac-komose-ryzowa","product_tag-kotlet-weganski-linda-mccartney","product_tag-organic-sklep"],"_links":{"self":[{"href":"https:\/\/wegeblw.pl\/index.php\/wp-json\/wp\/v2\/product\/4893","targetHints":{"allow":["GET"]}}],"collection":[{"href":"https:\/\/wegeblw.pl\/index.php\/wp-json\/wp\/v2\/product"}],"about":[{"href":"https:\/\/wegeblw.pl\/index.php\/wp-json\/wp\/v2\/types\/product"}],"replies":[{"embeddable":true,"href":"https:\/\/wegeblw.pl\/index.php\/wp-json\/wp\/v2\/comments?post=4893"}],"wp:featuredmedia":[{"embeddable":true,"href":"https:\/\/wegeblw.pl\/index.php\/wp-json\/wp\/v2\/media\/4894"}],"wp:attachment":[{"href":"https:\/\/wegeblw.pl\/index.php\/wp-json\/wp\/v2\/media?parent=4893"}],"wp:term":[{"taxonomy":"product_cat","embeddable":true,"href":"https:\/\/wegeblw.pl\/index.php\/wp-json\/wp\/v2\/product_cat?post=4893"},{"taxonomy":"product_tag","embeddable":true,"href":"https:\/\/wegeblw.pl\/index.php\/wp-json\/wp\/v2\/product_tag?post=4893"}],"curies":[{"name":"wp","href":"https:\/\/api.w.org\/{rel}","templated":true}]}}