{"id":4905,"date":"2016-05-20T13:58:44","date_gmt":"2016-05-20T11:58:44","guid":{"rendered":"https:\/\/wegeblw.pl\/index.php\/produkt\/jak-rozwijac-silna-wole-dariusz-zalewski\/"},"modified":"2026-04-07T03:01:16","modified_gmt":"2026-04-07T01:01:16","slug":"jak-rozwijac-silna-wole-dariusz-zalewski","status":"publish","type":"product","link":"https:\/\/wegeblw.pl\/index.php\/produkt\/jak-rozwijac-silna-wole-dariusz-zalewski\/","title":{"rendered":"Jak Rozwija\u0107 Siln\u0105 Wol\u0119 Dariusz Zalewski"},"content":{"rendered":"<p>OstroVit Witamina C 1000 mg 20 tabletekOstroVit Witamina C 1000 to suplement diety w postaci tabletek musuj\u0105cych witamina C to jedna z najwa\u017cniejszych witamin, kt\u00f3ra ma ogromne znaczenie dla prawid\u0142owego funkcjonowania organizmu. To naturalne wsparcie uk\u0142adu odporno\u015bciowego. Witamina C marki OstroVit dostarcza 1000 mg kwasu askorbinowego do organizmu w ka\u017cdej porcji. Wzmacnia barier\u0119 ochronn\u0105 oraz wspomaga j\u0105 w walce z drobnoustrojami i wirusami, a dodatkowo poprawia stan tkanki \u0142\u0105cznej i wspiera kondycj\u0119 psychofizyczn\u0105.1 porcja = 1 tabletkaIlo\u015b\u0107 porcji w opakowaniu 20W formie \u0142atwych w u\u017cyciu tabletek musuj\u0105cychOrze\u017awiaj\u0105cy, cytrynowy smakKwas L-askorbinowyTo organiczny zwi\u0105zek chemiczny z grupy alkoholi polihydroksylowych. Jest to niezb\u0119dny sk\u0142adnik od\u017cywczy w diecie cz\u0142owieka, kt\u00f3ry odpowiada g\u0142\u00f3wnie za prawid\u0142owe funkcjonowanie tkanki \u0142\u0105cznej oraz ko\u015bci. Jego biologicznie aktywna forma &#8211; witamina C, dzia\u0142a jako czynnik redukuj\u0105cy, oraz koenzym w kilku szlakach metabolicznych organizmu cz\u0142owieka. Witamina C jest uwa\u017cana za jeden z g\u0142\u00f3wnych przeciwutleniaczy.W\u0142a\u015bciwo\u015bci OstroVit Vitamin C 1000Kwas askorbinowy m\u00f3wi\u0105c, \u017ce jest niezb\u0119dnym zwi\u0105zkiem egzogennym, mamy na my\u015bli fakt, kt\u00f3ry \u015bwiadczy o braku mechanizmu syntezy witaminy C w naszym organizmie i konieczne jest jej dostarczanie z wraz z po\u017cywieniem, czy poprzez suplementacj\u0119. Witamina C posiada mas\u0119 zbawiennych w\u0142a\u015bciwo\u015bci i korzy\u015bci. Oto kilka z nich:Wp\u0142ywa pozytywnie przy zaburzeniach przep\u0142ywu krwiJest silnym antyoksydantem, kt\u00f3ry usuwa nadmiar wolnych rodnik\u00f3w z naszych kom\u00f3rekWykazuje dobroczynne dzia\u0142anie na uk\u0142ad nerwowy i odporno\u015bciowyWitamina C mo\u017ce przy\u015bpiesza\u0107 regeneracj\u0119 oraz wzrost mi\u0119\u015bni, gdy\u017c bierze bezpo\u015bredni udzia\u0142 w produkcji kolagenu (buduje tkank\u0119 mi\u0119\u015bniow\u0105)Udowodnione dobroczynnie dzia\u0142anie w\u015br\u00f3d sportowc\u00f3wPrzyczynia si\u0119 do zmniejszenia uczucia zm\u0119czenia i znu\u017ceniaPomaga w ochronie kom\u00f3rek przed stresem oksydacyjnymPomaga w prawid\u0142owym funkcjonowaniu uk\u0142adu odporno\u015bciowegoPomaga w prawid\u0142owym funkcjonowaniu uk\u0142adu nerwowegoJako\u015b\u0107 potwierdzona laboratoryjnieW trosce o zdrowie naszych klient\u00f3w, produkty przez nas wytwarzane poddawane s\u0105 regularnym badaniom w niezale\u017cnym akredytowanym laboratorium, w celu zapewnienia i utrzymania najwy\u017cszej jako\u015bci.OstroVit Vitamin C 1000 &#8211; Badanie na zawarto\u015b\u0107 kwasu askorbinowego 13.03.2019<\/p>\n<p>Minera\u0142y i witaminy<\/p>\n<p>\u017cywokostowa, sernik termoobieg, wywar wo\u0142owy, face beauty, masazer jadeitowy, clean forte zamiennik, malina ang, octu, \u0142upiny babka jajowata gdzie kupi\u0107, grzyby mun suszone, ocet jab\u0142kowy picie, zak\u0105tek santini, organic shop maska, olej rzepakowy hurtownia, kryszta\u0142 antyperspirant, w\u0119glowodany rafinowane<\/p>\n<p><a href=\"https:\/\/enklawa-institute.pl\/\" rel=\"nofollow\">https:\/\/enklawa-institute.pl\/<\/a><\/p>\n","protected":false},"excerpt":{"rendered":"<p>OstroVit Witamina C 1000 mg 20 tabletekOstroVit Witamina C 1000 to suplement diety w postaci tabletek musuj\u0105cych witamina C to&hellip;<\/p>\n","protected":false},"featured_media":4906,"comment_status":"closed","ping_status":"open","template":"","meta":[],"product_cat":[376],"product_tag":[748,876,833],"class_list":["post-4905","product","type-product","status-publish","has-post-thumbnail","hentry","product_cat-poradniki-psychologiczne","product_tag-czerwona-soczewica","product_tag-herbaty-bio","product_tag-maka-orkiszowa"],"_links":{"self":[{"href":"https:\/\/wegeblw.pl\/index.php\/wp-json\/wp\/v2\/product\/4905","targetHints":{"allow":["GET"]}}],"collection":[{"href":"https:\/\/wegeblw.pl\/index.php\/wp-json\/wp\/v2\/product"}],"about":[{"href":"https:\/\/wegeblw.pl\/index.php\/wp-json\/wp\/v2\/types\/product"}],"replies":[{"embeddable":true,"href":"https:\/\/wegeblw.pl\/index.php\/wp-json\/wp\/v2\/comments?post=4905"}],"wp:featuredmedia":[{"embeddable":true,"href":"https:\/\/wegeblw.pl\/index.php\/wp-json\/wp\/v2\/media\/4906"}],"wp:attachment":[{"href":"https:\/\/wegeblw.pl\/index.php\/wp-json\/wp\/v2\/media?parent=4905"}],"wp:term":[{"taxonomy":"product_cat","embeddable":true,"href":"https:\/\/wegeblw.pl\/index.php\/wp-json\/wp\/v2\/product_cat?post=4905"},{"taxonomy":"product_tag","embeddable":true,"href":"https:\/\/wegeblw.pl\/index.php\/wp-json\/wp\/v2\/product_tag?post=4905"}],"curies":[{"name":"wp","href":"https:\/\/api.w.org\/{rel}","templated":true}]}}