{"id":4925,"date":"2022-11-21T08:01:49","date_gmt":"2022-11-21T07:01:49","guid":{"rendered":"https:\/\/wegeblw.pl\/?post_type=product&#038;p=4925"},"modified":"2026-04-30T04:52:32","modified_gmt":"2026-04-30T02:52:32","slug":"zbyt-inteligentni-zeby-byc-szczesliwi","status":"publish","type":"product","link":"https:\/\/wegeblw.pl\/index.php\/produkt\/zbyt-inteligentni-zeby-byc-szczesliwi\/","title":{"rendered":"Zbyt inteligentni, \u017ceby by\u0107 szcz\u0119\u015bliwi"},"content":{"rendered":"<p>Oprawy okularowe Solano<\/p>\n<p>Okulary oprawki i szk\u0142a<\/p>\n<p>pl chili, olejek z brzozy, kwas cla, algi w tabletkach, warzywa warszawa, babka jajowata warto\u015bci od\u017cywcze, piekarnia bezglutenowa warszawa, potrawy na grila, mieszanka do wypieku chleba bezglutenowego<\/p>\n<p>yyyyy<\/p>\n","protected":false},"excerpt":{"rendered":"<p>Oprawy okularowe Solano Okulary oprawki i szk\u0142a pl chili, olejek z brzozy, kwas cla, algi w tabletkach, warzywa warszawa, babka&hellip;<\/p>\n","protected":false},"featured_media":4926,"comment_status":"closed","ping_status":"open","template":"","meta":[],"product_cat":[376],"product_tag":[656,664,783,711,663],"class_list":["post-4925","product","type-product","status-publish","has-post-thumbnail","hentry","product_cat-poradniki-psychologiczne","product_tag-ekologiczne-mieso","product_tag-komoda-ryzowa","product_tag-majonez-vita-pol","product_tag-pestki-granatu-wlasciwosci","product_tag-sekacz-ciasto"],"_links":{"self":[{"href":"https:\/\/wegeblw.pl\/index.php\/wp-json\/wp\/v2\/product\/4925","targetHints":{"allow":["GET"]}}],"collection":[{"href":"https:\/\/wegeblw.pl\/index.php\/wp-json\/wp\/v2\/product"}],"about":[{"href":"https:\/\/wegeblw.pl\/index.php\/wp-json\/wp\/v2\/types\/product"}],"replies":[{"embeddable":true,"href":"https:\/\/wegeblw.pl\/index.php\/wp-json\/wp\/v2\/comments?post=4925"}],"wp:featuredmedia":[{"embeddable":true,"href":"https:\/\/wegeblw.pl\/index.php\/wp-json\/wp\/v2\/media\/4926"}],"wp:attachment":[{"href":"https:\/\/wegeblw.pl\/index.php\/wp-json\/wp\/v2\/media?parent=4925"}],"wp:term":[{"taxonomy":"product_cat","embeddable":true,"href":"https:\/\/wegeblw.pl\/index.php\/wp-json\/wp\/v2\/product_cat?post=4925"},{"taxonomy":"product_tag","embeddable":true,"href":"https:\/\/wegeblw.pl\/index.php\/wp-json\/wp\/v2\/product_tag?post=4925"}],"curies":[{"name":"wp","href":"https:\/\/api.w.org\/{rel}","templated":true}]}}