{"id":4945,"date":"2015-04-29T04:22:33","date_gmt":"2015-04-29T02:22:33","guid":{"rendered":"https:\/\/wegeblw.pl\/index.php\/produkt\/kalendarz-adwentowy-bajkowa-kolekcja-disney\/"},"modified":"2026-04-08T07:54:35","modified_gmt":"2026-04-08T05:54:35","slug":"kalendarz-adwentowy-bajkowa-kolekcja-disney","status":"publish","type":"product","link":"https:\/\/wegeblw.pl\/index.php\/produkt\/kalendarz-adwentowy-bajkowa-kolekcja-disney\/","title":{"rendered":"Kalendarz adwentowy. Bajkowa kolekcja. Disney"},"content":{"rendered":"<p>Aktywny \u017cel do mycia twarzy Iwostin Purritin jest przeznaczony do oczyszczania sk\u00f3ry twarzy &#8211; mieszanej, t\u0142ustej i tr\u0105dzikowej.Potwierdzona skuteczno\u015b\u0107:- Oczyszcza, od\u015bwie\u017ca, widocznie matuje i zw\u0119\u017ca pory.- Regularne stosowanie daje odczuwalny efekt delikatnego z\u0142uszczenia, dzi\u0119ki czemu sk\u00f3ra jest g\u0142adka i mi\u0119kka w dotyku.- Zmniejsza widoczno\u015b\u0107 i sk\u0142onno\u015b\u0107 do powstawania niedoskona\u0142o\u015bci poprzez zmniejszenie wydzielania sebum.Potr\u00f3jna formu\u0142a (oczyszczenie + nawil\u017cenie + ograniczenie rozwoju bakterii):- Zincidone zmniejsza wydzielanie sebum- Wyci\u0105g z aloesu wzmacnia dermo-odporno\u015b\u0107 oraz \u0142agodzi i koi podra\u017cnienia.- Physiogenyl dzia\u0142a energizuj\u0105co, wspomagaj\u0105c proces odnowy nask\u00f3rka. Stanowi doskona\u0142e \u017ar\u00f3d\u0142o cennych pierwiastk\u00f3w \u015bladowych, takich jak cynk i mangan. Zapewnia r\u00f3wnie\u017c odpowiedni poziom nawil\u017cenia.- Innowacyjny Cobiostab 400 wykazuje dzia\u0142anie ograniczaj\u0105ce rozw\u00f3j bakterii.Przebadany dermatologicznie.<\/p>\n<p>Dermokosmetyki<\/p>\n<p>chlorek magnezu, kratka do grillowania, jedzenie wegetaria\u0144skie, colagen visanto, co to jest guarana, co mo\u017cna kupi\u0107 w sklepie spo\u017cywczym, ocet jab\u0142kowy m\u0119tny, bialko jaj, violife mozzarella, m\u0105ki ekologiczne<\/p>\n<p><a href=\"https:\/\/armodo.pl\/Skrzypiace-buty-przyczyny-i-sposoby-na-pozbycie-sie-problemu-blog-pol-1669043042.html\">armodo.pl\/Skrzypiace-buty-przyczyny-i-sposoby-na-pozbycie-sie-problemu-blog-pol-1669043042.html<\/a><\/p>\n","protected":false},"excerpt":{"rendered":"<p>Aktywny \u017cel do mycia twarzy Iwostin Purritin jest przeznaczony do oczyszczania sk\u00f3ry twarzy &#8211; mieszanej, t\u0142ustej i tr\u0105dzikowej.Potwierdzona skuteczno\u015b\u0107:- Oczyszcza,&hellip;<\/p>\n","protected":false},"featured_media":4946,"comment_status":"closed","ping_status":"open","template":"","meta":[],"product_cat":[378],"product_tag":[742,778,694,767,665],"class_list":["post-4945","product","type-product","status-publish","has-post-thumbnail","hentry","product_cat-literatura-dla-dzieci-i-mlodziezy","product_tag-beyond-meat-warszawa","product_tag-burak","product_tag-makaron-0kcal","product_tag-quinoa-komosa-ryzowa","product_tag-weganskie-mieso"],"_links":{"self":[{"href":"https:\/\/wegeblw.pl\/index.php\/wp-json\/wp\/v2\/product\/4945","targetHints":{"allow":["GET"]}}],"collection":[{"href":"https:\/\/wegeblw.pl\/index.php\/wp-json\/wp\/v2\/product"}],"about":[{"href":"https:\/\/wegeblw.pl\/index.php\/wp-json\/wp\/v2\/types\/product"}],"replies":[{"embeddable":true,"href":"https:\/\/wegeblw.pl\/index.php\/wp-json\/wp\/v2\/comments?post=4945"}],"wp:featuredmedia":[{"embeddable":true,"href":"https:\/\/wegeblw.pl\/index.php\/wp-json\/wp\/v2\/media\/4946"}],"wp:attachment":[{"href":"https:\/\/wegeblw.pl\/index.php\/wp-json\/wp\/v2\/media?parent=4945"}],"wp:term":[{"taxonomy":"product_cat","embeddable":true,"href":"https:\/\/wegeblw.pl\/index.php\/wp-json\/wp\/v2\/product_cat?post=4945"},{"taxonomy":"product_tag","embeddable":true,"href":"https:\/\/wegeblw.pl\/index.php\/wp-json\/wp\/v2\/product_tag?post=4945"}],"curies":[{"name":"wp","href":"https:\/\/api.w.org\/{rel}","templated":true}]}}