{"id":4955,"date":"2024-05-25T04:16:49","date_gmt":"2024-05-25T02:16:49","guid":{"rendered":"https:\/\/wegeblw.pl\/?post_type=product&#038;p=4955"},"modified":"2026-04-07T03:12:21","modified_gmt":"2026-04-07T01:12:21","slug":"podstawy-przedsiebiorczosci-krok-w-przedsiebiorczosc-cwiczenia-klasa-2-liceum-i-technikum-depczynska-aneta-kozub-joanna-rachwal-tomasz","status":"publish","type":"product","link":"https:\/\/wegeblw.pl\/index.php\/produkt\/podstawy-przedsiebiorczosci-krok-w-przedsiebiorczosc-cwiczenia-klasa-2-liceum-i-technikum-depczynska-aneta-kozub-joanna-rachwal-tomasz\/","title":{"rendered":"Podstawy przedsi\u0119biorczo\u015bci. Krok w przedsi\u0119biorczo\u015b\u0107. \u0106wiczenia. Klasa 2. Liceum i technikum &#8211; Depczy\u0144ska Aneta, Kozub Joanna, Rachwa\u0142 Tomasz"},"content":{"rendered":"<p>Suplementy na odchudzanie<\/p>\n<p>mleka ro\u015blinne, tortilla pszenna, babalski sklep, zepsuty ocet jab\u0142kowy, chrupki pizza, kostki roso\u0142owe bio<\/p>\n<p>yyyyy<\/p>\n","protected":false},"excerpt":{"rendered":"<p>Suplementy na odchudzanie mleka ro\u015blinne, tortilla pszenna, babalski sklep, zepsuty ocet jab\u0142kowy, chrupki pizza, kostki roso\u0142owe bio yyyyy<\/p>\n","protected":false},"featured_media":4956,"comment_status":"closed","ping_status":"open","template":"","meta":[],"product_cat":[375],"product_tag":[730,790,784,683],"class_list":["post-4955","product","type-product","status-publish","has-post-thumbnail","hentry","product_cat-podreczniki-szkolne","product_tag-jogody","product_tag-majonez-vitapol-domowy","product_tag-mieso-weganskie","product_tag-ziola-regenerujace-nadnercza"],"_links":{"self":[{"href":"https:\/\/wegeblw.pl\/index.php\/wp-json\/wp\/v2\/product\/4955","targetHints":{"allow":["GET"]}}],"collection":[{"href":"https:\/\/wegeblw.pl\/index.php\/wp-json\/wp\/v2\/product"}],"about":[{"href":"https:\/\/wegeblw.pl\/index.php\/wp-json\/wp\/v2\/types\/product"}],"replies":[{"embeddable":true,"href":"https:\/\/wegeblw.pl\/index.php\/wp-json\/wp\/v2\/comments?post=4955"}],"wp:featuredmedia":[{"embeddable":true,"href":"https:\/\/wegeblw.pl\/index.php\/wp-json\/wp\/v2\/media\/4956"}],"wp:attachment":[{"href":"https:\/\/wegeblw.pl\/index.php\/wp-json\/wp\/v2\/media?parent=4955"}],"wp:term":[{"taxonomy":"product_cat","embeddable":true,"href":"https:\/\/wegeblw.pl\/index.php\/wp-json\/wp\/v2\/product_cat?post=4955"},{"taxonomy":"product_tag","embeddable":true,"href":"https:\/\/wegeblw.pl\/index.php\/wp-json\/wp\/v2\/product_tag?post=4955"}],"curies":[{"name":"wp","href":"https:\/\/api.w.org\/{rel}","templated":true}]}}