{"id":4963,"date":"2020-11-17T04:05:58","date_gmt":"2020-11-17T03:05:58","guid":{"rendered":"https:\/\/wegeblw.pl\/index.php\/produkt\/ajurwedyjski-detoks-naukowo-potwierdzony-4-stopniowy-program-na-stany-zapalne-zdrowie-jelit-ciala-i-umyslu\/"},"modified":"2026-04-09T12:37:45","modified_gmt":"2026-04-09T10:37:45","slug":"ajurwedyjski-detoks-naukowo-potwierdzony-4-stopniowy-program-na-stany-zapalne-zdrowie-jelit-ciala-i-umyslu","status":"publish","type":"product","link":"https:\/\/wegeblw.pl\/index.php\/produkt\/ajurwedyjski-detoks-naukowo-potwierdzony-4-stopniowy-program-na-stany-zapalne-zdrowie-jelit-ciala-i-umyslu\/","title":{"rendered":"Ajurwedyjski detoks. Naukowo potwierdzony 4-stopniowy program na stany zapalne, zdrowie jelit, cia\u0142a i umys\u0142u"},"content":{"rendered":"<p>Akcesoria i cz\u0119\u015bci modelarskie<\/p>\n<p>acerolla, amarantus do czego, yoko napoj, panko biedronka, shitake, czarna jagoda wroc\u0142aw, groch zolty, olej \u017cywokostowy z gojnikiem wroc\u0142aw, sosy rodzaje<\/p>\n<p>yyyyy<\/p>\n","protected":false},"excerpt":{"rendered":"<p>Akcesoria i cz\u0119\u015bci modelarskie acerolla, amarantus do czego, yoko napoj, panko biedronka, shitake, czarna jagoda wroc\u0142aw, groch zolty, olej \u017cywokostowy&hellip;<\/p>\n","protected":false},"featured_media":4964,"comment_status":"closed","ping_status":"open","template":"","meta":[],"product_cat":[374],"product_tag":[744,764,622],"class_list":["post-4963","product","type-product","status-publish","has-post-thumbnail","hentry","product_cat-zdrowie-i-diety","product_tag-haagen-dazs","product_tag-jogurty-bez-mleka","product_tag-vege-mieso"],"_links":{"self":[{"href":"https:\/\/wegeblw.pl\/index.php\/wp-json\/wp\/v2\/product\/4963","targetHints":{"allow":["GET"]}}],"collection":[{"href":"https:\/\/wegeblw.pl\/index.php\/wp-json\/wp\/v2\/product"}],"about":[{"href":"https:\/\/wegeblw.pl\/index.php\/wp-json\/wp\/v2\/types\/product"}],"replies":[{"embeddable":true,"href":"https:\/\/wegeblw.pl\/index.php\/wp-json\/wp\/v2\/comments?post=4963"}],"wp:featuredmedia":[{"embeddable":true,"href":"https:\/\/wegeblw.pl\/index.php\/wp-json\/wp\/v2\/media\/4964"}],"wp:attachment":[{"href":"https:\/\/wegeblw.pl\/index.php\/wp-json\/wp\/v2\/media?parent=4963"}],"wp:term":[{"taxonomy":"product_cat","embeddable":true,"href":"https:\/\/wegeblw.pl\/index.php\/wp-json\/wp\/v2\/product_cat?post=4963"},{"taxonomy":"product_tag","embeddable":true,"href":"https:\/\/wegeblw.pl\/index.php\/wp-json\/wp\/v2\/product_tag?post=4963"}],"curies":[{"name":"wp","href":"https:\/\/api.w.org\/{rel}","templated":true}]}}