{"id":4989,"date":"2024-12-15T09:46:49","date_gmt":"2024-12-15T08:46:49","guid":{"rendered":"https:\/\/wegeblw.pl\/?post_type=product&#038;p=4989"},"modified":"2026-04-08T07:54:33","modified_gmt":"2026-04-08T05:54:33","slug":"kiedy-panikujesz-nowa-psychoterapia-stanow-lekowych-ktora-odmieni-twoje-zycie","status":"publish","type":"product","link":"https:\/\/wegeblw.pl\/index.php\/produkt\/kiedy-panikujesz-nowa-psychoterapia-stanow-lekowych-ktora-odmieni-twoje-zycie\/","title":{"rendered":"Kiedy panikujesz. Nowa psychoterapia stan\u00f3w l\u0119kowych, kt\u00f3ra odmieni twoje \u017cycie"},"content":{"rendered":"<p>Mas\u0142o orzechowe zawieraj\u0105ce 100% pra\u017conych orzech\u00f3w arachidowych bez dodatku soli, cukru i oleju palmowego. Orzechy arachidowe zawieraj\u0105 najwi\u0119cej bia\u0142ka spo\u015br\u00f3d wszystkich orzech\u00f3w. Obecne w nich nienasycone kwasy t\u0142uszczowe pomagaj\u0105 obni\u017cy\u0107 poziom z\u0142ego cholesterolu we krwi oraz wspomagaj\u0105 prac\u0119 m\u00f3zgu. S\u0105 r\u00f3wnie\u017c bogate w magnez, potas oraz witamin\u0119 E.<\/p>\n<p>Zdrowa \u017cywno\u015b\u0107<\/p>\n<p>wino aloesowe, jagody acai opinie, picie octu spirytusowego, \u017ceberka w sosie bbq, orzechy nerkowca ceny, chlorella w tabletkach, co mo\u017cna zrobi\u0107 z m\u0105ki orkiszowej, r\u00f3\u017cnica mi\u0119dzy cieciorka a ciecierzyca, koenzym q10, kt\u00f3ry wybra\u0107, z niego kasza jaglana, ferrari papier, czepota puszysta, drozdze odzywcze<\/p>\n<p>yyyyy<\/p>\n","protected":false},"excerpt":{"rendered":"<p>Mas\u0142o orzechowe zawieraj\u0105ce 100% pra\u017conych orzech\u00f3w arachidowych bez dodatku soli, cukru i oleju palmowego. Orzechy arachidowe zawieraj\u0105 najwi\u0119cej bia\u0142ka spo\u015br\u00f3d&hellip;<\/p>\n","protected":false},"featured_media":4990,"comment_status":"closed","ping_status":"open","template":"","meta":[],"product_cat":[376],"product_tag":[632,675,630],"class_list":["post-4989","product","type-product","status-publish","has-post-thumbnail","hentry","product_cat-poradniki-psychologiczne","product_tag-komosa-ryzowa-jak-gotowac","product_tag-limonki","product_tag-vege-slodycze"],"_links":{"self":[{"href":"https:\/\/wegeblw.pl\/index.php\/wp-json\/wp\/v2\/product\/4989","targetHints":{"allow":["GET"]}}],"collection":[{"href":"https:\/\/wegeblw.pl\/index.php\/wp-json\/wp\/v2\/product"}],"about":[{"href":"https:\/\/wegeblw.pl\/index.php\/wp-json\/wp\/v2\/types\/product"}],"replies":[{"embeddable":true,"href":"https:\/\/wegeblw.pl\/index.php\/wp-json\/wp\/v2\/comments?post=4989"}],"wp:featuredmedia":[{"embeddable":true,"href":"https:\/\/wegeblw.pl\/index.php\/wp-json\/wp\/v2\/media\/4990"}],"wp:attachment":[{"href":"https:\/\/wegeblw.pl\/index.php\/wp-json\/wp\/v2\/media?parent=4989"}],"wp:term":[{"taxonomy":"product_cat","embeddable":true,"href":"https:\/\/wegeblw.pl\/index.php\/wp-json\/wp\/v2\/product_cat?post=4989"},{"taxonomy":"product_tag","embeddable":true,"href":"https:\/\/wegeblw.pl\/index.php\/wp-json\/wp\/v2\/product_tag?post=4989"}],"curies":[{"name":"wp","href":"https:\/\/api.w.org\/{rel}","templated":true}]}}