{"id":4991,"date":"2021-07-25T00:07:20","date_gmt":"2021-07-24T22:07:20","guid":{"rendered":"https:\/\/wegeblw.pl\/index.php\/produkt\/mosty-w-dziejach-polski\/"},"modified":"2026-04-08T07:45:03","modified_gmt":"2026-04-08T05:45:03","slug":"mosty-w-dziejach-polski","status":"publish","type":"product","link":"https:\/\/wegeblw.pl\/index.php\/produkt\/mosty-w-dziejach-polski\/","title":{"rendered":"Mosty w dziejach Polski"},"content":{"rendered":"<p>Zestaw 9 baton\u00f3w Milk Choco Hazelnut<\/p>\n<p>Zdrowa \u017cywno\u015b\u0107<\/p>\n<p>olejek na porost w\u0142os\u00f3w, swieza kurkuma, pojemnik 100 ml, erytrytol do ciasta<\/p>\n<p>yyyyy<\/p>\n","protected":false},"excerpt":{"rendered":"<p>Zestaw 9 baton\u00f3w Milk Choco Hazelnut Zdrowa \u017cywno\u015b\u0107 olejek na porost w\u0142os\u00f3w, swieza kurkuma, pojemnik 100 ml, erytrytol do ciasta&hellip;<\/p>\n","protected":false},"featured_media":4992,"comment_status":"closed","ping_status":"open","template":"","meta":[],"product_cat":[388],"product_tag":[873,620,623,768,665],"class_list":["post-4991","product","type-product","status-publish","has-post-thumbnail","hentry","product_cat-informatyka","product_tag-jak-przygotowac-komose-ryzowa","product_tag-kielbasa-wiejska","product_tag-mleko-roslinne","product_tag-pasztet-z-soczewicy-z-suszonymi-pomidorami","product_tag-weganskie-mieso"],"_links":{"self":[{"href":"https:\/\/wegeblw.pl\/index.php\/wp-json\/wp\/v2\/product\/4991","targetHints":{"allow":["GET"]}}],"collection":[{"href":"https:\/\/wegeblw.pl\/index.php\/wp-json\/wp\/v2\/product"}],"about":[{"href":"https:\/\/wegeblw.pl\/index.php\/wp-json\/wp\/v2\/types\/product"}],"replies":[{"embeddable":true,"href":"https:\/\/wegeblw.pl\/index.php\/wp-json\/wp\/v2\/comments?post=4991"}],"wp:featuredmedia":[{"embeddable":true,"href":"https:\/\/wegeblw.pl\/index.php\/wp-json\/wp\/v2\/media\/4992"}],"wp:attachment":[{"href":"https:\/\/wegeblw.pl\/index.php\/wp-json\/wp\/v2\/media?parent=4991"}],"wp:term":[{"taxonomy":"product_cat","embeddable":true,"href":"https:\/\/wegeblw.pl\/index.php\/wp-json\/wp\/v2\/product_cat?post=4991"},{"taxonomy":"product_tag","embeddable":true,"href":"https:\/\/wegeblw.pl\/index.php\/wp-json\/wp\/v2\/product_tag?post=4991"}],"curies":[{"name":"wp","href":"https:\/\/api.w.org\/{rel}","templated":true}]}}