{"id":5001,"date":"2021-12-11T10:47:45","date_gmt":"2021-12-11T09:47:45","guid":{"rendered":"https:\/\/wegeblw.pl\/index.php\/produkt\/slodkie-flamingi-koloruj\/"},"modified":"2026-04-07T02:53:40","modified_gmt":"2026-04-07T00:53:40","slug":"slodkie-flamingi-koloruj","status":"publish","type":"product","link":"https:\/\/wegeblw.pl\/index.php\/produkt\/slodkie-flamingi-koloruj\/","title":{"rendered":"S\u0142odkie flamingi. Koloruj"},"content":{"rendered":"<p>Suplement dietyMuliwitamina + minera\u0142y suplement diety przeznaczony dla os\u00f3b doros\u0142ych jako uzupe\u0142nienie diety w 10 witamin i 7 minera\u0142\u00f3w.Zastosowanie: dla os\u00f3b doros\u0142ych jako uzupe\u0142nienie diety w witaminy i minera\u0142y.Zalecane spo\u017cycie: rozpu\u015bci\u0107 jedn\u0105 tabletk\u0119 w szklance ch\u0142odnej wody. Zaleca si\u0119 spo\u017cywa\u0107 jedn\u0105 tabletk\u0119 dziennie.Sk\u0142adniki: regulator kwasowo\u015bci: kwas cytrynowy; glukoza; regulator kwasowo\u015bci: w\u0119glany sodu; w\u0119glan magnezu; kwas L-askorbinowy (witamina C), amid kwasu nikotynowego (niacyna), octan DL-alfa-tokoferylu (witamina E), D-pantotenian wapnia (witamina B5), chlorowodorek pirydoksyny (witamina B6), ryboflawina (witamina B2), monoazotan tiaminy (witamina B1), kwas pteroilomonoglutaminowy (kwas foliowy), D-biotyna, cyjanokobalamina (witamina B12), siarczan \u017celaza, tlenek magnezu, tlenek cynku, siarczan miedzi, siarczan manganu, selenian sodu, jodek potasu, substancja s\u0142odz\u0105ca: sorbitole; aromat; substancje s\u0142odz\u0105ce: aspratam sacharyny. Produkt mo\u017ce zawiera\u0107 \u015bladowe ilo\u015bci laktozy.1 tabletka zawiera: witamina C 80mg (100%)*, niacyna (EN) 16mg (100%)*, witamina E 12mg (100%)*, kwas pantetonowy 6mg (100%)*, ryboflawina 1,4mg (100%)*, witamina B6 1,4mg (100%)*, tiamina 1,1mg (100%)*, kwas foliowy 200mcg (100%)*, biotyna 50mcg (100%)*, witamina B12 2,5mcg (100%)*, magnez 93,75mg (25%)*, \u017celazo 14mg (100%)*, cynk 7,5mg (75%)*, mied\u017a 0,5mg (50%)*, mangan 0,5mg (25%)*, selen 10mcg (18%)*, jod 75mcg (50%)*.*RWS &#8211; Referencyjna Warto\u015b\u0107 Spo\u017cyciaPrzeciwwskazania: nadwra\u017cliwo\u015b\u0107 na kt\u00f3rykolwiek ze sk\u0142adnik\u00f3w preparatu. Kobiety w ci\u0105\u017cy oraz matki karmi\u0105ce przed zastosowaniem preparatu powinny skonsultowa\u0107 si\u0119 z lekarzem.Wa\u017cne wskaz\u00f3wki:Nie nale\u017cy przekracza\u0107 zalecanej dziennej porcji do spo\u017cycia.Preparat nie mo\u017ce by\u0107 stosowany jako substytut (zamiennik) zr\u00f3znicowanej diety.Suplementy diety nie zast\u0119puj\u0105 zr\u00f3wnowa\u017conego sposobu \u017cywienia i zdrowego trybu \u017cycia.Przechowywa\u0107 w suchym miejscu, w temperaturze pokojowej, w miejscu niedost\u0119pnym dla ma\u0142ych dzieci.Suplement zawiera \u017ar\u00f3d\u0142o fenyloalaniny.Zawiera cukry i substancje s\u0142odz\u0105ce.Producent:Diagnosis S.A.Sienkiewicza 8215-005 Bia\u0142ystok<\/p>\n<p>Minera\u0142y i witaminy<\/p>\n<p>mas\u0142o orzechowe bio, orzechowy, barwa od\u017cywka octowa, co to msm, otrzymywanie \u015brodk\u00f3w inpost, b\u0142yskawiczne p\u0142atki owsiane, sodasan, olejek z drzewa herbacianego etja<\/p>\n<p>yyyyy<\/p>\n","protected":false},"excerpt":{"rendered":"<p>Suplement dietyMuliwitamina + minera\u0142y suplement diety przeznaczony dla os\u00f3b doros\u0142ych jako uzupe\u0142nienie diety w 10 witamin i 7 minera\u0142\u00f3w.Zastosowanie: dla&hellip;<\/p>\n","protected":false},"featured_media":5002,"comment_status":"closed","ping_status":"open","template":"","meta":[],"product_cat":[378],"product_tag":[625,638,796,756],"class_list":["post-5001","product","type-product","status-publish","has-post-thumbnail","hentry","product_cat-literatura-dla-dzieci-i-mlodziezy","product_tag-granat-jak-jesc","product_tag-onlybio-odzywka","product_tag-pasta-misi","product_tag-sklep-ekologiczny-warszawa"],"_links":{"self":[{"href":"https:\/\/wegeblw.pl\/index.php\/wp-json\/wp\/v2\/product\/5001","targetHints":{"allow":["GET"]}}],"collection":[{"href":"https:\/\/wegeblw.pl\/index.php\/wp-json\/wp\/v2\/product"}],"about":[{"href":"https:\/\/wegeblw.pl\/index.php\/wp-json\/wp\/v2\/types\/product"}],"replies":[{"embeddable":true,"href":"https:\/\/wegeblw.pl\/index.php\/wp-json\/wp\/v2\/comments?post=5001"}],"wp:featuredmedia":[{"embeddable":true,"href":"https:\/\/wegeblw.pl\/index.php\/wp-json\/wp\/v2\/media\/5002"}],"wp:attachment":[{"href":"https:\/\/wegeblw.pl\/index.php\/wp-json\/wp\/v2\/media?parent=5001"}],"wp:term":[{"taxonomy":"product_cat","embeddable":true,"href":"https:\/\/wegeblw.pl\/index.php\/wp-json\/wp\/v2\/product_cat?post=5001"},{"taxonomy":"product_tag","embeddable":true,"href":"https:\/\/wegeblw.pl\/index.php\/wp-json\/wp\/v2\/product_tag?post=5001"}],"curies":[{"name":"wp","href":"https:\/\/api.w.org\/{rel}","templated":true}]}}