{"id":5023,"date":"2023-05-23T20:00:13","date_gmt":"2023-05-23T18:00:13","guid":{"rendered":"https:\/\/wegeblw.pl\/?post_type=product&#038;p=5023"},"modified":"2026-04-07T03:01:00","modified_gmt":"2026-04-07T01:01:00","slug":"detroit-sekcja-zwlok-ameryki","status":"publish","type":"product","link":"https:\/\/wegeblw.pl\/index.php\/produkt\/detroit-sekcja-zwlok-ameryki\/","title":{"rendered":"Detroit. Sekcja zw\u0142ok Ameryki"},"content":{"rendered":"<p>WITAMINA C 1000 MG.Witamina C zalecana jest do stosowania u os\u00f3b z obni\u017con\u0105 odporno\u015bci\u0105, zw\u0142aszcza w okresie jesienno-zimowym lub w sytuacji kiedy jest zwi\u0119kszone zapotrzebowanie organizmu na witamin\u0119 C.Szczeg\u00f3lnie polecana jest osobom obci\u0105\u017conym stresem, w okresie zwi\u0119kszonego wysi\u0142ku fizycznego i intelektualnego oraz spo\u017cywaj\u0105cym alkohol lub u\u017cywaj\u0105cym tytoniu.Organizm cz\u0142owieka nie jest w stanie samodzielnie produkowa\u0107 witaminy C , dlatego powinna ona by\u0107 dostarczana z posi\u0142kami i\/lub w suplementach diety, zawieraj\u0105cych j\u0105 w sk\u0142adzie, jako kwas askorbinowy lub w innej postaci.W\u0142a\u015bciwo\u015bci witaminy C:Pomaga w utrzymaniu prawid\u0142owego funkcjonowania uk\u0142adu odporno\u015bciowego w trakcie intensywnych \u0107wicze\u0144 fizycznych i po nich;Pomaga w prawid\u0142owej produkcji kolagenu w celu zapewnienia prawid\u0142owego funkcjonowania naczy\u0144 krwiono\u015bnych;Pomaga w prawid\u0142owej produkcji kolagenu w celu zapewnienia prawid\u0142owego funkcjonowania ko\u015bci;Pomaga w prawid\u0142owej produkcji kolagenu w celu zapewnienia prawid\u0142owego funkcjonowania chrz\u0105stki;Pomaga w prawid\u0142owej produkcji kolagenu w celu zapewnienia prawid\u0142owego funkcjonowania dzi\u0105se\u0142 i z\u0119b\u00f3wWspomaga prawid\u0142ow\u0105 produkcj\u0119 kolagenu celem zapewnienia prawid\u0142owego funkcjonowania sk\u00f3ry.Przyczynia si\u0119 do utrzymania prawid\u0142owego metabolizmu energetycznego;Pomocna w prawid\u0142owym funkcjonowaniu uk\u0142adu nerwowego;Wspomaga utrzymanie prawid\u0142owych funkcji psychologicznych;Pomaga w ochronie kom\u00f3rek przed stresem oksydacyjnym;Przyczynia si\u0119 do zmniejszenia uczucia zm\u0119czenia i znu\u017cenia;Witamina C pomaga w regeneracji zredukowanej formy witaminy E i zwi\u0119ksza przyswajanie \u017celaza. SPOS\u00d3B U\u017bYCIA: 1 kapsu\u0142ka do spo\u017cycia na dzie\u0144 podczas posi\u0142ku popijaj\u0105c wod\u0105. Nie nale\u017cy przekracza\u0107 zalecanej porcji do spo\u017cycia w ci\u0105gu doby. Kobiety w ci\u0105\u017cy oraz karmi\u0105ce piersi\u0105 mog\u0105 za\u017cywa\u0107 preparat tylko po konsultacji z lekarzem.Tabela informacyjna:  Nazwa substancji 1 kapsu\u0142ka% RWS*Kwas L-askorbinowy 1000mg 1250%*Referencyjna warto\u015b\u0107 spo\u017cycia RWS OSTRZE\u017bENIA :Osoby ze sk\u0142onno\u015bciami do uczule\u0144, przyjmuj\u0105ce preparaty lecznicze, maj\u0105ce problemy zdrowotne (m.in. kamic\u0119 nerkow\u0105), kobiety w ci\u0105\u017cy, kobiety karmi\u0105ce piersi\u0105 przed zastosowaniem preparatu powinny skonsultowa\u0107 si\u0119 z lekarzem. Zr\u00f3\u017cnicowany spos\u00f3b od\u017cywiania i zdrowy tryb \u017cycia s\u0105 podstaw\u0105 prawid\u0142owego funkcjonowania organizmu. Preparat nie mo\u017ce by\u0107 stosowany jako substytut zr\u00f3\u017cnicowanej diety. Produkt nale\u017cy przechowywa\u0107 zamkni\u0119ty, w suchym i ch\u0142odnym miejscu. Suplement diety powinien by\u0107 przechowywany w spos\u00f3b niedost\u0119pny dla ma\u0142ych dzieci. Witamina C jest wra\u017cliwa na \u015bwiat\u0142o i wysok\u0105 temperatur\u0119, o czym nale\u017cy pami\u0119ta\u0107 podczas jej przyjmowania. ZAWARTO\u015a\u0106 : 60 kapsu\u0142ek 1000mgDATA WA\u017bNO\u015aCI : Znajduje si\u0119 na opakowaniuDYSTRYBUTOR:MedFuture sp. z o.o.Pl Powsta\u0144c\u00f3w \u015al\u0105skich 16-1853-314 Wroc\u0142aw<\/p>\n<p>\u015arodki na przezi\u0119bienie<\/p>\n<p>witamina c 1000 now, par\u00f3wki bio, barwy zdrowia, ro\u015blinny nabia\u0142, sok z buraka kiszonego, hepa fit, celiaki\u0105 co mo\u017cna je\u015b\u0107<\/p>\n<p>yyyyy<\/p>\n","protected":false},"excerpt":{"rendered":"<p>WITAMINA C 1000 MG.Witamina C zalecana jest do stosowania u os\u00f3b z obni\u017con\u0105 odporno\u015bci\u0105, zw\u0142aszcza w okresie jesienno-zimowym lub w&hellip;<\/p>\n","protected":false},"featured_media":5024,"comment_status":"closed","ping_status":"open","template":"","meta":[],"product_cat":[387],"product_tag":[692,649,860,832],"class_list":["post-5023","product","type-product","status-publish","has-post-thumbnail","hentry","product_cat-powiesci-i-opowiadania","product_tag-jelito-drazliwe","product_tag-organic24","product_tag-syrop-klonowy-cena","product_tag-vitapol-majonez"],"_links":{"self":[{"href":"https:\/\/wegeblw.pl\/index.php\/wp-json\/wp\/v2\/product\/5023","targetHints":{"allow":["GET"]}}],"collection":[{"href":"https:\/\/wegeblw.pl\/index.php\/wp-json\/wp\/v2\/product"}],"about":[{"href":"https:\/\/wegeblw.pl\/index.php\/wp-json\/wp\/v2\/types\/product"}],"replies":[{"embeddable":true,"href":"https:\/\/wegeblw.pl\/index.php\/wp-json\/wp\/v2\/comments?post=5023"}],"wp:featuredmedia":[{"embeddable":true,"href":"https:\/\/wegeblw.pl\/index.php\/wp-json\/wp\/v2\/media\/5024"}],"wp:attachment":[{"href":"https:\/\/wegeblw.pl\/index.php\/wp-json\/wp\/v2\/media?parent=5023"}],"wp:term":[{"taxonomy":"product_cat","embeddable":true,"href":"https:\/\/wegeblw.pl\/index.php\/wp-json\/wp\/v2\/product_cat?post=5023"},{"taxonomy":"product_tag","embeddable":true,"href":"https:\/\/wegeblw.pl\/index.php\/wp-json\/wp\/v2\/product_tag?post=5023"}],"curies":[{"name":"wp","href":"https:\/\/api.w.org\/{rel}","templated":true}]}}