{"id":5027,"date":"2014-12-27T19:37:24","date_gmt":"2014-12-27T18:37:24","guid":{"rendered":"https:\/\/wegeblw.pl\/index.php\/produkt\/organizacja-i-zasady-funkcjonowania-szpitalnego-banku-krwi\/"},"modified":"2026-04-08T04:29:46","modified_gmt":"2026-04-08T02:29:46","slug":"organizacja-i-zasady-funkcjonowania-szpitalnego-banku-krwi","status":"publish","type":"product","link":"https:\/\/wegeblw.pl\/index.php\/produkt\/organizacja-i-zasady-funkcjonowania-szpitalnego-banku-krwi\/","title":{"rendered":"Organizacja i zasady funkcjonowania szpitalnego banku krwi"},"content":{"rendered":"<p>&#8211; Prosty fason.- Zapi\u0119cie na suwak.- Mi\u0119kko wy\u015bcie\u0142any model.- R\u0119kawy wyko\u0144czone \u015bci\u0105gaczem.- Dolna kraw\u0119d\u017a wyko\u0144czona \u015bci\u0105gaczem.- Model z kapturem.- G\u0142adka dzianina.- Szeroko\u015b\u0107 pod pachami: 36 cm.- D\u0142ugo\u015b\u0107 r\u0119kawa: 40 cm.- D\u0142ugo\u015b\u0107: 41 cm.- Wymiary podane dla wzrostu: 110 cm.<\/p>\n<p>Bluzy i swetry dzieci\u0119ce<\/p>\n<p>migda\u0142y ca\u0142e, b\u0142onnik jak stosowa\u0107, matuli, \u015bliwki suszone cena, zielone szparagi czy obiera\u0107, \u0142uski babki p\u0142esznik, rodzaje skrobi, najlepszy energetyk, mus kokosowy do czego, ostrza\u0142ka do no\u017cy any sharp, syrop z imbiru pasteryzowany, vermis junior, ashwaghanda, only eco p\u0142yn do prania, ile kalorii maj\u0105 wi\u015bnie, daktyle 1 kg, rokitnika, mus wisniowy, dro\u017cd\u017ce w tabletkach skutki uboczne<\/p>\n<p><a href=\"https:\/\/wrolety.pl\/zaluzje-poziome\/\">\u017caluzje do biura<\/a><\/p>\n","protected":false},"excerpt":{"rendered":"<p>&#8211; Prosty fason.- Zapi\u0119cie na suwak.- Mi\u0119kko wy\u015bcie\u0142any model.- R\u0119kawy wyko\u0144czone \u015bci\u0105gaczem.- Dolna kraw\u0119d\u017a wyko\u0144czona \u015bci\u0105gaczem.- Model z kapturem.- G\u0142adka&hellip;<\/p>\n","protected":false},"featured_media":5028,"comment_status":"closed","ping_status":"open","template":"","meta":[],"product_cat":[374],"product_tag":[746,783,711,665,795],"class_list":["post-5027","product","type-product","status-publish","has-post-thumbnail","hentry","product_cat-zdrowie-i-diety","product_tag-majonez-byodo","product_tag-majonez-vita-pol","product_tag-pestki-granatu-wlasciwosci","product_tag-weganskie-mieso","product_tag-wino-bez-siarczanow"],"_links":{"self":[{"href":"https:\/\/wegeblw.pl\/index.php\/wp-json\/wp\/v2\/product\/5027","targetHints":{"allow":["GET"]}}],"collection":[{"href":"https:\/\/wegeblw.pl\/index.php\/wp-json\/wp\/v2\/product"}],"about":[{"href":"https:\/\/wegeblw.pl\/index.php\/wp-json\/wp\/v2\/types\/product"}],"replies":[{"embeddable":true,"href":"https:\/\/wegeblw.pl\/index.php\/wp-json\/wp\/v2\/comments?post=5027"}],"wp:featuredmedia":[{"embeddable":true,"href":"https:\/\/wegeblw.pl\/index.php\/wp-json\/wp\/v2\/media\/5028"}],"wp:attachment":[{"href":"https:\/\/wegeblw.pl\/index.php\/wp-json\/wp\/v2\/media?parent=5027"}],"wp:term":[{"taxonomy":"product_cat","embeddable":true,"href":"https:\/\/wegeblw.pl\/index.php\/wp-json\/wp\/v2\/product_cat?post=5027"},{"taxonomy":"product_tag","embeddable":true,"href":"https:\/\/wegeblw.pl\/index.php\/wp-json\/wp\/v2\/product_tag?post=5027"}],"curies":[{"name":"wp","href":"https:\/\/api.w.org\/{rel}","templated":true}]}}