{"id":5035,"date":"2020-05-23T19:47:26","date_gmt":"2020-05-23T17:47:26","guid":{"rendered":"https:\/\/wegeblw.pl\/index.php\/produkt\/star-wars-przebudzenie-mocy-ilustrowany-przewodnik\/"},"modified":"2026-04-29T17:33:09","modified_gmt":"2026-04-29T15:33:09","slug":"star-wars-przebudzenie-mocy-ilustrowany-przewodnik","status":"publish","type":"product","link":"https:\/\/wegeblw.pl\/index.php\/produkt\/star-wars-przebudzenie-mocy-ilustrowany-przewodnik\/","title":{"rendered":"Star Wars. Przebudzenie Mocy. Ilustrowany przewodnik"},"content":{"rendered":"<p>SK\u0141ADNIKIgurmar (Gymnema sylvestre)* zmielone li\u015bcie 100% (*certyfikowany sk\u0142adnik ekologiczny)OPISGurmar to ro\u015blina pochodz\u0105ca z Indii, kt\u00f3rych korzenie, li\u015bcie i nasiona s\u0105 stosowane w diecie ajurwedyjskiej.Dawniej wykorzystywana by\u0142a do poskromienia apetytu na s\u0142odycze.Powoduje blokowanie odczuwania smaku s\u0142odkiego przez kubki smakowe. Przyczynia si\u0119 do ograniczenia apetytu.Pi\u0107 3 x dziennie. 1\/3 \u0142y\u017ceczki rozpu\u015bci\u0107 w gor\u0105cej wodzie. Dzienne spo\u017cycie powinno wynosi\u0107 oko\u0142o 2,5-3 g proszku.Nie przekracza\u0107 zalecanej dziennej porcji do spo\u017cycia. Suplement diety nie mo\u017ce by\u0107 stosowany jako substytut zr\u00f3\u017cnicowanej diety.WARTO\u015a\u0106 OD\u017bYWCZA W 100 gWarto\u015b\u0107 energetyczna &#8211; 900 kJ \/ 215 kcalT\u0142uszcz &#8211; 0,0 gw tym kwasy t\u0142uszczowe nasycone &#8211; 0,0 gW\u0119glowodany &#8211; 90 gw tym cukry &#8211; 0,0 gBia\u0142ko &#8211; 0 gS\u00f3l &#8211; 0 gZALECANE WARUNKI PRZECHOWYWANIAPrzechowywa\u0107 w suchym i ch\u0142odnym miejscu, niedost\u0119pnym dla ma\u0142ych dzieci.<\/p>\n<p>Suplementy na odchudzanie<\/p>\n<p>dieta d\u0105browskiej efekty uboczne, sur\u00f3wki w diecie w\u0105trobowej, olej z pestek, czarna szczoteczka do z\u0119b\u00f3w, chillme, woda r\u00f3\u017cana na twarz<\/p>\n<p>yyyyy<\/p>\n","protected":false},"excerpt":{"rendered":"<p>SK\u0141ADNIKIgurmar (Gymnema sylvestre)* zmielone li\u015bcie 100% (*certyfikowany sk\u0142adnik ekologiczny)OPISGurmar to ro\u015blina pochodz\u0105ca z Indii, kt\u00f3rych korzenie, li\u015bcie i nasiona s\u0105&hellip;<\/p>\n","protected":false},"featured_media":5036,"comment_status":"closed","ping_status":"open","template":"","meta":[],"product_cat":[378],"product_tag":[651,852,855,836,699],"class_list":["post-5035","product","type-product","status-publish","has-post-thumbnail","hentry","product_cat-literatura-dla-dzieci-i-mlodziezy","product_tag-dieta-bezbialkowa","product_tag-fenkul","product_tag-kozie-mleko","product_tag-senkacz","product_tag-sok-z-cytryn"],"_links":{"self":[{"href":"https:\/\/wegeblw.pl\/index.php\/wp-json\/wp\/v2\/product\/5035","targetHints":{"allow":["GET"]}}],"collection":[{"href":"https:\/\/wegeblw.pl\/index.php\/wp-json\/wp\/v2\/product"}],"about":[{"href":"https:\/\/wegeblw.pl\/index.php\/wp-json\/wp\/v2\/types\/product"}],"replies":[{"embeddable":true,"href":"https:\/\/wegeblw.pl\/index.php\/wp-json\/wp\/v2\/comments?post=5035"}],"wp:featuredmedia":[{"embeddable":true,"href":"https:\/\/wegeblw.pl\/index.php\/wp-json\/wp\/v2\/media\/5036"}],"wp:attachment":[{"href":"https:\/\/wegeblw.pl\/index.php\/wp-json\/wp\/v2\/media?parent=5035"}],"wp:term":[{"taxonomy":"product_cat","embeddable":true,"href":"https:\/\/wegeblw.pl\/index.php\/wp-json\/wp\/v2\/product_cat?post=5035"},{"taxonomy":"product_tag","embeddable":true,"href":"https:\/\/wegeblw.pl\/index.php\/wp-json\/wp\/v2\/product_tag?post=5035"}],"curies":[{"name":"wp","href":"https:\/\/api.w.org\/{rel}","templated":true}]}}