{"id":5039,"date":"2018-06-20T09:19:00","date_gmt":"2018-06-20T07:19:00","guid":{"rendered":"https:\/\/wegeblw.pl\/index.php\/produkt\/pucio-uczy-sie-mowic-zabawy-dzwiekonasladowcze-atrakcyjne-promocje-wysylka-juz-od-399-zl\/"},"modified":"2026-04-07T03:12:07","modified_gmt":"2026-04-07T01:12:07","slug":"pucio-uczy-sie-mowic-zabawy-dzwiekonasladowcze-atrakcyjne-promocje-wysylka-juz-od-399-zl","status":"publish","type":"product","link":"https:\/\/wegeblw.pl\/index.php\/produkt\/pucio-uczy-sie-mowic-zabawy-dzwiekonasladowcze-atrakcyjne-promocje-wysylka-juz-od-399-zl\/","title":{"rendered":"Pucio uczy si\u0119 m\u00f3wi\u0107. Zabawy d\u017awi\u0119kona\u015bladowcze- Atrakcyjne promocje, wysy\u0142ka ju\u017c od 3,99 z\u0142"},"content":{"rendered":"<p>Carrera CA 8822 10GRozmiar: 56<\/p>\n<p>Okulary oprawki i szk\u0142a<\/p>\n<p>spf 20, hydrolizat bia\u0142ka kolagenowego, czy mo\u017cna przedawkowa\u0107 witamin\u0119 c, multiwitamina complex, makaron z zielonym groszkiem, frogg, mas\u0142o ro\u015blinne w kostce, sok z granatow<\/p>\n<p>yyyyy<\/p>\n","protected":false},"excerpt":{"rendered":"<p>Carrera CA 8822 10GRozmiar: 56 Okulary oprawki i szk\u0142a spf 20, hydrolizat bia\u0142ka kolagenowego, czy mo\u017cna przedawkowa\u0107 witamin\u0119 c, multiwitamina&hellip;<\/p>\n","protected":false},"featured_media":5040,"comment_status":"closed","ping_status":"open","template":"","meta":[],"product_cat":[375],"product_tag":[847,796,801],"class_list":["post-5039","product","type-product","status-publish","has-post-thumbnail","hentry","product_cat-podreczniki-szkolne","product_tag-czym-zastapic-nabial","product_tag-pasta-misi","product_tag-warzywa-ekologiczne"],"_links":{"self":[{"href":"https:\/\/wegeblw.pl\/index.php\/wp-json\/wp\/v2\/product\/5039","targetHints":{"allow":["GET"]}}],"collection":[{"href":"https:\/\/wegeblw.pl\/index.php\/wp-json\/wp\/v2\/product"}],"about":[{"href":"https:\/\/wegeblw.pl\/index.php\/wp-json\/wp\/v2\/types\/product"}],"replies":[{"embeddable":true,"href":"https:\/\/wegeblw.pl\/index.php\/wp-json\/wp\/v2\/comments?post=5039"}],"wp:featuredmedia":[{"embeddable":true,"href":"https:\/\/wegeblw.pl\/index.php\/wp-json\/wp\/v2\/media\/5040"}],"wp:attachment":[{"href":"https:\/\/wegeblw.pl\/index.php\/wp-json\/wp\/v2\/media?parent=5039"}],"wp:term":[{"taxonomy":"product_cat","embeddable":true,"href":"https:\/\/wegeblw.pl\/index.php\/wp-json\/wp\/v2\/product_cat?post=5039"},{"taxonomy":"product_tag","embeddable":true,"href":"https:\/\/wegeblw.pl\/index.php\/wp-json\/wp\/v2\/product_tag?post=5039"}],"curies":[{"name":"wp","href":"https:\/\/api.w.org\/{rel}","templated":true}]}}