{"id":5055,"date":"2019-12-01T09:53:03","date_gmt":"2019-12-01T08:53:03","guid":{"rendered":"https:\/\/wegeblw.pl\/index.php\/produkt\/kapiel-liesbet-slegers\/"},"modified":"2026-04-07T01:10:38","modified_gmt":"2026-04-06T23:10:38","slug":"kapiel-liesbet-slegers","status":"publish","type":"product","link":"https:\/\/wegeblw.pl\/index.php\/produkt\/kapiel-liesbet-slegers\/","title":{"rendered":"K\u0105piel &#8211; Liesbet Slegers"},"content":{"rendered":"<p>ETUI FUTERA\u0141 NA DZIECI\u0118CEOKULARY SC-10A<\/p>\n<p>Akcesoria do okular\u00f3w<\/p>\n<p>l theanina, sheik bananowy, chleb na proszku do pieczenia, b 50, ketchup premium, m\u0105ka razowa cena, galart, chleb orkiszowy na zakwasie<\/p>\n<p>yyyyy<\/p>\n","protected":false},"excerpt":{"rendered":"<p>ETUI FUTERA\u0141 NA DZIECI\u0118CEOKULARY SC-10A Akcesoria do okular\u00f3w l theanina, sheik bananowy, chleb na proszku do pieczenia, b 50, ketchup&hellip;<\/p>\n","protected":false},"featured_media":5056,"comment_status":"closed","ping_status":"open","template":"","meta":[],"product_cat":[378],"product_tag":[864,723,709,769,703],"class_list":["post-5055","product","type-product","status-publish","has-post-thumbnail","hentry","product_cat-literatura-dla-dzieci-i-mlodziezy","product_tag-benjamissimo-happy-edition-curcuma-ginger-lemon","product_tag-guar","product_tag-maka-orkiszowa-zastosowanie","product_tag-mieso-mielone-wege","product_tag-por"],"_links":{"self":[{"href":"https:\/\/wegeblw.pl\/index.php\/wp-json\/wp\/v2\/product\/5055","targetHints":{"allow":["GET"]}}],"collection":[{"href":"https:\/\/wegeblw.pl\/index.php\/wp-json\/wp\/v2\/product"}],"about":[{"href":"https:\/\/wegeblw.pl\/index.php\/wp-json\/wp\/v2\/types\/product"}],"replies":[{"embeddable":true,"href":"https:\/\/wegeblw.pl\/index.php\/wp-json\/wp\/v2\/comments?post=5055"}],"wp:featuredmedia":[{"embeddable":true,"href":"https:\/\/wegeblw.pl\/index.php\/wp-json\/wp\/v2\/media\/5056"}],"wp:attachment":[{"href":"https:\/\/wegeblw.pl\/index.php\/wp-json\/wp\/v2\/media?parent=5055"}],"wp:term":[{"taxonomy":"product_cat","embeddable":true,"href":"https:\/\/wegeblw.pl\/index.php\/wp-json\/wp\/v2\/product_cat?post=5055"},{"taxonomy":"product_tag","embeddable":true,"href":"https:\/\/wegeblw.pl\/index.php\/wp-json\/wp\/v2\/product_tag?post=5055"}],"curies":[{"name":"wp","href":"https:\/\/api.w.org\/{rel}","templated":true}]}}