{"id":5059,"date":"2023-08-16T16:36:56","date_gmt":"2023-08-16T14:36:56","guid":{"rendered":"https:\/\/wegeblw.pl\/?post_type=product&#038;p=5059"},"modified":"2026-04-08T06:34:30","modified_gmt":"2026-04-08T04:34:30","slug":"systemy-wspomagania-decyzji","status":"publish","type":"product","link":"https:\/\/wegeblw.pl\/index.php\/produkt\/systemy-wspomagania-decyzji\/","title":{"rendered":"Systemy wspomagania decyzji"},"content":{"rendered":"<p>Literatura sensacyjna i grozy<\/p>\n<p>chlebowy do picia, barszcz z butelki, sza\u0142wia na b\u00f3l brzucha, mucha w uchu, herbata zielona z mi\u0119t\u0105, przyprawa do ryb, dieta przyk\u0142adowa, makaron duze muszle, pomys\u0142 na makaron ry\u017cowy, czym zast\u0105pi\u0107 skrobi\u0119 ziemniaczan\u0105<\/p>\n<p>yyyyy<\/p>\n","protected":false},"excerpt":{"rendered":"<p>Literatura sensacyjna i grozy chlebowy do picia, barszcz z butelki, sza\u0142wia na b\u00f3l brzucha, mucha w uchu, herbata zielona z&hellip;<\/p>\n","protected":false},"featured_media":5060,"comment_status":"closed","ping_status":"open","template":"","meta":[],"product_cat":[376],"product_tag":[751,864,679,853,765],"class_list":["post-5059","product","type-product","status-publish","has-post-thumbnail","hentry","product_cat-poradniki-psychologiczne","product_tag-24-organic","product_tag-benjamissimo-happy-edition-curcuma-ginger-lemon","product_tag-dynia-hokkaido","product_tag-makaron-0-kcal","product_tag-makaron-bez-kalorii"],"_links":{"self":[{"href":"https:\/\/wegeblw.pl\/index.php\/wp-json\/wp\/v2\/product\/5059","targetHints":{"allow":["GET"]}}],"collection":[{"href":"https:\/\/wegeblw.pl\/index.php\/wp-json\/wp\/v2\/product"}],"about":[{"href":"https:\/\/wegeblw.pl\/index.php\/wp-json\/wp\/v2\/types\/product"}],"replies":[{"embeddable":true,"href":"https:\/\/wegeblw.pl\/index.php\/wp-json\/wp\/v2\/comments?post=5059"}],"wp:featuredmedia":[{"embeddable":true,"href":"https:\/\/wegeblw.pl\/index.php\/wp-json\/wp\/v2\/media\/5060"}],"wp:attachment":[{"href":"https:\/\/wegeblw.pl\/index.php\/wp-json\/wp\/v2\/media?parent=5059"}],"wp:term":[{"taxonomy":"product_cat","embeddable":true,"href":"https:\/\/wegeblw.pl\/index.php\/wp-json\/wp\/v2\/product_cat?post=5059"},{"taxonomy":"product_tag","embeddable":true,"href":"https:\/\/wegeblw.pl\/index.php\/wp-json\/wp\/v2\/product_tag?post=5059"}],"curies":[{"name":"wp","href":"https:\/\/api.w.org\/{rel}","templated":true}]}}