{"id":5063,"date":"2013-07-23T06:47:30","date_gmt":"2013-07-23T04:47:30","guid":{"rendered":"https:\/\/wegeblw.pl\/index.php\/produkt\/elastyczne-nawyki-jak-ksztaltowac-dobre-nawyki-w-zyciu-pelnym-zmian\/"},"modified":"2026-04-07T01:31:30","modified_gmt":"2026-04-06T23:31:30","slug":"elastyczne-nawyki-jak-ksztaltowac-dobre-nawyki-w-zyciu-pelnym-zmian","status":"publish","type":"product","link":"https:\/\/wegeblw.pl\/index.php\/produkt\/elastyczne-nawyki-jak-ksztaltowac-dobre-nawyki-w-zyciu-pelnym-zmian\/","title":{"rendered":"Elastyczne nawyki. Jak kszta\u0142towa\u0107 dobre nawyki w \u017cyciu pe\u0142nym zmian"},"content":{"rendered":"<p>BCAA MEGA CAPS- NAJSILNIEJSZE I NAJBARDZIEJ SKONCENTROWANE AMINOKWASY ROZGA\u0141\u0118ZIONE NA \u015aWIECIE !! 1100 mg BCAA w 1 KAPSU\u0141CE !! KA\u017bDA KAPSU\u0141KA olimp BCAA MEGA CAPS ZAWIERA PONAD DWA RAZY WI\u0118CEJ AMINOKWAS\u00d3W BCAA NI\u017b PRODUKTY KONKURENCYJNE ! SPRAWD\u017b !Extra PromocjaKupujesz 6 blistr\u00f3w w cenie 5!!!180 kapsu\u0142ek za jedyne 43,65 z\u0142!!BCAA MEGA CAPS- Wyj\u0105tkowo silnie skoncentrowana komsorycja krystalicznych, farmaceutycznych aminokwas\u00f3w rozga\u0142\u0119zionych BCAA (leucyny, waliny i izoleucyny) w stosunku 2:1:1 wzbogacona dodatkowo witamin\u0105 B6. BCAA &#8211; podobnie, jak witaminy, nale\u017c\u0105 do substancji egzogennych, co oznacza, \u017ce musz\u0105 by\u0107 dostarczane z po\u017cywieniem. Spe\u0142niaj\u0105 one bardzo wa\u017cne funkcje fizjologiczne, tj. budulcowe, energetyczne i regulacyjne: &#8211; stanowi\u0105 ok. 35-40% tkanki mi\u0119\u015bniowej organizmu; &#8211; jako jedyny, niemo\u017cliwy do zast\u0105pienia substrat energetyczny, \u0142\u0105cz\u0105 szybki nieekonomiczny metabolizm glukozy z wolnym ekonomicznym metabolizmem kwas\u00f3w t\u0142uszczowych; ten kierunek dzia\u0142ania nabiera szczeg\u00f3lnego znaczenia w trakcie wysi\u0142ku, szczeg\u00f3lnie interwa\u0142owego &#8211; o zmiennej intensywno\u015bci &#8211; takiego, z jakim mamy do czynienia w wielu dyscyplinach sportowych, w treningach kulturystycznych i na zaj\u0119ciach fitness; &#8211; ograniczaj\u0105 rozpad(katabolizm) i nasilaj\u0105 odbudow\u0119(anabolizm) bia\u0142ek &#8211; poprawiaj\u0105 bilans azotowy, dzi\u0119ki czemu przyspieszaj\u0105 adaptacj\u0119 wysi\u0142kow\u0105 sportowc\u00f3w, szczeg\u00f3lnie w dyscyplinach si\u0142owych, szybko\u015bciowo &#8211; si\u0142owych i wytrzyma\u0142o\u015bciowo &#8211; si\u0142owych BCAA reguluj\u0105 gospodark\u0119 t\u0142uszczow\u0105 i w\u0119glowodanow\u0105 &#8211; pot\u0119guj\u0105 rozpad i utrudniaj\u0105 gromadzenie si\u0119 w organizmie t\u0142uszczu zapasowego. Intensyfikacja przemian t\u0142uszczowych przez wolne BCAA, odbywa si\u0119 zar\u00f3wno na soriomie regulacji og\u00f3lnoustrojowej, jak te\u017c na soriomie metabolizmu tkanki mi\u0119\u015bniowej i t\u0142uszczowej &#8211; jest to zjawisko adaptacyjne, umo\u017cliwiaj\u0105ce zachowanie r\u00f3wnowagi \u017cyciowej, w g\u0142odzie i podczas d\u0142ugiej wyt\u0119\u017conej pracy. Zapotrzebowanie na BCAA wzrasta znacz\u0105co w trakcie i po wysi\u0142kach fizycznych, w stresie, w drugiej po\u0142owie \u017cycia (po 40 &#8211; stce) oraz w dietach redukcyjnych (odchudzaj\u0105cych).OLIMP BCAA MEGA CAPS TO NAJWI\u0118KSZA NA \u015aWIECIE DAWKA FARMACEUTYCZNYCH AMINOKWAS\u00d3W ZAWARTA W JEDNEJ KAPSU\u0141CE !!ZASTOSOWANIEOlimp BCAA MEGA CAPS polecamy: &#8211; sportowcom wyczynowym i \u0107wicz\u0105cym rekreacyjnie, dla zabezpieczenia energetyki pracy, przyspieszenia regeneracji powysi\u0142kowej oraz poprawy si\u0142y, masy i wytrzyma\u0142o\u015bci mi\u0119\u015bni szkieletowych; &#8211; osobom z nadmiarem tkanki t\u0142uszczowej dla przyspieszenia efekt\u00f3w odchudzania i stabilizacji niskiego soriomu wagi.SPOS\u00d3B U\u017bYCIAZalecana dzienna porcja: 5 kapsu\u0142ek 3 razy dziennie przed \u015bniadaniem, przed treningiem, po treningu lub przed snem. Warto\u015b\u0107 od\u017cywcza 3 kapsu\u0142ki15 kapsu\u0142ekna 100 gWarto\u015b\u0107 energetyczna67,7 kJ \/ 16,2 kcal541,73 kJ \/ 129,6 kcal1655 kJ \/ 396 kcalBia\u0142ko w tym:BCAA* 3,9 g3,3 g 19,5 g16,5 g97,46 g84,77 gw tym:* L-leucyna 1,65 g8,25 g 42,24 g* L-walina0,825 g4,125 g21,12g* L-izoleucyna0,825 g4,125 g21,12 gW\u0119glowodany0,06 g0,30 g1,55 gT\u0142uszcz0,0 g0,0 g0,0 gwit. B60,78mg(39 % ZDS**) 3,90 mg (195 % ZDS**)20mg<\/p>\n<p>Aminokwasy i glutaminy<\/p>\n<p>produkty dietetyczne, shot kolagenowy, czarnuszka jak stosowa\u0107, akapulko, od\u017cywka kokosowa do w\u0142os\u00f3w, nat vita, kasza manna bez glutenu, \u015brodki czysto\u015bci wroc\u0142aw, przyprawa o ostrym smaku, bia\u0142y ry\u017c, ok\u0142ady z \u017cywokostu, czy pra\u017cony s\u0142onecznik jest zdrowy, woda henryk, makaron z m\u0105ki \u017cytniej, os\u0142ona pnia drzewa, jakie przyprawy do og\u00f3rk\u00f3w kiszonych, mgie\u0142ka solankowa ile razy dziennie<\/p>\n<p><a href=\"https:\/\/krolewskie-miody.pl\/miod-na-twarz-i-wlosy-pielegnacyjne-zastosowanie-miodu\/\">mi\u00f3d na twarz<\/a><\/p>\n","protected":false},"excerpt":{"rendered":"<p>BCAA MEGA CAPS- NAJSILNIEJSZE I NAJBARDZIEJ SKONCENTROWANE AMINOKWASY ROZGA\u0141\u0118ZIONE NA \u015aWIECIE !! 1100 mg BCAA w 1 KAPSU\u0141CE !! KA\u017bDA&hellip;<\/p>\n","protected":false},"featured_media":5064,"comment_status":"closed","ping_status":"open","template":"","meta":[],"product_cat":[376],"product_tag":[734,709,853],"class_list":["post-5063","product","type-product","status-publish","has-post-thumbnail","hentry","product_cat-poradniki-psychologiczne","product_tag-derma-sklep","product_tag-maka-orkiszowa-zastosowanie","product_tag-makaron-0-kcal"],"_links":{"self":[{"href":"https:\/\/wegeblw.pl\/index.php\/wp-json\/wp\/v2\/product\/5063","targetHints":{"allow":["GET"]}}],"collection":[{"href":"https:\/\/wegeblw.pl\/index.php\/wp-json\/wp\/v2\/product"}],"about":[{"href":"https:\/\/wegeblw.pl\/index.php\/wp-json\/wp\/v2\/types\/product"}],"replies":[{"embeddable":true,"href":"https:\/\/wegeblw.pl\/index.php\/wp-json\/wp\/v2\/comments?post=5063"}],"wp:featuredmedia":[{"embeddable":true,"href":"https:\/\/wegeblw.pl\/index.php\/wp-json\/wp\/v2\/media\/5064"}],"wp:attachment":[{"href":"https:\/\/wegeblw.pl\/index.php\/wp-json\/wp\/v2\/media?parent=5063"}],"wp:term":[{"taxonomy":"product_cat","embeddable":true,"href":"https:\/\/wegeblw.pl\/index.php\/wp-json\/wp\/v2\/product_cat?post=5063"},{"taxonomy":"product_tag","embeddable":true,"href":"https:\/\/wegeblw.pl\/index.php\/wp-json\/wp\/v2\/product_tag?post=5063"}],"curies":[{"name":"wp","href":"https:\/\/api.w.org\/{rel}","templated":true}]}}