{"id":5089,"date":"2014-01-23T05:37:47","date_gmt":"2014-01-23T04:37:47","guid":{"rendered":"https:\/\/wegeblw.pl\/index.php\/produkt\/domowa-spizarnia-zdrowia-zbigniew-t-nowak\/"},"modified":"2026-04-07T01:20:36","modified_gmt":"2026-04-06T23:20:36","slug":"domowa-spizarnia-zdrowia-zbigniew-t-nowak","status":"publish","type":"product","link":"https:\/\/wegeblw.pl\/index.php\/produkt\/domowa-spizarnia-zdrowia-zbigniew-t-nowak\/","title":{"rendered":"Domowa spi\u017carnia zdrowia &#8211; Zbigniew T. Nowak"},"content":{"rendered":"<p>Rewolucja w mobilnym zasilaniu &#8211; energia zawsze tam, gdzie tego potrzebujesz &#8211; w domu i w terenie, dzi\u0119ki stacji ECO FLOW River 600. Niewielkie rozmiary, pe\u0142na mobilno\u015b\u0107 i \u0142atwo\u015b\u0107 u\u017cycia wyr\u00f3\u017cniaj\u0105 produkty ECO FLOW. Seria River 600 cechuje si\u0119 modu\u0142ow\u0105 budow\u0105 &#8211; dostosuj produkt ECO FLOW do swoich potrzeb, by osi\u0105gn\u0105\u0107 nowy poziom wydajno\u015bci. Akumulatorowe stacje zasilania s\u0105 \u0142atwe w u\u017cyciu, a koszty u\u017cytkowania s\u0105 o 30% mniejsze ni\u017c w przypadku generator\u00f3w zasilanych benzyn\u0105. Mo\u017cna ich bezpiecznie u\u017cywa\u0107 w pomieszczeniach zamkni\u0119tych, gdy\u017c nie generuj\u0105 ha\u0142asu czy spalin. Pod\u0142\u0105cz stacj\u0119 River 600 do gniazdka lub paneli fotowoltaicznych, by zacz\u0119\u0142a si\u0119 \u0142adowa\u0107 &#8211; to takie proste.                            <\/p>\n<p>WIELE MO\u017bLIWO\u015aCIZabierz River 600 w teren i ciesz si\u0119 dost\u0119pem do energii nawet w czasie aktywno\u015bci outdoorowych. B\u0105d\u017a przygotowany na ka\u017cd\u0105 nieprzewidzian\u0105 sytuacj\u0119, nie pozw\u00f3l, aby brak zasilania ogranicza\u0142 Twoj\u0105 wolno\u015b\u0107. Zasilaj r\u00f3\u017cnorodne sprz\u0119ty elektroniczne: telefony, laptopy, aparaty cyfrowe, telewizory, urz\u0105dzenia medyczne czy o\u015bwietlenie. Dzi\u0119ki pojemno\u015bci 288Wh River 600 mo\u017ce zasila\u0107 przyk\u0142adowo: \u015bwiat\u0142o (10W) przez oko\u0142o 12 godzin czy lod\u00f3wk\u0119 (150W) przez 2-4 godziny. Doskonale sprawdzi si\u0119 w przypadku przerw w zasilaniu sieciowym.                            <\/p>\n<p>NIEOGRANICZONA ENERGIA S\u0141ONECZNAPod\u0142\u0105cz River 600 do paneli fotowoltaicznych i korzystaj z nieograniczonej mocy energii s\u0142onecznej. Przy odpowiedniej pogodzie, panele o mocy 200W s\u0105 w stanie na\u0142adowa\u0107 stacj\u0119 w mniej ni\u017c 2 godziny. Dedykowane panele ECO FLOW gwarantuj\u0105 nie tylko pe\u0142n\u0105 kompatybilno\u015b\u0107, ale i niespotykan\u0105 wydajno\u015b\u0107.                            <\/p>\n<p>ZAAWANSOWANA TECHNOLOGIE X-BOOST I X-STREAMNawet urz\u0105dzenia o du\u017cej mocy mog\u0105 wsp\u00f3\u0142pracowa\u0107 ze stacj\u0105 River 600 dzi\u0119ki zastosowaniu technologii X-Boost, kt\u00f3ra odpowiednio reguluje napi\u0119cie, zapewniaj\u0105c bezpiecze\u0144stwo i efektywno\u015b\u0107 pracy. Technologia X-Stream gwarantuje szybkie \u0142adowanie River 600 &#8211; od 0 do poziomu 80% w przeci\u0105gu godziny. Pe\u0142n\u0105 moc stacja osi\u0105ga ju\u017c po dw\u00f3ch godzinach \u0142adowania (za pomoc\u0105 gniazdka sieciowego).                            <\/p>\n<p>INTELIGENTNY SYSTEM ZARZ\u0104DZANIASystem zarz\u0105dzania akumulatorami, opracowany przez ECO FLOW ma na celu maksymalizacj\u0119 wydajno\u015bci, podniesienie efektywno\u015bci i wyd\u0142u\u017cenie cyklu \u017cyciowego produktu. Kontroluje prac\u0119 wszystkich akumulator\u00f3w wewn\u0105trz urz\u0105dzenia. Algorytmy sztucznej inteligencji poprawiaj\u0105 wydajno\u015b\u0107 ka\u017cdego ogniwa z osobna.<\/p>\n<p>Zasilacze awaryjne UPS<\/p>\n<p>oliwki indeks glikemiczny, na co mi\u00f3d rzepakowy, m\u0105ka \u017cytnia kcal, czy m\u0105ka i skrobia ziemniaczana to to samo, powi\u0119kszone w\u0119z\u0142y ch\u0142onne na tle nerwowym, glukonian miedzi, konjac pasta<\/p>\n<p>yyyyy<\/p>\n","protected":false},"excerpt":{"rendered":"<p>Rewolucja w mobilnym zasilaniu &#8211; energia zawsze tam, gdzie tego potrzebujesz &#8211; w domu i w terenie, dzi\u0119ki stacji ECO&hellip;<\/p>\n","protected":false},"featured_media":5090,"comment_status":"closed","ping_status":"open","template":"","meta":[],"product_cat":[374],"product_tag":[805,657,698],"class_list":["post-5089","product","type-product","status-publish","has-post-thumbnail","hentry","product_cat-zdrowie-i-diety","product_tag-czy-makaron-sojowy-jest-zdrowy","product_tag-filet-z-indyka","product_tag-kurczak-ekologiczny"],"_links":{"self":[{"href":"https:\/\/wegeblw.pl\/index.php\/wp-json\/wp\/v2\/product\/5089","targetHints":{"allow":["GET"]}}],"collection":[{"href":"https:\/\/wegeblw.pl\/index.php\/wp-json\/wp\/v2\/product"}],"about":[{"href":"https:\/\/wegeblw.pl\/index.php\/wp-json\/wp\/v2\/types\/product"}],"replies":[{"embeddable":true,"href":"https:\/\/wegeblw.pl\/index.php\/wp-json\/wp\/v2\/comments?post=5089"}],"wp:featuredmedia":[{"embeddable":true,"href":"https:\/\/wegeblw.pl\/index.php\/wp-json\/wp\/v2\/media\/5090"}],"wp:attachment":[{"href":"https:\/\/wegeblw.pl\/index.php\/wp-json\/wp\/v2\/media?parent=5089"}],"wp:term":[{"taxonomy":"product_cat","embeddable":true,"href":"https:\/\/wegeblw.pl\/index.php\/wp-json\/wp\/v2\/product_cat?post=5089"},{"taxonomy":"product_tag","embeddable":true,"href":"https:\/\/wegeblw.pl\/index.php\/wp-json\/wp\/v2\/product_tag?post=5089"}],"curies":[{"name":"wp","href":"https:\/\/api.w.org\/{rel}","templated":true}]}}