{"id":5095,"date":"2020-02-22T08:22:31","date_gmt":"2020-02-22T07:22:31","guid":{"rendered":"https:\/\/wegeblw.pl\/index.php\/produkt\/sposob-na-hashimoto-jak-w-31-dni-zwalczyc-karen-frazier\/"},"modified":"2026-04-08T07:54:53","modified_gmt":"2026-04-08T05:54:53","slug":"sposob-na-hashimoto-jak-w-31-dni-zwalczyc-karen-frazier","status":"publish","type":"product","link":"https:\/\/wegeblw.pl\/index.php\/produkt\/sposob-na-hashimoto-jak-w-31-dni-zwalczyc-karen-frazier\/","title":{"rendered":"Spos\u00f3b na Hashimoto. Jak w 31 dni zwalczy\u0107 &#8230; &#8211; Karen Frazier"},"content":{"rendered":"<p>Wyci\u0105g ostropestu 190mg karczoch 100 kaps. Aliness<\/p>\n<p>Pozosta\u0142e preparaty dla sportowc\u00f3w<\/p>\n<p>zinc forte, bajgiel, zamiennik jajka, zupa tajska ostra, macerat z marchwi, jod krystaliczny, olejki relaksacyjne, mleko na keto, fasola czerwona puszka, bataty czy ziemniaki<\/p>\n<p>yyyyy<\/p>\n","protected":false},"excerpt":{"rendered":"<p>Wyci\u0105g ostropestu 190mg karczoch 100 kaps. Aliness Pozosta\u0142e preparaty dla sportowc\u00f3w zinc forte, bajgiel, zamiennik jajka, zupa tajska ostra, macerat&hellip;<\/p>\n","protected":false},"featured_media":5096,"comment_status":"closed","ping_status":"open","template":"","meta":[],"product_cat":[374],"product_tag":[854,667,672,639,846],"class_list":["post-5095","product","type-product","status-publish","has-post-thumbnail","hentry","product_cat-zdrowie-i-diety","product_tag-ecomil","product_tag-makaron-sojowy-ig","product_tag-makaron-zero-kalorii","product_tag-organic-farma","product_tag-sekacz"],"_links":{"self":[{"href":"https:\/\/wegeblw.pl\/index.php\/wp-json\/wp\/v2\/product\/5095","targetHints":{"allow":["GET"]}}],"collection":[{"href":"https:\/\/wegeblw.pl\/index.php\/wp-json\/wp\/v2\/product"}],"about":[{"href":"https:\/\/wegeblw.pl\/index.php\/wp-json\/wp\/v2\/types\/product"}],"replies":[{"embeddable":true,"href":"https:\/\/wegeblw.pl\/index.php\/wp-json\/wp\/v2\/comments?post=5095"}],"wp:featuredmedia":[{"embeddable":true,"href":"https:\/\/wegeblw.pl\/index.php\/wp-json\/wp\/v2\/media\/5096"}],"wp:attachment":[{"href":"https:\/\/wegeblw.pl\/index.php\/wp-json\/wp\/v2\/media?parent=5095"}],"wp:term":[{"taxonomy":"product_cat","embeddable":true,"href":"https:\/\/wegeblw.pl\/index.php\/wp-json\/wp\/v2\/product_cat?post=5095"},{"taxonomy":"product_tag","embeddable":true,"href":"https:\/\/wegeblw.pl\/index.php\/wp-json\/wp\/v2\/product_tag?post=5095"}],"curies":[{"name":"wp","href":"https:\/\/api.w.org\/{rel}","templated":true}]}}