{"id":5123,"date":"2020-07-25T09:40:54","date_gmt":"2020-07-25T07:40:54","guid":{"rendered":"https:\/\/wegeblw.pl\/index.php\/produkt\/jak-pokonac-insulinoopornosc-glowna-przyczyne-chorob-naszych-czasow\/"},"modified":"2026-04-08T22:46:02","modified_gmt":"2026-04-08T20:46:02","slug":"jak-pokonac-insulinoopornosc-glowna-przyczyne-chorob-naszych-czasow","status":"publish","type":"product","link":"https:\/\/wegeblw.pl\/index.php\/produkt\/jak-pokonac-insulinoopornosc-glowna-przyczyne-chorob-naszych-czasow\/","title":{"rendered":"Jak pokona\u0107 insulinooporno\u015b\u0107, g\u0142\u00f3wn\u0105 przyczyn\u0119 chor\u00f3b naszych czas\u00f3w"},"content":{"rendered":"<p>Soczewki jednodniowe MyDay, 30 szt. -0.75<\/p>\n<p>Soczewki kontaktowe<\/p>\n<p>klopsy wegetarianskie, szklanki termiczne 300 ml, curry \u017c\u00f3\u0142te, dzienna dawka b\u0142onnika, yetba mate, komosa ry\u017cowa quinoa<\/p>\n<p>yyyyy<\/p>\n","protected":false},"excerpt":{"rendered":"<p>Soczewki jednodniowe MyDay, 30 szt. -0.75 Soczewki kontaktowe klopsy wegetarianskie, szklanki termiczne 300 ml, curry \u017c\u00f3\u0142te, dzienna dawka b\u0142onnika, yetba&hellip;<\/p>\n","protected":false},"featured_media":5124,"comment_status":"closed","ping_status":"open","template":"","meta":[],"product_cat":[374],"product_tag":[632,838,701],"class_list":["post-5123","product","type-product","status-publish","has-post-thumbnail","hentry","product_cat-zdrowie-i-diety","product_tag-komosa-ryzowa-jak-gotowac","product_tag-olej-kokosowy-rafinowany-czy-nierafinowany","product_tag-produkty-klasztorne"],"_links":{"self":[{"href":"https:\/\/wegeblw.pl\/index.php\/wp-json\/wp\/v2\/product\/5123","targetHints":{"allow":["GET"]}}],"collection":[{"href":"https:\/\/wegeblw.pl\/index.php\/wp-json\/wp\/v2\/product"}],"about":[{"href":"https:\/\/wegeblw.pl\/index.php\/wp-json\/wp\/v2\/types\/product"}],"replies":[{"embeddable":true,"href":"https:\/\/wegeblw.pl\/index.php\/wp-json\/wp\/v2\/comments?post=5123"}],"wp:featuredmedia":[{"embeddable":true,"href":"https:\/\/wegeblw.pl\/index.php\/wp-json\/wp\/v2\/media\/5124"}],"wp:attachment":[{"href":"https:\/\/wegeblw.pl\/index.php\/wp-json\/wp\/v2\/media?parent=5123"}],"wp:term":[{"taxonomy":"product_cat","embeddable":true,"href":"https:\/\/wegeblw.pl\/index.php\/wp-json\/wp\/v2\/product_cat?post=5123"},{"taxonomy":"product_tag","embeddable":true,"href":"https:\/\/wegeblw.pl\/index.php\/wp-json\/wp\/v2\/product_tag?post=5123"}],"curies":[{"name":"wp","href":"https:\/\/api.w.org\/{rel}","templated":true}]}}