{"id":5131,"date":"2013-04-29T19:40:14","date_gmt":"2013-04-29T17:40:14","guid":{"rendered":"https:\/\/wegeblw.pl\/index.php\/produkt\/szczesliwi-ktorzy-szukaja-prawdy-zeszyt-cwiczen-do-religii-dla-klasy-5-szkoly-podstawowej\/"},"modified":"2026-04-07T01:20:56","modified_gmt":"2026-04-06T23:20:56","slug":"szczesliwi-ktorzy-szukaja-prawdy-zeszyt-cwiczen-do-religii-dla-klasy-5-szkoly-podstawowej","status":"publish","type":"product","link":"https:\/\/wegeblw.pl\/index.php\/produkt\/szczesliwi-ktorzy-szukaja-prawdy-zeszyt-cwiczen-do-religii-dla-klasy-5-szkoly-podstawowej\/","title":{"rendered":"Szcz\u0119\u015bliwi, kt\u00f3rzy szukaj\u0105 prawdy. Zeszyt \u0107wicze\u0144 do religii dla klasy 5 szko\u0142y podstawowej"},"content":{"rendered":"<p>Popularne smakiBananBia\u0142a CzekoladaCaffe LatteCiastko z krememCzekoladaKokosPistacjaTiramisuTruskawka                            <\/p>\n<p>            BioTech USA Iso Whey Zero<\/p>\n<p>CZYSTO\u015a\u0106 PONAD WSZYSTKO\u00a0Od\u017cywka bia\u0142kowa Biotech Usa Iso Whey Zero 2270GIso Whey ZERO jest najczystszym izolatem bia\u0142ka serwatki (WPI) uzyskiwanym metod\u0105 CFM &#8211; mikrofiltracji przep\u0142ywu krzy\u017cowego, kt\u00f3ry naprawd\u0119 nie zawiera laktozy, t\u0142uszczy trans ani dodatkowego cukru. Iso Whey ZERO, podobnie jak wszystkie produkty BioTech USA,sk\u0142ada si\u0119 w 100 % z bezpiecznych, starannie dobranych sk\u0142adnik\u00f3w.NIEKT\u00d3RZY LUBI\u0104 BY\u0106 SZCZUPLI\u00a0Bardzo wysoka warto\u015b\u0107 biologiczna bia\u0142ek sprawia, \u017ce Iso Whey ZERO jest absolutnie unikalnym produktem firmy BioTech USA. Idealny dla sportowc\u00f3w, kt\u00f3rzy pragn\u0105 rozbudowa\u0107 bezt\u0142uszczow\u0105 mas\u0119 mi\u0119\u015bniow\u0105, poniewa\u017c bia\u0142ka przyczyniaj\u0105 si\u0119 do ich wzrostu i utrzymania.\u00a0KIEDY M\u00d3WIMY ZERO, MAMY NA MY\u015aLI ZERO\u00a0Iso Whey ZERO naprawd\u0119 zawiera ZERO w\u0119glowodan\u00f3w, ZERO t\u0142uszczu i ZERO dodatkowego cukru.Nie zawiera bezu\u017cytecznych ani ukrytych sk\u0142adnik\u00f3w od\u017cywczych, kt\u00f3re mog\u0105 by\u0107 przechowywane w organizmie w postaci t\u0142uszczu. Ka\u017cda porcja zawiera tylko 22 g czystego bia\u0142ka buduj\u0105cego mi\u0119\u015bnie.\u00a0WYSOKA ZAWARTO\u015a\u0106 BCAA, L-GLUTAMINY, EAA\u00a0Aminokwasy Iso Whey ZERO s\u0105 produkowane ze starannie dobranych \u017ar\u00f3de\u0142 bia\u0142ka i idealnie nadaj\u0105 si\u0119 do rozbudowy prawdziwych mi\u0119\u015bni.Suplement ten jest bogaty w BCAA, EAA(niezb\u0119dne aminokwasy) oraz L-glutamin\u0119, czyli najwa\u017cniejsze aminokwasy do budowy bezt\u0142uszczowej masy mi\u0119\u015bniowej.\u00a0Warto\u015bci od\u017cywcze mog\u0105 si\u0119 r\u00f3\u017cni\u0107 w zale\u017cno\u015bci od smaku.\u00a0<\/p>\n<p>Od\u017cywki bia\u0142kowe<\/p>\n<p>dzikie oregano w\u0142a\u015bciwo\u015bci, w\u0119glowodany to, czerwonokrzew herbata, yerba mate detox, \u017cywokost olejek, regeneracja w\u0105troby czas, gryczanki, marakuja z pestki, klasztorne smaki, zielona kawa gdzie kupi\u0107, morwa biala suszona, myd\u0142o rosyjskie, d3 k2 4000, piwo bezglutenowe bezalkoholowe, jedzenie z proszku, czekolada vivani, kasza jeczmienna, sok z klonu, bezglutenowe ciastka owsiane<\/p>\n<p>yyyyy<\/p>\n","protected":false},"excerpt":{"rendered":"<p>Popularne smakiBananBia\u0142a CzekoladaCaffe LatteCiastko z krememCzekoladaKokosPistacjaTiramisuTruskawka BioTech USA Iso Whey Zero CZYSTO\u015a\u0106 PONAD WSZYSTKO\u00a0Od\u017cywka bia\u0142kowa Biotech Usa Iso Whey Zero&hellip;<\/p>\n","protected":false},"featured_media":5132,"comment_status":"closed","ping_status":"open","template":"","meta":[],"product_cat":[375],"product_tag":[794,631,701,767],"class_list":["post-5131","product","type-product","status-publish","has-post-thumbnail","hentry","product_cat-podreczniki-szkolne","product_tag-awokado-hass","product_tag-isola-bio","product_tag-produkty-klasztorne","product_tag-quinoa-komosa-ryzowa"],"_links":{"self":[{"href":"https:\/\/wegeblw.pl\/index.php\/wp-json\/wp\/v2\/product\/5131","targetHints":{"allow":["GET"]}}],"collection":[{"href":"https:\/\/wegeblw.pl\/index.php\/wp-json\/wp\/v2\/product"}],"about":[{"href":"https:\/\/wegeblw.pl\/index.php\/wp-json\/wp\/v2\/types\/product"}],"replies":[{"embeddable":true,"href":"https:\/\/wegeblw.pl\/index.php\/wp-json\/wp\/v2\/comments?post=5131"}],"wp:featuredmedia":[{"embeddable":true,"href":"https:\/\/wegeblw.pl\/index.php\/wp-json\/wp\/v2\/media\/5132"}],"wp:attachment":[{"href":"https:\/\/wegeblw.pl\/index.php\/wp-json\/wp\/v2\/media?parent=5131"}],"wp:term":[{"taxonomy":"product_cat","embeddable":true,"href":"https:\/\/wegeblw.pl\/index.php\/wp-json\/wp\/v2\/product_cat?post=5131"},{"taxonomy":"product_tag","embeddable":true,"href":"https:\/\/wegeblw.pl\/index.php\/wp-json\/wp\/v2\/product_tag?post=5131"}],"curies":[{"name":"wp","href":"https:\/\/api.w.org\/{rel}","templated":true}]}}