{"id":5145,"date":"2013-02-01T21:45:51","date_gmt":"2013-02-01T20:45:51","guid":{"rendered":"https:\/\/wegeblw.pl\/index.php\/produkt\/usuwanie-bolu-stawow-i-kregoslupa-zgodnie-z-tradycyjna-medycyna-alpejska-manualne-zwiekszanie-elastycznosci-stawow-i-sciegien-za-pomoca-metody-skribb\/"},"modified":"2026-04-07T11:48:57","modified_gmt":"2026-04-07T09:48:57","slug":"usuwanie-bolu-stawow-i-kregoslupa-zgodnie-z-tradycyjna-medycyna-alpejska-manualne-zwiekszanie-elastycznosci-stawow-i-sciegien-za-pomoca-metody-skribb","status":"publish","type":"product","link":"https:\/\/wegeblw.pl\/index.php\/produkt\/usuwanie-bolu-stawow-i-kregoslupa-zgodnie-z-tradycyjna-medycyna-alpejska-manualne-zwiekszanie-elastycznosci-stawow-i-sciegien-za-pomoca-metody-skribb\/","title":{"rendered":"Usuwanie b\u00f3lu staw\u00f3w i kr\u0119gos\u0142upa zgodnie z Tradycyjn\u0105 Medycyn\u0105 Alpejsk\u0105. Manualne zwi\u0119kszanie elastyczno\u015bci staw\u00f3w i \u015bci\u0119gien za pomoc\u0105 metody Skribb"},"content":{"rendered":"<p>O Marc JacobsNasz wyb\u00f3r okular\u00f3w Marc Jacobs zaspokoi wszelkie gusta. Niezale\u017cnie od tego, czy lubisz prostok\u0105tne, okr\u0105g\u0142e lub oprawki &#8222;kocie oko&#8221;. Projekty Marca Jacoba zawsze s\u0105 osza\u0142amiaj\u0105ce i szykowne O tych okularach Oprawki kwadratowe doskonale sprawdz\u0105 si\u0119 w przypadku os\u00f3b o diamentowych, owalnych i okr\u0105g\u0142ych twarzach.Te okulary s\u0105 wyposa\u017cone w elastyczne zawiasy zausznik\u00f3w, co jest doskona\u0142ym elementem dla tych, kt\u00f3rzy cz\u0119sto zdejmuj\u0105 okulary!Czarne oprawki s\u0105 doskona\u0142ym wyborem zar\u00f3wno na co dzie\u0144, jak i od \u015bwi\u0119ta. Gwarantuj\u0105 ponadczasowy, elegancki styl.Materia\u0142em jest lekkie i wytrzyma\u0142e tworzywo sztuczne.Oprawki posiadaj\u0105 eleganckie, l\u015bni\u0105ce wyko\u0144czenie.<\/p>\n<p>Okulary oprawki i szk\u0142a<\/p>\n<p>olejek rycynowy na przebarwienia, semolina z pszenicy twardej, jak je\u015b\u0107 figi suszone, cykoria cena, li\u015b\u0107 laurowy do prania, zespol zollingera ellisona objawy, delikatesy 24, tw\u00f3j cel to hydrolight opinie, m\u0105ka razowa \u017cytnia, szparagi smak, alpro nie mleko sk\u0142ad, olejek.rycynowy, sanprobi stress opinie, antyoksydant, inna bajka<\/p>\n<p><a href=\"https:\/\/bialkowskaclinic.pl\/zabiegi\/laser-fotona-4d-timewalker\/\">https:\/\/bialkowskaclinic.pl\/zabiegi\/laser-fotona-4d-timewalker\/<\/a><\/p>\n","protected":false},"excerpt":{"rendered":"<p>O Marc JacobsNasz wyb\u00f3r okular\u00f3w Marc Jacobs zaspokoi wszelkie gusta. Niezale\u017cnie od tego, czy lubisz prostok\u0105tne, okr\u0105g\u0142e lub oprawki &#8222;kocie&hellip;<\/p>\n","protected":false},"featured_media":5146,"comment_status":"closed","ping_status":"open","template":"","meta":[],"product_cat":[374],"product_tag":[712,642,716,853],"class_list":["post-5145","product","type-product","status-publish","has-post-thumbnail","hentry","product_cat-zdrowie-i-diety","product_tag-dynia-pieczona","product_tag-granat","product_tag-leckers","product_tag-makaron-0-kcal"],"_links":{"self":[{"href":"https:\/\/wegeblw.pl\/index.php\/wp-json\/wp\/v2\/product\/5145","targetHints":{"allow":["GET"]}}],"collection":[{"href":"https:\/\/wegeblw.pl\/index.php\/wp-json\/wp\/v2\/product"}],"about":[{"href":"https:\/\/wegeblw.pl\/index.php\/wp-json\/wp\/v2\/types\/product"}],"replies":[{"embeddable":true,"href":"https:\/\/wegeblw.pl\/index.php\/wp-json\/wp\/v2\/comments?post=5145"}],"wp:featuredmedia":[{"embeddable":true,"href":"https:\/\/wegeblw.pl\/index.php\/wp-json\/wp\/v2\/media\/5146"}],"wp:attachment":[{"href":"https:\/\/wegeblw.pl\/index.php\/wp-json\/wp\/v2\/media?parent=5145"}],"wp:term":[{"taxonomy":"product_cat","embeddable":true,"href":"https:\/\/wegeblw.pl\/index.php\/wp-json\/wp\/v2\/product_cat?post=5145"},{"taxonomy":"product_tag","embeddable":true,"href":"https:\/\/wegeblw.pl\/index.php\/wp-json\/wp\/v2\/product_tag?post=5145"}],"curies":[{"name":"wp","href":"https:\/\/api.w.org\/{rel}","templated":true}]}}