{"id":5165,"date":"2017-05-22T14:39:21","date_gmt":"2017-05-22T12:39:21","guid":{"rendered":"https:\/\/wegeblw.pl\/index.php\/produkt\/bajka-uspokajanka-podworkowe-zwierzatka\/"},"modified":"2026-04-07T08:22:08","modified_gmt":"2026-04-07T06:22:08","slug":"bajka-uspokajanka-podworkowe-zwierzatka","status":"publish","type":"product","link":"https:\/\/wegeblw.pl\/index.php\/produkt\/bajka-uspokajanka-podworkowe-zwierzatka\/","title":{"rendered":"Bajka uspokajanka. Podw\u00f3rkowe zwierz\u0105tka"},"content":{"rendered":"<p>MEDSO CHELAT CYNK 15mg 30 tabletekW preparacie znajduje si\u0119 cynk w postaci wysoko przyswajalnego chelatu cynku. Cynk wspomaga prawid\u0142owe funkcjonowanie uk\u0142adu odporno\u015bciowego, przyczynia si\u0119 do utrzymania prawid\u0142owego stanu sk\u00f3ry, paznokci i w\u0142os\u00f3w. Ponadto pomaga w utrzymaniu prawid\u0142owego widzenia, poziomu testosteronu we krwi, prawid\u0142owej p\u0142odno\u015bci i funkcji rozrodczych. Korzystnie wp\u0142ywa na prawid\u0142owy metabolizm oraz utrzymania r\u00f3wnowagi kwasowo-zasadowej. Pomaga r\u00f3wnie\u017c w utrzymaniu prawid\u0142owego wzroku i prawid\u0142owego stanu ko\u015bci.1 tabletka zawiera: 15mg cynku (wysoko przyswajalnego chelatu cynku); 150% RWS &#8211; referencyjna warto\u015b\u0107 spo\u017cycia w ci\u0105gu dobyOpakowanie zawiera:30 tabletek, 2 blistry po 15tabletek &#8211; wystarcza na ca\u0142y miesi\u0105c stosowania.Zalecane dzienne spo\u017cycie: 1 tabletka na dob\u0119 w trakcie posi\u0142ku, popijaj\u0105c wod\u0105.Przeznaczenie: Preparat Przeznaczony jest dla os\u00f3b doros\u0142ych. Nie do spo\u017cycia przez dzieciPrzechowywanie: Nale\u017cy przechowywa\u0107 w suchym miejscu, w temperaturze pokojowej wspos\u00f3b niedost\u0119pny dla ma\u0142ych dzieci.<\/p>\n<p>Minera\u0142y i witaminy<\/p>\n<p>rybim, awokado sklep, kasza jaglana przeciwwskazania, sos waniliowy bez jajek, s\u0142onecznik nasiona, cytrynian czy jab\u0142czan magnezu, propolis na w\u0142osy, indeks glikemiczny daktyle<\/p>\n<p>yyyyy<\/p>\n","protected":false},"excerpt":{"rendered":"<p>MEDSO CHELAT CYNK 15mg 30 tabletekW preparacie znajduje si\u0119 cynk w postaci wysoko przyswajalnego chelatu cynku. Cynk wspomaga prawid\u0142owe funkcjonowanie&hellip;<\/p>\n","protected":false},"featured_media":5166,"comment_status":"closed","ping_status":"open","template":"","meta":[],"product_cat":[378],"product_tag":[661,755,845,792],"class_list":["post-5165","product","type-product","status-publish","has-post-thumbnail","hentry","product_cat-literatura-dla-dzieci-i-mlodziezy","product_tag-jak-ugotowac-komose-ryzowa","product_tag-olej-ryzowy-do-smazenia","product_tag-syrop-klonowy","product_tag-vigo"],"_links":{"self":[{"href":"https:\/\/wegeblw.pl\/index.php\/wp-json\/wp\/v2\/product\/5165","targetHints":{"allow":["GET"]}}],"collection":[{"href":"https:\/\/wegeblw.pl\/index.php\/wp-json\/wp\/v2\/product"}],"about":[{"href":"https:\/\/wegeblw.pl\/index.php\/wp-json\/wp\/v2\/types\/product"}],"replies":[{"embeddable":true,"href":"https:\/\/wegeblw.pl\/index.php\/wp-json\/wp\/v2\/comments?post=5165"}],"wp:featuredmedia":[{"embeddable":true,"href":"https:\/\/wegeblw.pl\/index.php\/wp-json\/wp\/v2\/media\/5166"}],"wp:attachment":[{"href":"https:\/\/wegeblw.pl\/index.php\/wp-json\/wp\/v2\/media?parent=5165"}],"wp:term":[{"taxonomy":"product_cat","embeddable":true,"href":"https:\/\/wegeblw.pl\/index.php\/wp-json\/wp\/v2\/product_cat?post=5165"},{"taxonomy":"product_tag","embeddable":true,"href":"https:\/\/wegeblw.pl\/index.php\/wp-json\/wp\/v2\/product_tag?post=5165"}],"curies":[{"name":"wp","href":"https:\/\/api.w.org\/{rel}","templated":true}]}}