{"id":5171,"date":"2013-08-23T20:44:36","date_gmt":"2013-08-23T18:44:36","guid":{"rendered":"https:\/\/wegeblw.pl\/index.php\/produkt\/happy-food-green-o-roslinnej-diecie-i-szczesliwym-zyciu\/"},"modified":"2026-04-09T06:07:20","modified_gmt":"2026-04-09T04:07:20","slug":"happy-food-green-o-roslinnej-diecie-i-szczesliwym-zyciu","status":"publish","type":"product","link":"https:\/\/wegeblw.pl\/index.php\/produkt\/happy-food-green-o-roslinnej-diecie-i-szczesliwym-zyciu\/","title":{"rendered":"Happy food green. O ro\u015blinnej diecie i szcz\u0119\u015bliwym \u017cyciu"},"content":{"rendered":"<p>Oprawy okularowe Burberry<\/p>\n<p>Okulary oprawki i szk\u0142a<\/p>\n<p>syrop daktylowy indeks glikemiczny, czy mak jest zdrowy, ghee, kalendarze adwentowe s\u0142odycze<\/p>\n<p><a href=\"https:\/\/kamieniarski.net\/uslugi-kamieniarskie-bydgoszcz\/\">zak\u0142ad kamieniarski bydgoszcz<\/a><\/p>\n","protected":false},"excerpt":{"rendered":"<p>Oprawy okularowe Burberry Okulary oprawki i szk\u0142a syrop daktylowy indeks glikemiczny, czy mak jest zdrowy, ghee, kalendarze adwentowe s\u0142odycze zak\u0142ad&hellip;<\/p>\n","protected":false},"featured_media":5172,"comment_status":"closed","ping_status":"open","template":"","meta":[],"product_cat":[374],"product_tag":[670,800,738,881,699],"class_list":["post-5171","product","type-product","status-publish","has-post-thumbnail","hentry","product_cat-zdrowie-i-diety","product_tag-czeslaw-lang-choroba","product_tag-isolabio","product_tag-mieso-bio","product_tag-sok-z-brzozy-cena","product_tag-sok-z-cytryn"],"_links":{"self":[{"href":"https:\/\/wegeblw.pl\/index.php\/wp-json\/wp\/v2\/product\/5171","targetHints":{"allow":["GET"]}}],"collection":[{"href":"https:\/\/wegeblw.pl\/index.php\/wp-json\/wp\/v2\/product"}],"about":[{"href":"https:\/\/wegeblw.pl\/index.php\/wp-json\/wp\/v2\/types\/product"}],"replies":[{"embeddable":true,"href":"https:\/\/wegeblw.pl\/index.php\/wp-json\/wp\/v2\/comments?post=5171"}],"wp:featuredmedia":[{"embeddable":true,"href":"https:\/\/wegeblw.pl\/index.php\/wp-json\/wp\/v2\/media\/5172"}],"wp:attachment":[{"href":"https:\/\/wegeblw.pl\/index.php\/wp-json\/wp\/v2\/media?parent=5171"}],"wp:term":[{"taxonomy":"product_cat","embeddable":true,"href":"https:\/\/wegeblw.pl\/index.php\/wp-json\/wp\/v2\/product_cat?post=5171"},{"taxonomy":"product_tag","embeddable":true,"href":"https:\/\/wegeblw.pl\/index.php\/wp-json\/wp\/v2\/product_tag?post=5171"}],"curies":[{"name":"wp","href":"https:\/\/api.w.org\/{rel}","templated":true}]}}