{"id":5175,"date":"2024-09-06T11:34:02","date_gmt":"2024-09-06T09:34:02","guid":{"rendered":"https:\/\/wegeblw.pl\/?post_type=product&#038;p=5175"},"modified":"2026-04-07T01:33:33","modified_gmt":"2026-04-06T23:33:33","slug":"erynie-marek-krajewski","status":"publish","type":"product","link":"https:\/\/wegeblw.pl\/index.php\/produkt\/erynie-marek-krajewski\/","title":{"rendered":"Erynie &#8211; Marek Krajewski"},"content":{"rendered":"<p>ACTINOVO LIPOSOMALNA KURKUMINA 100MLTechnologia liposomalna w produktach ActiNovo chroni substancje aktywn\u0105 przed rozpadem i dzia\u0142aniem enzym\u00f3w trawiennych oraz kwas\u00f3w \u017co\u0142\u0105dkowych. Liposomy ochraniaj\u0105 sk\u0142adniki aktywne w trakcie transportu przez uk\u0142ad pokarmowy do krwiobiegu, a dzi\u0119ki budowie zbli\u017conej do ludzkiej kom\u00f3rki maksymalizuj\u0105 wch\u0142anialno\u015b\u0107 bezpo\u015brednio do kom\u00f3rek.Liposomy to niewielkie kuliste struktury zbudowane z podw\u00f3jnej warstwy lipidowej (t\u0142uszczowej). Tworz\u0105 swego rodzaju ,,mikrokapsu\u0142ki&#8221;, w kt\u00f3rej mo\u017cna umie\u015bci\u0107 substancj\u0119 aktywn\u0105. W por\u00f3wnaniu do tradycyjnych metod suplementacji liposomy dostarczaj\u0105 wi\u0119cej substancji zawartej we wn\u0119trzu lipidowej otoczki do krwiobiegu i tym samym do kom\u00f3rek.Liposomy ActiNovo s\u0105 naturalne i bezpieczne, nie zawieraj\u0105 sztucznych substancji konserwuj\u0105cych, poprawiaj\u0105cych smak, s\u0142odzik\u00f3w, zb\u0119dnych wype\u0142niaczy, a tak\u017ce powszechnie stosowanej na rynku suplement\u00f3w diety lecytyny sojowej. Lecytyna s\u0142onecznikowa u\u017cyta przez nas do produkcji nie zosta\u0142a poddana modyfikacjom genetycznym.Preparaty dostarczaj\u0105 wy\u0142\u0105cznie to co jest potrzebne organizmowi do prawid\u0142owego funkcjonowania.KurkuminaKurkumina jest ekstraktem pochodz\u0105cym z korzenia ostry\u017cu d\u0142ugiego (\u0142ac. Curcuma longa)n nazywanego inaczej kurkum\u0105 lub szafranem indyjskim. Ro\u015blina jest uprawiana w Azji po\u0142udniowo-wschodniej, a przede wszystkim w Indiach. Kurkumina jest jednym z g\u0142\u00f3wnych sk\u0142adnik\u00f3w prozdrowotnych kurkumy, wykazuj\u0105ca szeroki zakres oddzia\u0142ywania na kom\u00f3rki i ca\u0142y organizm, co potwierdzaj\u0105 liczne publikacje naukowe.Preparat to wysokoskoncentrowany ekstrakt, kt\u00f3ry zosta\u0142 poddany standaryzacji na zawarto\u015b\u0107 a\u017c 95% kurkuminoid\u00f3w. Zwi\u0105zek ten nale\u017cy do polifenoli, a wi\u0119c silnych przeciwutleniaczy.Kurkumina wykazuje dzia\u0142anie przeciwzapalny, antybakteryjne i przeciwgrzybicze. Mo\u017ce hamowa\u0107 rozw\u00f3j wielu schorze\u0144 ze wzgl\u0119du na swoje w\u0142a\u015bciwo\u015bci antyoksydacyjne. Wspomaga prawid\u0142owe funkcjonowanie uk\u0142adu odporno\u015bciowego.Ekstrakt wspomaga r\u00f3wnie\u017c prawid\u0142owe dzia\u0142anie uk\u0142adu pokarmowego. Badania kliniczne dowodz\u0105, \u017ce kurkumina mo\u017ce zapobiega\u0107 zaburzeniom trawiennym zwi\u0105zanym ze wzd\u0119ciami. Dzia\u0142a ochronnie na \u017co\u0142\u0105dek i w\u0105trob\u0119, a tak\u017ce wp\u0142ywa pozytywnie na jej prac\u0119 (wspomaga prawid\u0142ow\u0105 produkcj\u0119 \u017c\u00f3\u0142ci &#8211; sk\u0142adnika uczestnicz\u0105cego w trawieniu t\u0142uszcz\u00f3w)Preparat zawierastandaryzowan\u0105 form\u0119 kurkuminy, sk\u0142adaj\u0105c\u0105 si\u0119 z jej trzech efektywnie dzia\u0142aj\u0105cych form:kurkumin\u0119bisdemetoksykurkuminydemetoksykurkuminyNaturalnie wyst\u0119puj\u0105ce pochodne kurkuminy, czyli bisdetoksy i demetoksy ze wzgl\u0119du na swoj\u0105 budow\u0119 chemiczn\u0105 wykazuj\u0105 wi\u0119ksz\u0105 stabilno\u015b\u0107 dzi\u0119ki czemu preparat wykazuje wy\u017csz\u0105 wch\u0142anialno\u015b\u0107 w por\u00f3wnaniu do standardowych produkt\u00f3w zawieraj\u0105cych kurkumin\u0119.Sk\u0142adniki: Woda, fosfolipidy (z lecytyny s\u0142onecznikowej NON-GMO), etanol 10%, ekstrakt z kurkumy standaryzowany na zawarto\u015b\u0107 minimum 95% kurkuminoid\u00f3w.Spos\u00f3b u\u017cycia:5 ml dziennie. Odmierzy\u0107 za pomoc\u0105 do\u0142\u0105czonej do zestawu miarki.Obj\u0119to\u015b\u0107 netto 100 ml = 20 porcji dziennych.Dzienna porcja zawiera:Ekstrakt z kurkumy 170 mgPrzechowywanie: Przechowywa\u0107 w temperaturze pokojowej, w spos\u00f3b niedost\u0119pny dla ma\u0142ych dzieci. Po otwarciu przechowywa\u0107 w lod\u00f3wce i spo\u017cy\u0107 w ci\u0105gu 3 miesi\u0119cy.Nie przekracza\u0107 zalecanej dziennej porcji do spo\u017cycia w ci\u0105gu dnia .Suplementy diety nie mog\u0105 by\u0107 stosowane jako substytut (zamiennik) zr\u00f3\u017cnicowanej diety. Nie zaleca si\u0119 kobietom w ci\u0105\u017cy, karmi\u0105cym oraz dzieciom.Dla utrzymania prawid\u0142owego stanu zdrowia nale\u017cy stosowa\u0107 zr\u00f3\u017cnicowan\u0105 diet\u0119 i prowadzi\u0107 zdrowy styl \u017cycia.Producent:PlantaCorp GmbH, Zippelhaus 6 20457 Hamburg<\/p>\n<p>Suplementy na wzrok i s\u0142uch<\/p>\n<p>zalety awokado, spirulina co to, mung beans, witamina liposomalna c, balsam nawilzajacy do bardzo suchej skory, sklep zielarski zakopane<\/p>\n<p>yyyyy<\/p>\n","protected":false},"excerpt":{"rendered":"<p>ACTINOVO LIPOSOMALNA KURKUMINA 100MLTechnologia liposomalna w produktach ActiNovo chroni substancje aktywn\u0105 przed rozpadem i dzia\u0142aniem enzym\u00f3w trawiennych oraz kwas\u00f3w \u017co\u0142\u0105dkowych.&hellip;<\/p>\n","protected":false},"featured_media":5176,"comment_status":"closed","ping_status":"open","template":"","meta":[],"product_cat":[383],"product_tag":[864,844,852,681,745],"class_list":["post-5175","product","type-product","status-publish","has-post-thumbnail","hentry","product_cat-literatura-sensacyjna-i-grozy","product_tag-benjamissimo-happy-edition-curcuma-ginger-lemon","product_tag-eko-mieso","product_tag-fenkul","product_tag-ser-klimek","product_tag-swieze-mleko"],"_links":{"self":[{"href":"https:\/\/wegeblw.pl\/index.php\/wp-json\/wp\/v2\/product\/5175","targetHints":{"allow":["GET"]}}],"collection":[{"href":"https:\/\/wegeblw.pl\/index.php\/wp-json\/wp\/v2\/product"}],"about":[{"href":"https:\/\/wegeblw.pl\/index.php\/wp-json\/wp\/v2\/types\/product"}],"replies":[{"embeddable":true,"href":"https:\/\/wegeblw.pl\/index.php\/wp-json\/wp\/v2\/comments?post=5175"}],"wp:featuredmedia":[{"embeddable":true,"href":"https:\/\/wegeblw.pl\/index.php\/wp-json\/wp\/v2\/media\/5176"}],"wp:attachment":[{"href":"https:\/\/wegeblw.pl\/index.php\/wp-json\/wp\/v2\/media?parent=5175"}],"wp:term":[{"taxonomy":"product_cat","embeddable":true,"href":"https:\/\/wegeblw.pl\/index.php\/wp-json\/wp\/v2\/product_cat?post=5175"},{"taxonomy":"product_tag","embeddable":true,"href":"https:\/\/wegeblw.pl\/index.php\/wp-json\/wp\/v2\/product_tag?post=5175"}],"curies":[{"name":"wp","href":"https:\/\/api.w.org\/{rel}","templated":true}]}}